{"id":404,"date":"2018-09-18T20:38:28","date_gmt":"2018-09-18T21:38:28","guid":{"rendered":"http:\/\/www.hoxfort.sk\/?page_id=404"},"modified":"2024-04-19T06:33:11","modified_gmt":"2024-04-19T07:33:11","slug":"eves-regisztracio","status":"publish","type":"page","link":"https:\/\/www.hoxfort.sk\/?page_id=404&lang=hu","title":{"rendered":"\u00c9VES REGISZTR\u00c1CI\u00d3"},"content":{"rendered":"<p><strong><span style=\"color: #ff0000;\">Ak nen\u00e1jdete potvrdzovac\u00ed email od n\u00e1s vo Va\u0161ej schr\u00e1nke v priebehu p\u00e1r dn\u00ed, skontrolujte pros\u00edm aj prie\u010dinok SPAM.<\/span><\/strong><\/p>\n<p><strong><span style=\"color: #ff0000;\">V pr\u00edpade, \u017ee va\u0161a registr\u00e1cia neprebehla \u00faspe\u0161ne, pros\u00edm, kontaktujte n\u00e1s na telef\u00f3nnom \u010d\u00edsle 0948 388 565<\/span><\/strong><\/p>\n\n<div class=\"wpcf7 no-js\" id=\"wpcf7-f445-o1\" lang=\"en-US\" dir=\"ltr\">\n<div class=\"screen-reader-response\"><p role=\"status\" aria-live=\"polite\" aria-atomic=\"true\"><\/p> <ul><\/ul><\/div>\n<form action=\"\/index.php?rest_route=%2Fwp%2Fv2%2Fpages%2F404#wpcf7-f445-o1\" method=\"post\" class=\"wpcf7-form init\" aria-label=\"Contact form\" novalidate=\"novalidate\" data-status=\"init\">\n<div style=\"display: none;\">\n<input type=\"hidden\" name=\"_wpcf7\" value=\"445\" \/>\n<input type=\"hidden\" name=\"_wpcf7_version\" value=\"5.8.3\" \/>\n<input type=\"hidden\" name=\"_wpcf7_locale\" value=\"en_US\" \/>\n<input type=\"hidden\" name=\"_wpcf7_unit_tag\" value=\"wpcf7-f445-o1\" \/>\n<input type=\"hidden\" name=\"_wpcf7_container_post\" value=\"0\" \/>\n<input type=\"hidden\" name=\"_wpcf7_posted_data_hash\" value=\"\" \/>\n<\/div>\n<p><label> Meno a priezvisko die\u0165ata<br \/>\n<span class=\"wpcf7-form-control-wrap\" data-name=\"MENOAPRIEZVISKODIEAA\"><input size=\"40\" class=\"wpcf7-form-control wpcf7-text wpcf7-validates-as-required\" aria-required=\"true\" aria-invalid=\"false\" value=\"\" type=\"text\" name=\"MENOAPRIEZVISKODIEAA\" \/><\/span><\/label>\n<\/p>\n<p><label> D\u00e1tum narodenia<br \/>\n<span class=\"wpcf7-form-control-wrap\" data-name=\"DNarodenia\"><input size=\"40\" class=\"wpcf7-form-control wpcf7-text wpcf7-validates-as-required\" aria-required=\"true\" aria-invalid=\"false\" value=\"\" type=\"text\" name=\"DNarodenia\" \/><\/span><\/label>\n<\/p>\n<p><label> Rodn\u00e9 \u010d\u00edslo<br \/>\n<span class=\"wpcf7-form-control-wrap\" data-name=\"Rodnslo\"><input size=\"40\" class=\"wpcf7-form-control wpcf7-text wpcf7-validates-as-required\" aria-required=\"true\" aria-invalid=\"false\" value=\"\" type=\"text\" name=\"Rodnslo\" \/><\/span><\/label>\n<\/p>\n<p><label> Trval\u00e9 bydlisko die\u0165a\u0165a<br \/>\nUlica, \u010d\u00edslo domu, PS\u010c, Mesto<br \/>\n<span class=\"wpcf7-form-control-wrap\" data-name=\"Trvalbydliskodieaa\"><textarea cols=\"40\" rows=\"10\" class=\"wpcf7-form-control wpcf7-textarea wpcf7-validates-as-required\" aria-required=\"true\" aria-invalid=\"false\" name=\"Trvalbydliskodieaa\"><\/textarea><\/span><\/label>\n<\/p>\n<p><label><br \/>\nOtec die\u0165a\u0165a<br \/>\nMeno a priezvisko<br \/>\n<span class=\"wpcf7-form-control-wrap\" data-name=\"Otecdieaa\"><input size=\"40\" class=\"wpcf7-form-control wpcf7-text wpcf7-validates-as-required\" aria-required=\"true\" aria-invalid=\"false\" value=\"\" type=\"text\" name=\"Otecdieaa\" \/><\/span><\/label><br \/>\n<label> Trval\u00e9 bydlisko otca<br \/>\nUlica, \u010d\u00edslo domu, PS\u010c, Mesto<br \/>\n<span class=\"wpcf7-form-control-wrap\" data-name=\"BOtca\"><textarea cols=\"40\" rows=\"10\" class=\"wpcf7-form-control wpcf7-textarea wpcf7-validates-as-required\" aria-required=\"true\" aria-invalid=\"false\" name=\"BOtca\"><\/textarea><\/span><\/label><br \/>\n<label> E-mail <span class=\"wpcf7-form-control-wrap\" data-name=\"emailotca\"><input size=\"40\" class=\"wpcf7-form-control wpcf7-email wpcf7-validates-as-required wpcf7-text wpcf7-validates-as-email\" aria-required=\"true\" aria-invalid=\"false\" value=\"\" type=\"email\" name=\"emailotca\" \/><\/span><\/label><br \/>\n<label> Tel. <span class=\"wpcf7-form-control-wrap\" data-name=\"telo\"><input size=\"40\" class=\"wpcf7-form-control wpcf7-text\" aria-invalid=\"false\" value=\"\" type=\"text\" name=\"telo\" \/><\/span><\/label>\n<\/p>\n<p><label><br \/>\nMatka die\u0165a\u0165a<br \/>\nMeno a priezvisko<br \/>\n<span class=\"wpcf7-form-control-wrap\" data-name=\"Mmatky\"><input size=\"40\" class=\"wpcf7-form-control wpcf7-text\" aria-invalid=\"false\" value=\"\" type=\"text\" name=\"Mmatky\" \/><\/span><\/label><br \/>\n<label> Trval\u00e9 bydlisko matky<br \/>\nUlica, \u010d\u00edslo domu, PS\u010c, Mesto<br \/>\n<span class=\"wpcf7-form-control-wrap\" data-name=\"BMatky\"><textarea cols=\"40\" rows=\"10\" class=\"wpcf7-form-control wpcf7-textarea wpcf7-validates-as-required\" aria-required=\"true\" aria-invalid=\"false\" name=\"BMatky\"><\/textarea><\/span><\/label><br \/>\n<label> E-mail <span class=\"wpcf7-form-control-wrap\" data-name=\"emailmatky\"><input size=\"40\" class=\"wpcf7-form-control wpcf7-email wpcf7-validates-as-required wpcf7-text wpcf7-validates-as-email\" aria-required=\"true\" aria-invalid=\"false\" value=\"\" type=\"email\" name=\"emailmatky\" \/><\/span><\/label><br \/>\n<label> Tel. <span class=\"wpcf7-form-control-wrap\" data-name=\"tmama\"><input size=\"40\" class=\"wpcf7-form-control wpcf7-text\" aria-invalid=\"false\" value=\"\" type=\"text\" name=\"tmama\" \/><\/span><\/label>\n<\/p>\n<p><label>Poveren\u00e9 osoby na vyzdvihnutie die\u0165a\u0165a<br \/>\n<span class=\"wpcf7-form-control-wrap\" data-name=\"PovereneO\"><textarea cols=\"40\" rows=\"10\" class=\"wpcf7-form-control wpcf7-textarea\" aria-invalid=\"false\" name=\"PovereneO\"><\/textarea><\/span><\/label>\n<\/p>\n<p style=\"color:red;\">De\u0165om je mo\u017en\u00e9 individu\u00e1lne objedna\u0165 stravu len vtedy, ak pos\u00fadenie<br \/>\nlek\u00e1ra so \u0161pecializ\u00e1ciou v pr\u00edslu\u0161nom \u0161pecializa\u010dnom odbore dokladuje,<br \/>\n\u017ee zdravotn\u00fd stav die\u0165a\u0165a vy\u017eaduje osobitn\u00e9 stravovanie.<br \/>\nPotvrdenie od lek\u00e1ra je potrebn\u00e9 posla\u0165 e-mailom na <b>finance@hoxfort.sk<\/b>\n<\/p>\n<p>V\u00fdber mo\u017enost\u00ed individu\u00e1lnej stravy<br \/>\n<span class=\"wpcf7-form-control-wrap\" data-name=\"Inalepok\"><span class=\"wpcf7-form-control wpcf7-acceptance optional\"><span class=\"wpcf7-list-item\"><input type=\"checkbox\" name=\"Inalepok\" value=\"1\" aria-invalid=\"false\" \/><\/span><\/span><\/span> Intolerancia na lepok<br \/>\n<span class=\"wpcf7-form-control-wrap\" data-name=\"Inalaktozu\"><span class=\"wpcf7-form-control wpcf7-acceptance optional\"><span class=\"wpcf7-list-item\"><input type=\"checkbox\" name=\"Inalaktozu\" value=\"1\" aria-invalid=\"false\" \/><\/span><\/span><\/span> Intolerancia na lakt\u00f3zu a mlieko<br \/>\n<span class=\"wpcf7-form-control-wrap\" data-name=\"Diabetes\"><span class=\"wpcf7-form-control wpcf7-acceptance optional\"><span class=\"wpcf7-list-item\"><input type=\"checkbox\" name=\"Diabetes\" value=\"1\" aria-invalid=\"false\" \/><\/span><\/span><\/span> Diabetes<br \/>\n<span class=\"wpcf7-form-control-wrap\" data-name=\"Nhistamin\"><span class=\"wpcf7-form-control wpcf7-acceptance optional\"><span class=\"wpcf7-list-item\"><input type=\"checkbox\" name=\"Nhistamin\" value=\"1\" aria-invalid=\"false\" \/><\/span><\/span><\/span> N\u00edzka histam\u00ednov\u00e1 intolerancia\n<\/p>\n<p>Z\u00e1konn\u00fd z\u00e1stupca<br \/>\n<span class=\"wpcf7-form-control-wrap\" data-name=\"zzmatka\"><span class=\"wpcf7-form-control wpcf7-acceptance optional\"><span class=\"wpcf7-list-item\"><input type=\"checkbox\" name=\"zzmatka\" value=\"1\" aria-invalid=\"false\" \/><\/span><\/span><\/span> MATKA<br \/>\n<span class=\"wpcf7-form-control-wrap\" data-name=\"zzotec\"><span class=\"wpcf7-form-control wpcf7-acceptance optional\"><span class=\"wpcf7-list-item\"><input type=\"checkbox\" name=\"zzotec\" value=\"1\" aria-invalid=\"false\" \/><\/span><\/span><\/span> OTEC\n<\/p>\n<p><span class=\"wpcf7-form-control-wrap\" data-name=\"zprihlaska\"><span class=\"wpcf7-form-control wpcf7-acceptance\"><span class=\"wpcf7-list-item\"><input type=\"checkbox\" name=\"zprihlaska\" value=\"1\" aria-invalid=\"false\" \/><\/span><\/span><\/span> Ja, z\u00e1konn\u00fd z\u00e1stupca die\u0165a\u0165a, t\u00fdmto z\u00e1v\u00e4zne prihlasujem svoje die\u0165a do zariadenia starostlivosti o\u00a0deti pred\u0161kolsk\u00e9ho veku s\u00a0n\u00e1zvom s\u00fakromn\u00e1 matersk\u00e1 \u0161kola HOXFORT, Kuku\u010d\u00ednova 6666, Dunajsk\u00e1 Streda.\n<\/p>\n<p><span class=\"wpcf7-form-control-wrap\" data-name=\"zsposobilost\"><span class=\"wpcf7-form-control wpcf7-acceptance\"><span class=\"wpcf7-list-item\"><input type=\"checkbox\" name=\"zsposobilost\" value=\"1\" aria-invalid=\"false\" \/><\/span><\/span><\/span> Prehlasujem, \u017ee moje die\u0165a je zdravotne sp\u00f4sobil\u00e9 na pobyt v\u00a0kolekt\u00edve det\u00ed a\u00a0doklad o\u00a0zdravotnom stave die\u0165a\u0165a predlo\u017e\u00edm v\u00a0de\u0148 n\u00e1stupu die\u0165a\u0165a do s\u00fakromnej materskej \u0161koly HOXFORT.\n<\/p>\n<p>[recaptcha size:compact]<br \/>\n<input class=\"wpcf7-form-control wpcf7-submit has-spinner\" type=\"submit\" value=\"Odo\u0161li\" \/>\n<\/p><div class=\"wpcf7-response-output\" aria-hidden=\"true\"><\/div>\n<\/form>\n<\/div>\n\n","protected":false},"excerpt":{"rendered":"","protected":false},"author":1,"featured_media":0,"parent":0,"menu_order":0,"comment_status":"closed","ping_status":"closed","template":"","meta":{"_monsterinsights_skip_tracking":false,"_monsterinsights_sitenote_active":false,"_monsterinsights_sitenote_note":"","_monsterinsights_sitenote_category":0,"footnotes":""},"_links":{"self":[{"href":"https:\/\/www.hoxfort.sk\/index.php?rest_route=\/wp\/v2\/pages\/404"}],"collection":[{"href":"https:\/\/www.hoxfort.sk\/index.php?rest_route=\/wp\/v2\/pages"}],"about":[{"href":"https:\/\/www.hoxfort.sk\/index.php?rest_route=\/wp\/v2\/types\/page"}],"author":[{"embeddable":true,"href":"https:\/\/www.hoxfort.sk\/index.php?rest_route=\/wp\/v2\/users\/1"}],"replies":[{"embeddable":true,"href":"https:\/\/www.hoxfort.sk\/index.php?rest_route=%2Fwp%2Fv2%2Fcomments&post=404"}],"version-history":[{"count":5,"href":"https:\/\/www.hoxfort.sk\/index.php?rest_route=\/wp\/v2\/pages\/404\/revisions"}],"predecessor-version":[{"id":1774,"href":"https:\/\/www.hoxfort.sk\/index.php?rest_route=\/wp\/v2\/pages\/404\/revisions\/1774"}],"wp:attachment":[{"href":"https:\/\/www.hoxfort.sk\/index.php?rest_route=%2Fwp%2Fv2%2Fmedia&parent=404"}],"curies":[{"name":"wp","href":"https:\/\/api.w.org\/{rel}","templated":true}]}}