{"id":400,"date":"2018-09-18T20:36:37","date_gmt":"2018-09-18T21:36:37","guid":{"rendered":"http:\/\/www.hoxfort.sk\/?page_id=400"},"modified":"2025-01-20T13:33:58","modified_gmt":"2025-01-20T14:33:58","slug":"informaciok-szuloknek","status":"publish","type":"page","link":"https:\/\/www.hoxfort.sk\/?page_id=400&lang=hu","title":{"rendered":"INFORM\u00c1CI\u00d3K SZ\u00dcL\u0150KNEK"},"content":{"rendered":"\r\n<p>\u2022 \u201eHoxfort\u201d nev\u0171 mag\u00e1n\u00f3vod\u00e1nkba <strong>eg\u00e9sz \u00e9vben<\/strong> be\u00edrathatja gyermek\u00e9t.<br \/>\u2022 A gyermekeket a sz\u00fcl\u0151k ig\u00e9nyei szerint \u00e9s az aktu\u00e1lis szabad f\u00e9r\u0151helyeknek megfelel\u0151en vessz\u00fck fel int\u00e9zm\u00e9ny\u00fcnkbe.<br \/>\u2022 A gyermek int\u00e9zm\u00e9nybe t\u00f6rt\u00e9n\u0151 bel\u00e9p\u00e9se <strong>a h\u00f3nap folyam\u00e1n<\/strong> is t\u00f6rt\u00e9nhet, ebben az esetben az adott konkr\u00e9t h\u00f3napra sz\u00e1m\u00edtott alikvot \u00f6sszeget sz\u00e1m\u00edtjuk fel.<br \/>\u2022 A beiratkoz\u00e1shoz <strong>ki kell t\u00f6ltenie \u201eA gyermek k\u00f6telez\u0151 erej\u0171 be\u00edrat\u00e1sa\u201d c\u00edm\u0171 formanyomtatv\u00e1nyt, amelyet e-mailben sz\u00edveskedjen visszak\u00fcldeni r\u00e9sz\u00fcnkre<\/strong>. Ezt k\u00f6vet\u0151en megk\u00fcldj\u00fck a sz\u00e1ml\u00e1t az els\u0151 h\u00f3napra vonatkoz\u00f3 el\u0151legr\u0151l gyermeke \u00f3vodal\u00e1togat\u00e1s\u00e1val kapcsolatban, amely postafordult\u00e1val fizetend\u0151. <strong>A gyermek beiratkoz\u00e1sa az el\u0151leg kifizet\u00e9s\u00e9t k\u00f6vet\u0151en lehets\u00e9ges<\/strong>.<br \/>\u2022 A gyermek a t\u00f6bbi gyermekb\u0151l \u00e1ll\u00f3 csoportba t\u00f6rt\u00e9n\u0151 <strong>bel\u00e9p\u00e9s\u00e9nek napj\u00e1n<\/strong> ki kell t\u00f6ltenie \u00e9s a<strong>l\u00e1 kell \u00edrnia a k\u00f6vetkez\u0151 k\u00e9t formanyomtatv\u00e1nyt: \u201eIgazol\u00e1s a gyermek eg\u00e9szs\u00e9g\u00fcgyi \u00e1llapot\u00e1r\u00f3l\u201d<\/strong> \u00e9s<strong> \u201eA sz\u00fcl\u0151 \u00edr\u00e1sbeli nyilatkozata a gyermek eg\u00e9szs\u00e9g\u00fcgyi alkalmass\u00e1g\u00e1r\u00f3l\u201d.<\/strong><br \/>\u2022 Az \u00e1ltalunk gyermeke r\u00e9sz\u00e9re ny\u00fajtott ell\u00e1t\u00e1s valamennyi felt\u00e9tel\u00e9t tartalmazza a<strong> \u201eMeg\u00e1llapod\u00e1s gyermekgondoz\u00e1si ell\u00e1t\u00e1s biztos\u00edt\u00e1s\u00e1r\u00f3l\u201d<\/strong> c. dokumentum, amelyet szem\u00e9lyesen vehet \u00e1t a gyermeke k\u00f6telez\u0151 erej\u0171 be\u00edrat\u00e1s\u00e1nak elfogad\u00e1s\u00e1t k\u00f6vet\u0151en.<br \/>\u2022 A gyermek beiratkoz\u00e1s\u00e1hoz sz\u00fcks\u00e9g lesz <strong>szobapapucsra, h\u00e1l\u00f3ruh\u00e1ra \u00e9s szabadid\u0151ruh\u00e1ra (pizsama), tartal\u00e9k ruh\u00e1ra, f\u00e9s\u0171re \u00e9s pap\u00edrzsebkend\u0151re.<\/strong><\/p>\r\n<h2 style=\"text-align: center;\"><a href=\"https:\/\/www.hoxfort.sk\/?page_id=2121\"><strong>SZABAD HELYEK<\/strong><\/a><\/h2>\r\n\r\n\r\n\r\n<div class=\"wp-block-button aligncenter\"><a class=\"wp-block-button__link has-luminous-vivid-amber-background-color has-background\" href=\"https:\/\/www.hoxfort.sk\/?page_id=404&amp;lang=hu\">Regisztr\u00e1ci\u00f3<\/a><\/div>\r\n","protected":false},"excerpt":{"rendered":"<p>\u2022 \u201eHoxfort\u201d nev\u0171 mag\u00e1n\u00f3vod\u00e1nkba eg\u00e9sz \u00e9vben be\u00edrathatja gyermek\u00e9t.\u2022 A gyermekeket a sz\u00fcl\u0151k ig\u00e9nyei szerint \u00e9s az aktu\u00e1lis szabad f\u00e9r\u0151helyeknek megfelel\u0151en vessz\u00fck fel int\u00e9zm\u00e9ny\u00fcnkbe.\u2022 A gyermek int\u00e9zm\u00e9nybe t\u00f6rt\u00e9n\u0151 bel\u00e9p\u00e9se a h\u00f3nap&hellip;<\/p>\n","protected":false},"author":1,"featured_media":0,"parent":0,"menu_order":0,"comment_status":"closed","ping_status":"closed","template":"","meta":{"_monsterinsights_skip_tracking":false,"_monsterinsights_sitenote_active":false,"_monsterinsights_sitenote_note":"","_monsterinsights_sitenote_category":0,"footnotes":""},"_links":{"self":[{"href":"https:\/\/www.hoxfort.sk\/index.php?rest_route=\/wp\/v2\/pages\/400"}],"collection":[{"href":"https:\/\/www.hoxfort.sk\/index.php?rest_route=\/wp\/v2\/pages"}],"about":[{"href":"https:\/\/www.hoxfort.sk\/index.php?rest_route=\/wp\/v2\/types\/page"}],"author":[{"embeddable":true,"href":"https:\/\/www.hoxfort.sk\/index.php?rest_route=\/wp\/v2\/users\/1"}],"replies":[{"embeddable":true,"href":"https:\/\/www.hoxfort.sk\/index.php?rest_route=%2Fwp%2Fv2%2Fcomments&post=400"}],"version-history":[{"count":4,"href":"https:\/\/www.hoxfort.sk\/index.php?rest_route=\/wp\/v2\/pages\/400\/revisions"}],"predecessor-version":[{"id":2137,"href":"https:\/\/www.hoxfort.sk\/index.php?rest_route=\/wp\/v2\/pages\/400\/revisions\/2137"}],"wp:attachment":[{"href":"https:\/\/www.hoxfort.sk\/index.php?rest_route=%2Fwp%2Fv2%2Fmedia&parent=400"}],"curies":[{"name":"wp","href":"https:\/\/api.w.org\/{rel}","templated":true}]}}