{"id":390,"date":"2018-09-18T20:30:26","date_gmt":"2018-09-18T21:30:26","guid":{"rendered":"http:\/\/www.hoxfort.sk\/?page_id=390"},"modified":"2023-08-25T12:49:32","modified_gmt":"2023-08-25T13:49:32","slug":"tanarnenik","status":"publish","type":"page","link":"https:\/\/www.hoxfort.sk\/?page_id=390&lang=hu","title":{"rendered":"KARRIER"},"content":{"rendered":"\r\n<h2><a href=\"https:\/\/www.hoxfort.sk\/?page_id=363&amp;lang=hu\"><strong>LEKTORKA \/ LEKTOR SLOVENSK\u00c9HO JAZYKA<\/strong><\/a>\u00a0<\/h2>\r\n<p><span style=\"color: #ff0000;\"><strong>Vo\u013en\u00e9 miesto: 0<\/strong><\/span><\/p>\r\n<h2><a href=\"https:\/\/www.hoxfort.sk\/?page_id=365&amp;lang=hu\"><strong>U\u010cITE\u013dKA v M\u0160<\/strong> ( ma\u010farsk\u00fd jazyk)<\/a>\u00a0<\/h2>\r\n<p><span style=\"color: #ff0000;\"><strong>Vo\u013en\u00e9 miesto: 0<\/strong><\/span><\/p>\r\n<h2><strong><a href=\"https:\/\/www.hoxfort.sk\/?page_id=1229&amp;lang=hu\">LEKTORKA \/ LEKTOR ANGLICK\u00c9HO JAZYKA<\/a>\u00a0<\/strong><\/h2>\r\n<p><span style=\"color: #ff0000;\"><strong>Vo\u013en\u00e9 miesto: 0<\/strong><\/span><\/p>\r\n<h2><strong><a href=\"https:\/\/www.hoxfort.sk\/?page_id=255&amp;lang=hu\">ASISTENTKA<\/a> &#8211; <span style=\"color: #99cc00;\">polovi\u010dn\u00fd \u00fav\u00e4zok<\/span><\/strong><\/h2>\r\n<p><span style=\"color: #ff0000;\"><strong>Vo\u013en\u00e9 miesto: 0<\/strong><\/span><\/p>\r\n<h2><strong><a href=\"https:\/\/www.hoxfort.sk\/?page_id=258\">BRIG\u00c1DNI\u010cKA<\/a><\/strong>\u00a0 <span style=\"color: #99cc00;\">(J\u00daL &#8211; AUGUST)<\/span><\/h2>\r\n<p><span style=\"color: #ff0000;\"><strong>Vo\u013en\u00e9 miesto: 0<\/strong><\/span><\/p>\r\n","protected":false},"excerpt":{"rendered":"<p>LEKTORKA \/ LEKTOR SLOVENSK\u00c9HO JAZYKA\u00a0 Vo\u013en\u00e9 miesto: 0 U\u010cITE\u013dKA v M\u0160 ( ma\u010farsk\u00fd jazyk)\u00a0 Vo\u013en\u00e9 miesto: 0 LEKTORKA \/ LEKTOR ANGLICK\u00c9HO JAZYKA\u00a0 Vo\u013en\u00e9 miesto: 0 ASISTENTKA &#8211; polovi\u010dn\u00fd \u00fav\u00e4zok Vo\u013en\u00e9&hellip;<\/p>\n","protected":false},"author":1,"featured_media":1181,"parent":0,"menu_order":0,"comment_status":"closed","ping_status":"closed","template":"","meta":{"_monsterinsights_skip_tracking":false,"_monsterinsights_sitenote_active":false,"_monsterinsights_sitenote_note":"","_monsterinsights_sitenote_category":0,"footnotes":""},"_links":{"self":[{"href":"https:\/\/www.hoxfort.sk\/index.php?rest_route=\/wp\/v2\/pages\/390"}],"collection":[{"href":"https:\/\/www.hoxfort.sk\/index.php?rest_route=\/wp\/v2\/pages"}],"about":[{"href":"https:\/\/www.hoxfort.sk\/index.php?rest_route=\/wp\/v2\/types\/page"}],"author":[{"embeddable":true,"href":"https:\/\/www.hoxfort.sk\/index.php?rest_route=\/wp\/v2\/users\/1"}],"replies":[{"embeddable":true,"href":"https:\/\/www.hoxfort.sk\/index.php?rest_route=%2Fwp%2Fv2%2Fcomments&post=390"}],"version-history":[{"count":79,"href":"https:\/\/www.hoxfort.sk\/index.php?rest_route=\/wp\/v2\/pages\/390\/revisions"}],"predecessor-version":[{"id":1455,"href":"https:\/\/www.hoxfort.sk\/index.php?rest_route=\/wp\/v2\/pages\/390\/revisions\/1455"}],"wp:featuredmedia":[{"embeddable":true,"href":"https:\/\/www.hoxfort.sk\/index.php?rest_route=\/wp\/v2\/media\/1181"}],"wp:attachment":[{"href":"https:\/\/www.hoxfort.sk\/index.php?rest_route=%2Fwp%2Fv2%2Fmedia&parent=390"}],"curies":[{"name":"wp","href":"https:\/\/api.w.org\/{rel}","templated":true}]}}