{"id":361,"date":"2018-09-18T19:52:20","date_gmt":"2018-09-18T20:52:20","guid":{"rendered":"http:\/\/www.hoxfort.sk\/?page_id=361"},"modified":"2021-09-10T07:07:47","modified_gmt":"2021-09-10T08:07:47","slug":"napirend","status":"publish","type":"page","link":"https:\/\/www.hoxfort.sk\/?page_id=361&lang=hu","title":{"rendered":"NAPIREND"},"content":{"rendered":"\n<p>HOXFORT  s\u00fakromn\u00e1 matersk\u00e1 \u0161kola m\u00e1 prev\u00e1dzku v pracovn\u00e9 dni od 07:00 do 17:00. V r\u00e1mci jedn\u00e9ho d\u0148a pon\u00faka de\u0165om nasledovn\u00e9 \u010dinnosti:<\/p>\n\n\n\n<figure class=\"wp-block-table\"><table><tbody><tr><td>\n  <strong>07:00\n  \u2013 8:30<\/strong>\n  <\/td><td>A gyermek \u00e9rkez\u00e9se az \u00f3vod\u00e1ba<\/td><\/tr><tr><td>\n  <strong>08:30\n  \u2013 09:00<\/strong>\n  <\/td><td>Mozg\u00e1sos \u00e9s relax\u00e1ci\u00f3s gyakorlatok, gyermek zumba<\/td><\/tr><tr><td>\n  <strong>09:15\n  \u2013 09:30<\/strong>\n  <\/td><td>T\u00edz\u00f3rai \u00e9s tiszt\u00e1lkod\u00e1s<\/td><\/tr><tr><td>\n  <strong>09:40\n  \u2013 10:20<\/strong>\n  <\/td><td>Eduk\u00e1ci\u00f3s tev\u00e9kenys\u00e9gek<\/td><\/tr><tr><td>\n  <strong>10:40\n  \u2013 11:25<\/strong>\n  <\/td><td>Szabad leveg\u0151n tart\u00f3zkod\u00e1s\/s\u00e9ta (id\u0151j\u00e1r\u00e1s alapj\u00e1n)<\/td><\/tr><tr><td>\n  <strong>11:40\n  \u2013 12:10<\/strong>\n  <\/td><td>Eb\u00e9d \u00e9s tiszt\u00e1lkod\u00e1s<\/td><\/tr><tr><td>\n  <strong>12:10\n  \u2013 14:20<\/strong>\n  <\/td><td>D\u00e9lut\u00e1ni pihen\u00e9s \/ pihen\u00e9si tev\u00e9kenys\u00e9gek \/ alv\u00e1s<\/td><\/tr><tr><td>\n  <strong>14:40\n  \u2013 15:00<\/strong>\n  <\/td><td>Uzsonna \u00e9s tiszt\u00e1lkod\u00e1s<\/td><\/tr><tr><td>\n  <strong>15:00\n  \u2013 15:30<\/strong>\n  <\/td><td><br><\/td><\/tr><tr><td> <strong>15:30 \u2013 17:00<\/strong> <\/td><td>Szabadj\u00e1t\u00e9k a gyermek \u00e9rdekl\u0151d\u00e9se alapj\u00e1n<\/td><\/tr><tr><td> <br><strong>15:30 \u2013 17:00<\/strong> <\/td><td>A gyerek t\u00e1voz\u00e1sa<\/td><\/tr><\/tbody><\/table><\/figure>\n","protected":false},"excerpt":{"rendered":"<p>HOXFORT s\u00fakromn\u00e1 matersk\u00e1 \u0161kola m\u00e1 prev\u00e1dzku v pracovn\u00e9 dni od 07:00 do 17:00. V r\u00e1mci jedn\u00e9ho d\u0148a pon\u00faka de\u0165om nasledovn\u00e9 \u010dinnosti: 07:00 \u2013 8:30 A gyermek \u00e9rkez\u00e9se az \u00f3vod\u00e1ba 08:30&hellip;<\/p>\n","protected":false},"author":1,"featured_media":0,"parent":0,"menu_order":0,"comment_status":"closed","ping_status":"closed","template":"","meta":{"_monsterinsights_skip_tracking":false,"_monsterinsights_sitenote_active":false,"_monsterinsights_sitenote_note":"","_monsterinsights_sitenote_category":0,"footnotes":""},"_links":{"self":[{"href":"https:\/\/www.hoxfort.sk\/index.php?rest_route=\/wp\/v2\/pages\/361"}],"collection":[{"href":"https:\/\/www.hoxfort.sk\/index.php?rest_route=\/wp\/v2\/pages"}],"about":[{"href":"https:\/\/www.hoxfort.sk\/index.php?rest_route=\/wp\/v2\/types\/page"}],"author":[{"embeddable":true,"href":"https:\/\/www.hoxfort.sk\/index.php?rest_route=\/wp\/v2\/users\/1"}],"replies":[{"embeddable":true,"href":"https:\/\/www.hoxfort.sk\/index.php?rest_route=%2Fwp%2Fv2%2Fcomments&post=361"}],"version-history":[{"count":2,"href":"https:\/\/www.hoxfort.sk\/index.php?rest_route=\/wp\/v2\/pages\/361\/revisions"}],"predecessor-version":[{"id":1086,"href":"https:\/\/www.hoxfort.sk\/index.php?rest_route=\/wp\/v2\/pages\/361\/revisions\/1086"}],"wp:attachment":[{"href":"https:\/\/www.hoxfort.sk\/index.php?rest_route=%2Fwp%2Fv2%2Fmedia&parent=361"}],"curies":[{"name":"wp","href":"https:\/\/api.w.org\/{rel}","templated":true}]}}