{"id":357,"date":"2018-09-18T19:45:53","date_gmt":"2018-09-18T20:45:53","guid":{"rendered":"http:\/\/www.hoxfort.sk\/?page_id=357"},"modified":"2018-09-18T19:45:54","modified_gmt":"2018-09-18T20:45:54","slug":"metodusok","status":"publish","type":"page","link":"https:\/\/www.hoxfort.sk\/?page_id=357&lang=hu","title":{"rendered":"MET\u00d3DUSOK"},"content":{"rendered":"\n<p>M\u0171k\u00f6d\u00e9s\u00fcnk sor\u00e1n a gyermekekn\u00e9l felhaszn\u00e1ljuk a\nleg\u00fajabb innov\u00e1ci\u00f3s oktat\u00e1si strat\u00e9gi\u00e1kat \u00e9s m\u00f3dszereket, melyek fejlesztik a\ngyermek k\u00e9pess\u00e9geit a matematikai, logikai, kommunik\u00e1ci\u00f3s, motoros, szem\u00e9lyi \u00e9s\nt\u00e1rsadalmi, term\u00e9szettudom\u00e1nyi, multim\u00e9di\u00e1s \u00e9s m\u0171v\u00e9szi ter\u00fcleteken.<\/p>\n\n\n\n<p>E hozz\u00e1\u00e1ll\u00e1sunk c\u00e9lja az, hogy a gyermek a j\u00e1t\u00e9kok\n\u00e9s tev\u00e9kenys\u00e9gek seg\u00edts\u00e9g\u00e9vel term\u00e9szetes \u00e9s hat\u00e9kony m\u00f3don megtanulja\nmeg\u00e9rteni \u00e9s haszn\u00e1lni az \u0151t k\u00f6r\u00fclvev\u0151 t\u00e1rgyakat \u00e9s jelens\u00e9geket, megtanuljon\nmegfelel\u0151 m\u00f3don kommunik\u00e1lni,\u00a0 meg\u00e9rtse \u00e9s elfogadja a t\u00e1rsadalmi\negy\u00fctt\u00e9l\u00e9s szab\u00e1lyait, meg\u00e9rtse az embereket, de megfelel\u0151en \u00e9rv\u00e9nyes\u00edteni\ntudja saj\u00e1t identit\u00e1s\u00e1t \u00e9s megtanuljon saj\u00e1t v\u00e9lem\u00e9nyt form\u00e1lni a k\u00f6rnyez\u0151\nvil\u00e1gr\u00f3l.<\/p>\n\n\n\n<ul><li>\u00e1lland\u00f3 <strong>h\u00e1romnyelv\u0171 oktat\u00e1st \u00e9s ell\u00e1t\u00e1st<\/strong>, minden tev\u00e9kenys\u00e9g p\u00e1rhuzamosan h\u00e1rom nyelven val\u00f3sul meg: <strong>angol, magyar \u00e9s szlov\u00e1k nyelven<\/strong><\/li><li>egy m\u00e1s, idegen nyelv megtanul\u00e1s\u00e1nak<strong> term\u00e9szetes m\u00f3dja<\/strong> kommunikat\u00edv form\u00e1ban<\/li><li>\u00e9rdekes \u00e9s attrakt\u00edv j\u00e1t\u00e9kok \u00e9s interakt\u00edv oktat\u00e1si tev\u00e9kenys\u00e9gek csoportszob\u00e1kban<\/li><li>sz\u00f3rakoztat\u00f3 <strong>j\u00e1t\u00e9kos tanul\u00e1s<\/strong> \u00e9s \u00e9rdekes tev\u00e9kenys\u00e9gek az iskol\u00e1skor el\u0151tt gyermekek r\u00e9sz\u00e9re<\/li><li><strong>min\u0151s\u00e9gi \u00e9s szakszer\u0171 k\u00e9pz\u00e9s<\/strong> szociokonstrukt\u00edv hozz\u00e1\u00e1ll\u00e1s alapj\u00e1n<\/li><li>a gyermek ell\u00e1t\u00e1sa \u00e9s fejleszt\u00e9se<strong> pozit\u00edv csal\u00e1dias l\u00e9gk\u00f6rben \u00e9s hangulatban<\/strong><\/li><li>individu\u00e1lis ell\u00e1t\u00e1s kis csoportokban = 1 \u00f3v\u00f3n\u0151 max. 7 gyermekre<\/li><li>a gyermek <strong>egyedis\u00e9g\u00e9nek \u00e9s szem\u00e9lyis\u00e9g\u00e9nek<\/strong> (tehets\u00e9gek \u00e9s t\u00e1lentum) fejleszt\u00e9se szervezett tev\u00e9kenys\u00e9g\u00fcnkben<\/li><li>\u00a0individu\u00e1lis <strong>pedag\u00f3giai diagnosztika <\/strong>\u00e9s gyermeke saj\u00e1toss\u00e1gainak meghat\u00e1roz\u00e1sa<\/li><li>kiseg\u00edt\u0151 szem\u00e9lyzet r\u00e9szv\u00e9tele a gyermek ell\u00e1t\u00e1s\u00e1ban<\/li><li> a gyermek fejleszt\u00e9se a fejl\u0151d\u00e9si saj\u00e1toss\u00e1gainak megfelel\u0151en, szakmai sz\u00ednvonalon \u00e9s megfelel\u0151 hozz\u00e1\u00e1ll\u00e1ssal, k\u00e9pesek vagyunk olyan gyermekek fejleszt\u00e9s\u00e9re is, akiknek probl\u00e9m\u00e1ik lehetnek m\u00e1s \u00f3vod\u00e1kban <\/li><\/ul>\n\n\n\n<p><br\/><\/p>\n","protected":false},"excerpt":{"rendered":"<p>M\u0171k\u00f6d\u00e9s\u00fcnk sor\u00e1n a gyermekekn\u00e9l felhaszn\u00e1ljuk a leg\u00fajabb innov\u00e1ci\u00f3s oktat\u00e1si strat\u00e9gi\u00e1kat \u00e9s m\u00f3dszereket, melyek fejlesztik a gyermek k\u00e9pess\u00e9geit a matematikai, logikai, kommunik\u00e1ci\u00f3s, motoros, szem\u00e9lyi \u00e9s t\u00e1rsadalmi, term\u00e9szettudom\u00e1nyi, multim\u00e9di\u00e1s \u00e9s m\u0171v\u00e9szi ter\u00fcleteken.&hellip;<\/p>\n","protected":false},"author":1,"featured_media":0,"parent":0,"menu_order":0,"comment_status":"closed","ping_status":"closed","template":"","meta":{"_monsterinsights_skip_tracking":false,"_monsterinsights_sitenote_active":false,"_monsterinsights_sitenote_note":"","_monsterinsights_sitenote_category":0,"footnotes":""},"_links":{"self":[{"href":"https:\/\/www.hoxfort.sk\/index.php?rest_route=\/wp\/v2\/pages\/357"}],"collection":[{"href":"https:\/\/www.hoxfort.sk\/index.php?rest_route=\/wp\/v2\/pages"}],"about":[{"href":"https:\/\/www.hoxfort.sk\/index.php?rest_route=\/wp\/v2\/types\/page"}],"author":[{"embeddable":true,"href":"https:\/\/www.hoxfort.sk\/index.php?rest_route=\/wp\/v2\/users\/1"}],"replies":[{"embeddable":true,"href":"https:\/\/www.hoxfort.sk\/index.php?rest_route=%2Fwp%2Fv2%2Fcomments&post=357"}],"version-history":[{"count":1,"href":"https:\/\/www.hoxfort.sk\/index.php?rest_route=\/wp\/v2\/pages\/357\/revisions"}],"predecessor-version":[{"id":358,"href":"https:\/\/www.hoxfort.sk\/index.php?rest_route=\/wp\/v2\/pages\/357\/revisions\/358"}],"wp:attachment":[{"href":"https:\/\/www.hoxfort.sk\/index.php?rest_route=%2Fwp%2Fv2%2Fmedia&parent=357"}],"curies":[{"name":"wp","href":"https:\/\/api.w.org\/{rel}","templated":true}]}}