{"id":355,"date":"2018-09-18T19:44:51","date_gmt":"2018-09-18T20:44:51","guid":{"rendered":"http:\/\/www.hoxfort.sk\/?page_id=355"},"modified":"2018-09-18T19:44:52","modified_gmt":"2018-09-18T20:44:52","slug":"filozofiank","status":"publish","type":"page","link":"https:\/\/www.hoxfort.sk\/?page_id=355&lang=hu","title":{"rendered":"FILOZ\u00d3FI\u00c1NK"},"content":{"rendered":"\n<p>Hozz\u00e1\u00e1ll\u00e1sunkban a gyermek akt\u00edv tanul\u00e1s\u00e1t\nr\u00e9szes\u00edtj\u00fck el\u0151nyben, ez\u00e9rt gyermeke sz\u00e1m\u00e1ra a csoportszob\u00e1kban naponta\nk\u00fcl\u00f6nb\u00f6z\u0151 j\u00e1t\u00e9kokat \u00e9s egy\u00e9b tev\u00e9kenys\u00e9geket k\u00e9sz\u00edt\u00fcnk el\u0151, ahol a tanul\u00e1s\nj\u00e1t\u00e9kokkal, megfigyel\u00e9ssel, kutat\u00e1ssal, vizsg\u00e1latokkal, k\u00eds\u00e9rletekkel \u00e9s\nk\u00eds\u00e9rletezget\u00e9ssel t\u00f6rt\u00e9nik, teh\u00e1t a gyermek csoporton bel\u00fcli m\u00e1s gyermekekkel\n\u00e9s egyben az \u00f3v\u00f3n\u0151vel folytatott akt\u00edv tev\u00e9kenys\u00e9g\u00e9vel zajlik.<\/p>\n\n\n\n<p>F\u0151 c\u00e9lunk minden gyermek szem\u00e9lyis\u00e9g\u00e9nek komplex\nfejleszt\u00e9se olyan form\u00e1ban, hogy maxim\u00e1lis m\u00e9rt\u00e9kben fejlessz\u00fck a gyermek\nindividualit\u00e1s\u00e1t \u2013 identit\u00e1s\u00e1t. \u00c9s egyben minden gyermek olyan kompetenci\u00e1kra\ntegyen szert, melyeknek seg\u00edts\u00e9g\u00e9vel k\u00e9pes lesz az \u0151t k\u00f6r\u00fclvev\u0151 t\u00e1rsadalmi \u00e9s\nterm\u00e9szeti k\u00f6rnyezet meg\u00e9rt\u00e9s\u00e9re, \u00e9s k\u00e9pes lesz e k\u00f6rnyezetbe megfelel\u0151 m\u00f3don\nbe is tagoz\u00f3dni.<\/p>\n\n\n\n<p>A mi filoz\u00f3fi\u00e1nk, hogy a gyermeknek kellemes,\n\u00e9rz\u00e9keny \u00e9s t\u00e1mogat\u00f3 k\u00f6rnyezetben kell megtanulnia a vil\u00e1g meg\u00e9rt\u00e9s\u00e9t, olyan\ntev\u00e9kenys\u00e9gek seg\u00edts\u00e9g\u00e9vel, melyek a gyermek sz\u00e1m\u00e1ra \u00e9rtelmesek, term\u00e9szetesek\n\u00e9s lehet\u0151v\u00e9 teszik sz\u00e1m\u00e1ra a tapasztalatszerz\u00e9s \u00fatj\u00e1n t\u00f6rt\u00e9n\u0151 k\u00f6zvetlen\ntanul\u00e1st (az \u00e9let iskol\u00e1ja).<\/p>\n\n\n\n<p>\u00c9ppen ez\u00e9rt, mag\u00e1n\u00f3vod\u00e1nk gyermek\u00e9nek elfogad\u00f3,\npozit\u00edv, demokratikus l\u00e9gk\u00f6r\u0171 t\u00e1rsadalmi k\u00f6rnyezetet k\u00edn\u00e1l, ahol minden egy\u00e9n\ntiszt\u00e1ban van a jogaival \u00e9s k\u00f6teless\u00e9geivel.\n\nAz el\u0151k\u00e9sz\u00edtett tev\u00e9kenys\u00e9gek t\u00e1mogatj\u00e1k a gyermek\ngondolkod\u00e1s\u00e1t \u00e9s alkot\u00f3k\u00e9szs\u00e9g\u00e9t, \u00e9s megteremtik az egy\u00e9n k\u00f6rnyezet\u00e9hez val\u00f3\nakt\u00edv hozz\u00e1\u00e1ll\u00e1s\u00e1nak el\u0151felt\u00e9teleit.\n\n\n\n<\/p>\n","protected":false},"excerpt":{"rendered":"<p>Hozz\u00e1\u00e1ll\u00e1sunkban a gyermek akt\u00edv tanul\u00e1s\u00e1t r\u00e9szes\u00edtj\u00fck el\u0151nyben, ez\u00e9rt gyermeke sz\u00e1m\u00e1ra a csoportszob\u00e1kban naponta k\u00fcl\u00f6nb\u00f6z\u0151 j\u00e1t\u00e9kokat \u00e9s egy\u00e9b tev\u00e9kenys\u00e9geket k\u00e9sz\u00edt\u00fcnk el\u0151, ahol a tanul\u00e1s j\u00e1t\u00e9kokkal, megfigyel\u00e9ssel, kutat\u00e1ssal, vizsg\u00e1latokkal, k\u00eds\u00e9rletekkel \u00e9s k\u00eds\u00e9rletezget\u00e9ssel&hellip;<\/p>\n","protected":false},"author":1,"featured_media":0,"parent":0,"menu_order":0,"comment_status":"closed","ping_status":"closed","template":"","meta":{"_monsterinsights_skip_tracking":false,"_monsterinsights_sitenote_active":false,"_monsterinsights_sitenote_note":"","_monsterinsights_sitenote_category":0,"footnotes":""},"_links":{"self":[{"href":"https:\/\/www.hoxfort.sk\/index.php?rest_route=\/wp\/v2\/pages\/355"}],"collection":[{"href":"https:\/\/www.hoxfort.sk\/index.php?rest_route=\/wp\/v2\/pages"}],"about":[{"href":"https:\/\/www.hoxfort.sk\/index.php?rest_route=\/wp\/v2\/types\/page"}],"author":[{"embeddable":true,"href":"https:\/\/www.hoxfort.sk\/index.php?rest_route=\/wp\/v2\/users\/1"}],"replies":[{"embeddable":true,"href":"https:\/\/www.hoxfort.sk\/index.php?rest_route=%2Fwp%2Fv2%2Fcomments&post=355"}],"version-history":[{"count":1,"href":"https:\/\/www.hoxfort.sk\/index.php?rest_route=\/wp\/v2\/pages\/355\/revisions"}],"predecessor-version":[{"id":356,"href":"https:\/\/www.hoxfort.sk\/index.php?rest_route=\/wp\/v2\/pages\/355\/revisions\/356"}],"wp:attachment":[{"href":"https:\/\/www.hoxfort.sk\/index.php?rest_route=%2Fwp%2Fv2%2Fmedia&parent=355"}],"curies":[{"name":"wp","href":"https:\/\/api.w.org\/{rel}","templated":true}]}}