{"id":343,"date":"2018-09-18T14:23:33","date_gmt":"2018-09-18T15:23:33","guid":{"rendered":"http:\/\/www.hoxfort.sk\/?page_id=343"},"modified":"2025-05-09T11:13:40","modified_gmt":"2025-05-09T12:13:40","slug":"elonyeink","status":"publish","type":"page","link":"https:\/\/www.hoxfort.sk\/?page_id=343&lang=hu","title":{"rendered":"AMIT K\u00cdN\u00c1LUNK"},"content":{"rendered":"\r\n<h2 class=\"wp-block-heading\"><strong>1. T\u00f6bb mint 10 \u00e9v szakmai tapasztalat.<\/strong><\/h2>\r\n<h2><strong>2. \u00d3vod\u00e1nk 500+ gyermekkel foglalkozott az elm\u00falt 10 \u00e9v sor\u00e1n. <\/strong><\/h2>\r\n<h2><strong>3. A befizetett havid\u00edj nagy r\u00e9sz\u00e9t visszaford\u00edtjuk a gyerekekbe, nevel\u00e9s, \u0151ket k\u00f6r\u00fclvev\u0151 k\u00f6rnyezet \u00e9s sz\u00ednes sz\u00f3rakoztat\u00f3 \u00e9s nevel\u0151 gyermekprogramok form\u00e1j\u00e1ban.<\/strong><\/h2>\r\n<h2><strong>4. Egyedi sz\u00fcl\u0151-gyermek kezdeti coaching (beszoktat\u00e1s).<\/strong><\/h2>\r\n<h2><strong>5. Csal\u00e1dias k\u00f6rnyezet\u00fcnk biztons\u00e1g\u00e9rzetet teremt a gyermekeknek.<\/strong><\/h2>\r\n<h2><strong>6. Biztos\u00edtsuk a gyermekek fejl\u0151d\u00e9s\u00e9hez sz\u00fcks\u00e9ges \u00e9s megfelel\u0151 h\u00e1tteret.<\/strong><\/h2>\r\n<h2><strong>7. Maxim\u00e1lis figyelmet ford\u00edtunk a k\u00f6rnyezet\u00fcnk tisztas\u00e1g\u00e1ra \u00e9s a kollekt\u00edv eg\u00e9szs\u00e9g\u00e9nek meg\u0151rz\u00e9s\u00e9re. <\/strong><\/h2>\r\n<h2><strong>8. A szobatisztas\u00e1g nem felt\u00e9tel \u2013 seg\u00edt\u00fcnk a pelenk\u00e1r\u00f3l val\u00f3 leszoktat\u00e1sban.<\/strong><\/h2>\r\n<h2><strong>9. Az Oktat\u00e1si Miniszt\u00e9rium olyan bejegyzett \u00f3vodai int\u00e9zm\u00e9nye vagyunk, amely k\u00f6telez\u0151 \u00f3vodai nevel\u00e9st biztos\u00edthat.<\/strong><\/h2>\r\n<ul>\r\n<li>Intenz\u00edv \u00e9s egy\u00e9ni iskola-felk\u00e9sz\u00edt\u0151 program.<\/li>\r\n<\/ul>\r\n<p><a href=\"https:\/\/www.hoxfort.sk\/wp-content\/uploads\/2024\/05\/2023_13_TI_MS_TT_3_4.pdf\">Az \u00e1llami iskola\u00fcgyi ellen\u0151rz\u00e9s z\u00e1r\u00f3jelent\u00e9se r\u00f3lunk<\/a><\/p>\r\n<h2><strong>10. Modern \u00e9s innovat\u00edv oktat\u00e1si koncepci\u00f3.<\/strong><\/h2>\r\n<ul>\r\n<li>\u00d3vod\u00e1nk\u00a0 k\u00f6z\u00e9ppontj\u00e1ban a gyermek testi, lelki \u00e9s szellemi fejl\u0151d\u00e9se \u00e1ll.<\/li>\r\n<li>Gyermeke szem\u00e9lyis\u00e9gfejleszt\u00e9se sor\u00e1n innovat\u00edv \u00e9s hat\u00e9kony tanul\u00e1si m\u00f3dszereket alkalmazunk.<\/li>\r\n<li>Egyedi, gyerekekre hangolt motiv\u00e1ci\u00f3s programok.<\/li>\r\n<li>Min\u0151s\u00e9gi \u00e9s rugalmas, kis l\u00e9tsz\u00e1m\u00fa csoportokban t\u00f6rt\u00e9n\u0151 foglalkoztat\u00e1saink el\u0151seg\u00edtik a kognit\u00edv, \u00e9rzelmi, szoci\u00e1lis \u00e9s fizikai fejl\u0151d\u00e9st, \u00e9s felk\u00e9sz\u00edtik a gyerekeket az iskolai tanul\u00e1sra.<\/li>\r\n<li>Gyermek\u00e9vel komplex m\u00f3don foglalkozunk, \u00e9s a gyermek kultur\u00e1lis m\u0171velts\u00e9g\u00e9nek minden r\u00e9sz\u00e9t fejlesztj\u00fck.<\/li>\r\n<li>A tant\u00e1rgy akt\u00edv tanul\u00e1si m\u00f3dszer\u00e9t alkalmazzuk, gyakorlati ismeretek megszerz\u00e9s\u00e9vel, amelynek eredm\u00e9nyek\u00e9ppen gyermeke konkr\u00e9t kompetenci\u00e1kra tesz szert minden ter\u00fcleten.<\/li>\r\n<li>Kis csoportokban oktatunk interakt\u00edv m\u00f3don, ez\u00e9rt gyermeke a t\u00f6bbi gyerekkel \u00e9s feln\u0151tt szem\u00e9llyel egyar\u00e1nt megtanul egy\u00fcttm\u0171k\u00f6dni.<\/li>\r\n<li>Projektekkel \u00e9s j\u00e1t\u00e9kok seg\u00edts\u00e9g\u00e9vel oktatunk, sz\u00f3rakoztat\u00f3 \u00e9s \u00e9rdekes m\u00f3don, amely vonz\u00f3 az iskol\u00e1skor el\u0151tti gyermekek sz\u00e1m\u00e1ra.<\/li>\r\n<\/ul>\r\n<h2><strong>11. Kommunik\u00e1ci\u00f3s kompetenci\u00e1k (k\u00e9szs\u00e9gek) megszerz\u00e9se h\u00e1rom nyelven.<\/strong><\/h2>\r\n<ul>\r\n<li>A gyerekek m\u00e1r a korai gyermekkorban tapasztalatokat szereznek a t\u00f6bbnyelv\u0171 k\u00f6rnyezet\u00fcnkben, ez\u00e1ltal az oktat\u00e1son k\u00edv\u00fcl az \u0151ket k\u00f6r\u00fclvev\u0151 m\u00e1s anyanyelv\u0171 gyerekek r\u00e9v\u00e9n is megszokj\u00e1k \u00e9s elsaj\u00e1t\u00edts\u00e1k az idegen nyelvek alap haszn\u00e1lat\u00e1t.<\/li>\r\n<li>Az \u00d6n gyermeke h\u00e1rom nyelven tanulhatja meg az alap kommunik\u00e1ci\u00f3t: magyar, szlov\u00e1k \u00e9s angol nyelven.<\/li>\r\n<li>Az oktat\u00e1s n\u00e1lunk p\u00e1rhuzamosan folyik magyar, szlov\u00e1k \u00e9s angol nyelven.<\/li>\r\n<\/ul>\r\n<h2><strong>12. Inform\u00e1ci\u00f3s \u00e9s kommunik\u00e1ci\u00f3s technol\u00f3gi\u00e1kat alkalmaz\u00e1sa (IKT).\u00a0<\/strong><\/h2>\r\n<ul>\r\n<li>Didaktikai j\u00e1t\u00e9kok \u00e9s oktat\u00e1si szoftverek t\u00e9m\u00e1it, amelyeknek k\u00f6sz\u00f6nhet\u0151en b\u0151v\u00edtj\u00fck az \u00f3vod\u00e1skor\u00fa gyermekek oktat\u00e1si lehet\u0151s\u00e9geit.<\/li>\r\n<li>C\u00e9ltudatosan megalkotott tananyaggal dolgozunk egy adott koroszt\u00e1ly sz\u00e1m\u00e1ra.<\/li>\r\n<li>A t\u00e1blag\u00e9pet, mint m\u00e9diumot be\u00e9p\u00edtett\u00fck a gyermekek tanul\u00e1si folyamat\u00e1ba \u2013 azzal a c\u00e9llal, hogy az oktat\u00e1si folyamatot hat\u00e9konyabb\u00e1 tegy\u00fck. Kiz\u00e1r\u00f3lag audiovizu\u00e1lis oktat\u00e1sn\u00e1l haszn\u00e1ljuk. Legfeljebb heti 20 percet.<\/li>\r\n<li>A telev\u00edzi\u00f3t, mint m\u00e9diumot be\u00e9p\u00edtett\u00fck a gyermekek tanul\u00e1si folyamat\u00e1ba \u2013 azzal a c\u00e9llal, hogy az oktat\u00e1si folyamatot hat\u00e9konyabb\u00e1 tegy\u00fck. Kiz\u00e1r\u00f3lag audiovizu\u00e1lis oktat\u00e1sn\u00e1l haszn\u00e1ljuk. Legfeljebb heti 20 percet.<\/li>\r\n<\/ul>\r\n<p><strong><em>\u201eHa a mai gyerekeket \u00fagy tan\u00edtjuk, mint a m\u00faltb\u00e9lieket, akkor megfosztjuk \u0151ket a holnapt\u00f3l.\u201c J. Dewey<\/em><\/strong><\/p>\r\n<h2><strong>13. Szem\u00e9lyre szabott \u00e9tkez\u00e9si lehet\u0151s\u00e9geket biztos\u00edtunk:<\/strong><\/h2>\r\n<ul>\r\n<li>\u00a0glut\u00e9n\u00e9rz\u00e9kenys\u00e9g,<\/li>\r\n<li>\u00a0lakt\u00f3z \u00e9s tejfeh\u00e9rje \u00e9rz\u00e9kenys\u00e9g,<\/li>\r\n<li>\u00a0cukorbetegs\u00e9g,<\/li>\r\n<li>\u00a0alacsony hisztamin \u00e9rz\u00e9kenys\u00e9g eset\u00e9n<\/li>\r\n<\/ul>\r\n<h2><strong>14. Gyermekeket akkor is fogadunk, ha a sz\u00fcl\u0151 sz\u00fcl\u00e9si szabads\u00e1gon van.<\/strong><\/h2>\r\n<h2><strong>15. Gyermekeket \u00e1lland\u00f3 lakc\u00edmt\u0151l f\u00fcggetlen\u00fcl fogadunk.<\/strong><\/h2>\r\n","protected":false},"excerpt":{"rendered":"<p>1. T\u00f6bb mint 10 \u00e9v szakmai tapasztalat. 2. \u00d3vod\u00e1nk 500+ gyermekkel foglalkozott az elm\u00falt 10 \u00e9v sor\u00e1n. 3. A befizetett havid\u00edj nagy r\u00e9sz\u00e9t visszaford\u00edtjuk a gyerekekbe, nevel\u00e9s, \u0151ket k\u00f6r\u00fclvev\u0151 k\u00f6rnyezet&hellip;<\/p>\n","protected":false},"author":1,"featured_media":1031,"parent":0,"menu_order":0,"comment_status":"closed","ping_status":"closed","template":"","meta":{"_monsterinsights_skip_tracking":false,"_monsterinsights_sitenote_active":false,"_monsterinsights_sitenote_note":"","_monsterinsights_sitenote_category":0,"footnotes":""},"_links":{"self":[{"href":"https:\/\/www.hoxfort.sk\/index.php?rest_route=\/wp\/v2\/pages\/343"}],"collection":[{"href":"https:\/\/www.hoxfort.sk\/index.php?rest_route=\/wp\/v2\/pages"}],"about":[{"href":"https:\/\/www.hoxfort.sk\/index.php?rest_route=\/wp\/v2\/types\/page"}],"author":[{"embeddable":true,"href":"https:\/\/www.hoxfort.sk\/index.php?rest_route=\/wp\/v2\/users\/1"}],"replies":[{"embeddable":true,"href":"https:\/\/www.hoxfort.sk\/index.php?rest_route=%2Fwp%2Fv2%2Fcomments&post=343"}],"version-history":[{"count":28,"href":"https:\/\/www.hoxfort.sk\/index.php?rest_route=\/wp\/v2\/pages\/343\/revisions"}],"predecessor-version":[{"id":2325,"href":"https:\/\/www.hoxfort.sk\/index.php?rest_route=\/wp\/v2\/pages\/343\/revisions\/2325"}],"wp:featuredmedia":[{"embeddable":true,"href":"https:\/\/www.hoxfort.sk\/index.php?rest_route=\/wp\/v2\/media\/1031"}],"wp:attachment":[{"href":"https:\/\/www.hoxfort.sk\/index.php?rest_route=%2Fwp%2Fv2%2Fmedia&parent=343"}],"curies":[{"name":"wp","href":"https:\/\/api.w.org\/{rel}","templated":true}]}}