{"id":338,"date":"2018-09-18T14:19:42","date_gmt":"2018-09-18T15:19:42","guid":{"rendered":"http:\/\/www.hoxfort.sk\/?page_id=338"},"modified":"2023-07-21T05:26:20","modified_gmt":"2023-07-21T06:26:20","slug":"jellemzes","status":"publish","type":"page","link":"https:\/\/www.hoxfort.sk\/?page_id=338&lang=hu","title":{"rendered":"JELLEMZ\u00c9S"},"content":{"rendered":"\r\n<p><strong>A HOXFORT, mag\u00e1n\u00f3voda<\/strong> eg\u00e9sz\u00e9ves <strong>h\u00e1romnyelv\u0171 oktat\u00e1si l\u00e9tes\u00edtm\u00e9ny 2 \u00e9v \u00e9s 6 \u00e9v k\u00f6z\u00f6tti gyermekek<\/strong> r\u00e9sz\u00e9re, naponta <strong>7:00 \u00e9s 17:00<\/strong> k\u00f6z\u00f6tti nyitvatart\u00e1si id\u0151vel. P\u00e1rhuzamosan h\u00e1rom tan\u00edt\u00e1si nyelven folynak a foglalkoz\u00e1sok: angol, magyar \u00e9s szlov\u00e1k nyelven.<\/p>\r\n\r\n\r\n\r\n<p>A <strong>HOXFORT mag\u00e1n\u00f3voda<\/strong> komplex ell\u00e1t\u00e1st ny\u00fajt gyermek\u00e9nek magas szakmai \u00e9s professzion\u00e1lis szinten, melyet fels\u0151fok\u00fa k\u00e9pes\u00edt\u00e9ssel rendelkez\u0151 szakemberek garant\u00e1lnak. Mag\u00e1n\u00f3vod\u00e1nk alapvet\u0151 c\u00e9lja az angol, magyar \u00e9s szlov\u00e1k nyelv oktat\u00e1s\u00e1nak biztos\u00edt\u00e1sa.<\/p>\r\n\r\n\r\n\r\n<p>A HOXFORT mag\u00e1n\u00f3voda alap\u00edt\u00f3ja \u00e9s \u00fczemeltet\u0151je az al\u00e1bbi jogi szem\u00e9ly:<\/p>\r\n\r\n\r\n\r\n<p>Hoxfort s.r.o.,<br \/>Kuku\u010d\u00ednova 6666<br \/>929 01 Dunajsk\u00e1 Streda, <br \/>I\u010cO: 48 065 331<br \/>DI\u010c: 212 000 7560<br \/>bejegyezve a Trnava-i J\u00e1r\u00e1si B\u00edr\u00f3s\u00e1g kereskedelmi c\u00e9gjegyz\u00e9k\u00e9ben, aloszt\u00e1ly: Sro, bet\u00e9tlapsz\u00e1m 35481\/T<\/p>\r\n\r\n\r\n\r\n<p>&nbsp;<\/p>\r\n","protected":false},"excerpt":{"rendered":"<p>A HOXFORT, mag\u00e1n\u00f3voda eg\u00e9sz\u00e9ves h\u00e1romnyelv\u0171 oktat\u00e1si l\u00e9tes\u00edtm\u00e9ny 2 \u00e9v \u00e9s 6 \u00e9v k\u00f6z\u00f6tti gyermekek r\u00e9sz\u00e9re, naponta 7:00 \u00e9s 17:00 k\u00f6z\u00f6tti nyitvatart\u00e1si id\u0151vel. P\u00e1rhuzamosan h\u00e1rom tan\u00edt\u00e1si nyelven folynak a foglalkoz\u00e1sok: angol,&hellip;<\/p>\n","protected":false},"author":1,"featured_media":1032,"parent":0,"menu_order":0,"comment_status":"closed","ping_status":"closed","template":"","meta":{"_monsterinsights_skip_tracking":false,"_monsterinsights_sitenote_active":false,"_monsterinsights_sitenote_note":"","_monsterinsights_sitenote_category":0,"footnotes":""},"_links":{"self":[{"href":"https:\/\/www.hoxfort.sk\/index.php?rest_route=\/wp\/v2\/pages\/338"}],"collection":[{"href":"https:\/\/www.hoxfort.sk\/index.php?rest_route=\/wp\/v2\/pages"}],"about":[{"href":"https:\/\/www.hoxfort.sk\/index.php?rest_route=\/wp\/v2\/types\/page"}],"author":[{"embeddable":true,"href":"https:\/\/www.hoxfort.sk\/index.php?rest_route=\/wp\/v2\/users\/1"}],"replies":[{"embeddable":true,"href":"https:\/\/www.hoxfort.sk\/index.php?rest_route=%2Fwp%2Fv2%2Fcomments&post=338"}],"version-history":[{"count":10,"href":"https:\/\/www.hoxfort.sk\/index.php?rest_route=\/wp\/v2\/pages\/338\/revisions"}],"predecessor-version":[{"id":1426,"href":"https:\/\/www.hoxfort.sk\/index.php?rest_route=\/wp\/v2\/pages\/338\/revisions\/1426"}],"wp:featuredmedia":[{"embeddable":true,"href":"https:\/\/www.hoxfort.sk\/index.php?rest_route=\/wp\/v2\/media\/1032"}],"wp:attachment":[{"href":"https:\/\/www.hoxfort.sk\/index.php?rest_route=%2Fwp%2Fv2%2Fmedia&parent=338"}],"curies":[{"name":"wp","href":"https:\/\/api.w.org\/{rel}","templated":true}]}}