{"id":330,"date":"2018-09-18T13:28:44","date_gmt":"2018-09-18T14:28:44","guid":{"rendered":"http:\/\/www.hoxfort.sk\/?page_id=330"},"modified":"2025-08-26T11:18:18","modified_gmt":"2025-08-26T12:18:18","slug":"arlista","status":"publish","type":"page","link":"https:\/\/www.hoxfort.sk\/?page_id=330&lang=hu","title":{"rendered":"ELL\u00c1T\u00c1SOK"},"content":{"rendered":"\r\n<p>A HOXFORT mag\u00e1n\u00f3voda az iskol\u00e1skor el\u0151tti gyermekek t\u00f6rv\u00e9nyes k\u00e9pvisel\u0151i sz\u00e1m\u00e1ra jelenleg a k\u00f6vetkez\u0151 t\u00edpus\u00fa ell\u00e1t\u00e1sokat k\u00edn\u00e1lja:<\/p>\r\n\r\n\r\n\r\n<p><strong>Eg\u00e9sz havi eg\u00e9sz napos ell\u00e1t\u00e1s<\/strong>\u00a0 \u00a0 \u00a0 \u00a0<strong>480 EUR\u00a0 <\/strong><br \/>7:00-t\u0151l 17:00o-ig (t\u00edzorai, eb\u00e9d, uzsonna)<\/p>\r\n<p><br \/><strong>Eg\u00e9sz havi eg\u00e9sz napos ell\u00e1t\u00e1s\u00a0 \u00a0 \u00a0 \u00a0 \u00a0 \u00a0 \u00a0 \u00a0 \u00a0 \u00a0 \u00a0 \u00a0 \u00a0 \u00a0 \u00a0 \u00a0 \u00a0 \u00a0 \u00a0 \u00a0 \u00a0 \u00a0 \u00a0 \u00a0 \u00a0 \u00a0 \u00a0 \u00a0 \u00a0 \u00a0 \u00a0 \u00a0 szem\u00e9lyre szabott \u00e9tkez\u00e9s eset\u00e9n\u00a0 490 EUR\u00a0 \u00a0 \u00a0 \u00a0 \u00a0\u00a0<\/strong><br \/>7:00-t\u0151l 17:00o-ig (t\u00edzorai, eb\u00e9d, uzsonna)<\/p>\r\n\r\n\r\n\r\n\r\n\r\n<p>A havi d\u00edj az al\u00e1bbi k\u00f6lts\u00e9gek tartalmazza:<\/p>\r\n\r\n\r\n\r\n<ul>\r\n<li>komplex ell\u00e1t\u00e1s,<\/li>\r\n<li><em>napi 3x \u00e9tkez\u00e9st ( t\u00edz\u00f3rai, eb\u00e9d uzsonna),<\/em><\/li>\r\n<li><em>napi aj\u00e1nlott mennyis\u00e9g\u0171 gy\u00fcm\u00f6lcs- \u00e9s z\u00f6lds\u00e9gfogyaszt\u00e1st,<\/em><\/li>\r\n<li><em>napi sz\u00fcks\u00e9ges folyad\u00e9kmennyis\u00e9get,<\/em><\/li>\r\n<li><em>fel\u00fcgyeletet napi 10 \u00f3r\u00e1n kereszt\u00fcl,<\/em><\/li>\r\n<li>az \u00f6sszes didaktikai \u00e9s egy\u00e9b seg\u00e9deszk\u00f6z \u00e9s j\u00e1t\u00e9k biztos\u00edt\u00e1sa,<\/li>\r\n<li><em>\u00e1gynem\u0171 tiszt\u00edt\u00e1sa,<\/em><\/li>\r\n<li><em>napi tiszt\u00e1lkod\u00e1shoz sz\u00fcks\u00e9ges drog\u00e9ri\u00e1t,<\/em><\/li>\r\n<li><em>amortiz\u00e1ci\u00f3s d\u00edjat.<\/em><\/li>\r\n<\/ul>\r\n","protected":false},"excerpt":{"rendered":"<p>A HOXFORT mag\u00e1n\u00f3voda az iskol\u00e1skor el\u0151tti gyermekek t\u00f6rv\u00e9nyes k\u00e9pvisel\u0151i sz\u00e1m\u00e1ra jelenleg a k\u00f6vetkez\u0151 t\u00edpus\u00fa ell\u00e1t\u00e1sokat k\u00edn\u00e1lja: Eg\u00e9sz havi eg\u00e9sz napos ell\u00e1t\u00e1s\u00a0 \u00a0 \u00a0 \u00a0480 EUR\u00a0 7:00-t\u0151l 17:00o-ig (t\u00edzorai, eb\u00e9d, uzsonna)&hellip;<\/p>\n","protected":false},"author":1,"featured_media":0,"parent":0,"menu_order":0,"comment_status":"closed","ping_status":"closed","template":"","meta":{"_monsterinsights_skip_tracking":false,"_monsterinsights_sitenote_active":false,"_monsterinsights_sitenote_note":"","_monsterinsights_sitenote_category":0,"footnotes":""},"_links":{"self":[{"href":"https:\/\/www.hoxfort.sk\/index.php?rest_route=\/wp\/v2\/pages\/330"}],"collection":[{"href":"https:\/\/www.hoxfort.sk\/index.php?rest_route=\/wp\/v2\/pages"}],"about":[{"href":"https:\/\/www.hoxfort.sk\/index.php?rest_route=\/wp\/v2\/types\/page"}],"author":[{"embeddable":true,"href":"https:\/\/www.hoxfort.sk\/index.php?rest_route=\/wp\/v2\/users\/1"}],"replies":[{"embeddable":true,"href":"https:\/\/www.hoxfort.sk\/index.php?rest_route=%2Fwp%2Fv2%2Fcomments&post=330"}],"version-history":[{"count":25,"href":"https:\/\/www.hoxfort.sk\/index.php?rest_route=\/wp\/v2\/pages\/330\/revisions"}],"predecessor-version":[{"id":2567,"href":"https:\/\/www.hoxfort.sk\/index.php?rest_route=\/wp\/v2\/pages\/330\/revisions\/2567"}],"wp:attachment":[{"href":"https:\/\/www.hoxfort.sk\/index.php?rest_route=%2Fwp%2Fv2%2Fmedia&parent=330"}],"curies":[{"name":"wp","href":"https:\/\/api.w.org\/{rel}","templated":true}]}}