{"id":279,"date":"2018-09-15T19:35:23","date_gmt":"2018-09-15T20:35:23","guid":{"rendered":"http:\/\/www.hoxfort.sk\/?page_id=279"},"modified":"2026-04-18T12:48:38","modified_gmt":"2026-04-18T13:48:38","slug":"registracia-na-lt","status":"publish","type":"page","link":"https:\/\/www.hoxfort.sk\/?page_id=279","title":{"rendered":"REGISTR\u00c1CIA NA CAMP"},"content":{"rendered":"\r\n<p><img loading=\"lazy\" decoding=\"async\" class=\"alignnone size-full wp-image-2667\" src=\"https:\/\/www.hoxfort.sk\/wp-content\/uploads\/2026\/04\/WEB.png\" alt=\"\" width=\"1170\" height=\"483\" srcset=\"https:\/\/www.hoxfort.sk\/wp-content\/uploads\/2026\/04\/WEB.png 1170w, https:\/\/www.hoxfort.sk\/wp-content\/uploads\/2026\/04\/WEB-300x124.png 300w, https:\/\/www.hoxfort.sk\/wp-content\/uploads\/2026\/04\/WEB-1024x423.png 1024w, https:\/\/www.hoxfort.sk\/wp-content\/uploads\/2026\/04\/WEB-768x317.png 768w, https:\/\/www.hoxfort.sk\/wp-content\/uploads\/2026\/04\/WEB-140x58.png 140w\" sizes=\"(max-width: 1170px) 100vw, 1170px\" \/><\/p>\r\n<p>Registr\u00e1cie prij\u00edmame priebe\u017ene a predbe\u017ene ich aj potvrd\u00edme. <strong>Od 1.m\u00e1ja 2026<\/strong>\u00a0budeme registrovan\u00fdm zasiela\u0165 v\u0161etky potrebn\u00e9 inform\u00e1cie o na\u0161om t\u00e1bore a jeho prev\u00e1dzke, ako aj dokumenty s\u00favisiace s registr\u00e1ciou.<\/p>\r\n<h6><span style=\"color: #000000;\">VO\u013dN\u00c9 MIESTA<\/span><\/h6>\r\n<h6><span style=\"color: #000000;\">W1 (J\u00fal 6.-10.)\u00a0 <span style=\"color: #ff0000;\">5<\/span><\/span><\/h6>\r\n<h6><span style=\"color: #000000;\">W2 (J\u00fal 13.-17.) <span style=\"color: #ff0000;\">0<\/span><\/span><\/h6>\r\n<h6><span style=\"color: #000000;\">W3 (J\u00fal 20.-24.) <span style=\"color: #ff0000;\">3<\/span><\/span><\/h6>\r\n<h6><span style=\"color: #000000;\">W4 (J\u00fal 27.-31.) <span style=\"color: #ff0000;\">1<\/span><\/span><\/h6>\r\n<h6><span style=\"color: #000000;\">W5 (August 3.-7.)<span style=\"color: #ff0000;\"> 4<\/span><\/span><\/h6>\r\n<h6><span style=\"color: #000000;\">W6 (August 10.-14.) <span style=\"color: #ff0000;\">0<\/span><\/span><\/h6>\r\n<h6><span style=\"color: #000000;\">W7 (August 17.-21.)\u00a0<span style=\"color: #ff0000;\"> 2<\/span><\/span><\/h6>\r\n<h6><span style=\"color: #000000;\">W8 (August 24.-28.)\u00a0 <span style=\"color: #ff0000;\">5<\/span><\/span><\/h6>\r\n<p>Fakt\u00fara bude taktie\u017e zaslan\u00e1 na Vami zadan\u00e9 mailov\u00e9 adresy od 1.m\u00e1ja 2026 a bude platn\u00e1 10 dn\u00ed odo d\u0148a doru\u010denia. Pri platbe pros\u00edme V\u00e1s o uvedenie mena die\u0165a\u0165a.<\/p>\r\n<p>Registr\u00e1cia bude potvrden\u00e1 po prijat\u00ed platby. V pr\u00edpade , \u017ee fakt\u00fara nebude zaplaten\u00e1 do jej splatnosti, registr\u00e1cia bude automaticky zru\u0161en\u00e1.<\/p>\r\n<p><span style=\"color: #ff0000;\"><strong>Ak vo Va\u0161ej schr\u00e1nke nen\u00e1jdete v priebehu p\u00e1r dn\u00ed potvrdzovac\u00ed e-mail od n\u00e1s, skontrolujte pros\u00edm aj prie\u010dinok SPAM.<\/strong><\/span><\/p>\r\n<p><strong>Zmeny term\u00ednov po registr\u00e1ci\u00ed na t\u00fd\u017edne W1, W2, W3 a W4<\/strong> s\u00fa mo\u017en\u00e9 do 10.6.2026, ak s\u00fa v danom t\u00fd\u017edni e\u0161te vo\u013en\u00e9 miesta. Tie term\u00edny, ktor\u00e9 sa vz\u0165ahuj\u00fa na t\u00fd\u017edne W1, W2, W3 a W4 nemo\u017eno presun\u00fa\u0165 na t\u00fd\u017edne W5, W6, W7 a W8.<\/p>\r\n<p><strong>Zmeny term\u00ednov po registr\u00e1ci\u00ed na t\u00fd\u017edne W5, W6, W7 a W8 <\/strong>s\u00fa mo\u017en\u00e9 do 10.7.2026, ak s\u00fa v danom t\u00fd\u017edni e\u0161te vo\u013en\u00e9 miesta. Tie term\u00edny, ktor\u00e9 sa vz\u0165ahuj\u00fa na t\u00fd\u017edne W5, W6, W7 a W8 nemo\u017eno presun\u00fa\u0165 na t\u00fd\u017edne W1, W2, W3 a W4.<\/p>\r\n<p><span style=\"color: #ff0000;\"><strong>Zmeny term\u00ednov nahlasujte alebo v pr\u00edpade ak\u00fdchko\u013evek ot\u00e1zok n\u00e1s pros\u00edm kontaktujte v\u00fdhradne p\u00edsomne na na\u0161ej e-mailovej adrese <\/strong><\/span><a href=\"mailto:camp@hoxfort.sk\"><span style=\"color: #0000ff;\">camp@hoxfort.sk\u00a0<\/span><\/a><\/p>\r\n<p><strong><span style=\"color: #ff0000;\">Registra\u010dn\u00fd poplatok je nen\u00e1vratn\u00fd v pr\u00edpade nepr\u00edtomnosti die\u0165a\u0165a na zaplaten\u00fdch term\u00ednov z d\u00f4vodov, za ktor\u00e9 nezodpoved\u00e1 \u0161k\u00f4lka.<\/span><\/strong><\/p>\r\n<p>\r\n\r\n<\/p>\r\n<p><strong>Registr\u00e1ciu je mo\u017en\u00e9 vyplni\u0165 iba elektronicky. <span style=\"color: #ff0000;\">V pr\u00edpade, \u017ee va\u0161a registr\u00e1cia neprebehla \u00faspe\u0161ne, pros\u00edm, kontaktujte n\u00e1s na telef\u00f3nnom \u010d\u00edsle 0948 388 565<\/span><\/strong><\/p>\r\n\r\n\r\n\r\n\r\n\n<div class=\"wpcf7 no-js\" id=\"wpcf7-f447-o1\" lang=\"en-US\" dir=\"ltr\">\n<div class=\"screen-reader-response\"><p role=\"status\" aria-live=\"polite\" aria-atomic=\"true\"><\/p> <ul><\/ul><\/div>\n<form action=\"\/index.php?rest_route=%2Fwp%2Fv2%2Fpages%2F279#wpcf7-f447-o1\" method=\"post\" class=\"wpcf7-form init\" aria-label=\"Contact form\" novalidate=\"novalidate\" data-status=\"init\">\n<div style=\"display: none;\">\n<input type=\"hidden\" name=\"_wpcf7\" value=\"447\" \/>\n<input type=\"hidden\" name=\"_wpcf7_version\" value=\"5.8.3\" \/>\n<input type=\"hidden\" name=\"_wpcf7_locale\" value=\"en_US\" \/>\n<input type=\"hidden\" name=\"_wpcf7_unit_tag\" value=\"wpcf7-f447-o1\" \/>\n<input type=\"hidden\" name=\"_wpcf7_container_post\" value=\"0\" \/>\n<input type=\"hidden\" name=\"_wpcf7_posted_data_hash\" value=\"\" \/>\n<\/div>\n<p><label> Meno a priezvisko die\u0165ata<br \/>\n<span class=\"wpcf7-form-control-wrap\" data-name=\"MENOAPRIEZVISKODIEAA\"><input size=\"40\" class=\"wpcf7-form-control wpcf7-text wpcf7-validates-as-required\" aria-required=\"true\" aria-invalid=\"false\" value=\"\" type=\"text\" name=\"MENOAPRIEZVISKODIEAA\" \/><\/span><\/label>\n<\/p>\n<p><label> D\u00e1tum narodenia<br \/>\n<span class=\"wpcf7-form-control-wrap\" data-name=\"DNarodenia\"><input size=\"40\" class=\"wpcf7-form-control wpcf7-text wpcf7-validates-as-required\" aria-required=\"true\" aria-invalid=\"false\" value=\"\" type=\"text\" name=\"DNarodenia\" \/><\/span><\/label>\n<\/p>\n<p><label> Rodn\u00e9 \u010d\u00edslo<br \/>\n<span class=\"wpcf7-form-control-wrap\" data-name=\"Rodnslo\"><input size=\"40\" class=\"wpcf7-form-control wpcf7-text wpcf7-validates-as-required\" aria-required=\"true\" aria-invalid=\"false\" value=\"\" type=\"text\" name=\"Rodnslo\" \/><\/span><\/label>\n<\/p>\n<p><label> Trval\u00e9 bydlisko die\u0165a\u0165a<br \/>\nUlica, \u010d\u00edslo domu, PS\u010c, Mesto<br \/>\n<span class=\"wpcf7-form-control-wrap\" data-name=\"Trvalbydliskodieaa\"><textarea cols=\"40\" rows=\"10\" class=\"wpcf7-form-control wpcf7-textarea wpcf7-validates-as-required\" aria-required=\"true\" aria-invalid=\"false\" name=\"Trvalbydliskodieaa\"><\/textarea><\/span><\/label>\n<\/p>\n<p><label><br \/>\nOtec die\u0165a\u0165a<br \/>\nMeno a priezvisko<br \/>\n<span class=\"wpcf7-form-control-wrap\" data-name=\"Otecdieaa\"><input size=\"40\" class=\"wpcf7-form-control wpcf7-text wpcf7-validates-as-required\" aria-required=\"true\" aria-invalid=\"false\" value=\"\" type=\"text\" name=\"Otecdieaa\" \/><\/span><\/label><br \/>\n<label> Trval\u00e9 bydlisko otca<br \/>\nUlica, \u010d\u00edslo domu, PS\u010c, Mesto<br \/>\n<span class=\"wpcf7-form-control-wrap\" data-name=\"BOtca\"><textarea cols=\"40\" rows=\"10\" class=\"wpcf7-form-control wpcf7-textarea wpcf7-validates-as-required\" aria-required=\"true\" aria-invalid=\"false\" name=\"BOtca\"><\/textarea><\/span><\/label><br \/>\n<label> E-mail <span class=\"wpcf7-form-control-wrap\" data-name=\"emailotca\"><input size=\"40\" class=\"wpcf7-form-control wpcf7-email wpcf7-validates-as-required wpcf7-text wpcf7-validates-as-email\" aria-required=\"true\" aria-invalid=\"false\" value=\"\" type=\"email\" name=\"emailotca\" \/><\/span><\/label><br \/>\n<label> Tel. <span class=\"wpcf7-form-control-wrap\" data-name=\"telo\"><input size=\"40\" class=\"wpcf7-form-control wpcf7-text\" aria-invalid=\"false\" value=\"\" type=\"text\" name=\"telo\" \/><\/span><\/label>\n<\/p>\n<p><label><br \/>\nMatka die\u0165a\u0165a<br \/>\nMeno a priezvisko<br \/>\n<span class=\"wpcf7-form-control-wrap\" data-name=\"Mmatky\"><input size=\"40\" class=\"wpcf7-form-control wpcf7-text\" aria-invalid=\"false\" value=\"\" type=\"text\" name=\"Mmatky\" \/><\/span><\/label><br \/>\n<label> Trval\u00e9 bydlisko matky<br \/>\nUlica, \u010d\u00edslo domu, PS\u010c, Mesto<br \/>\n<span class=\"wpcf7-form-control-wrap\" data-name=\"BMatky\"><textarea cols=\"40\" rows=\"10\" class=\"wpcf7-form-control wpcf7-textarea wpcf7-validates-as-required\" aria-required=\"true\" aria-invalid=\"false\" name=\"BMatky\"><\/textarea><\/span><\/label><br \/>\n<label> E-mail <span class=\"wpcf7-form-control-wrap\" data-name=\"emailmatky\"><input size=\"40\" class=\"wpcf7-form-control wpcf7-email wpcf7-validates-as-required wpcf7-text wpcf7-validates-as-email\" aria-required=\"true\" aria-invalid=\"false\" value=\"\" type=\"email\" name=\"emailmatky\" \/><\/span><\/label><br \/>\n<label> Tel. <span class=\"wpcf7-form-control-wrap\" data-name=\"tmama\"><input size=\"40\" class=\"wpcf7-form-control wpcf7-text\" aria-invalid=\"false\" value=\"\" type=\"text\" name=\"tmama\" \/><\/span><\/label>\n<\/p>\n<p><label>Poveren\u00e9 osoby na vyzdvihnutie die\u0165a\u0165a<br \/>\n<span class=\"wpcf7-form-control-wrap\" data-name=\"PovereneO\"><textarea cols=\"40\" rows=\"10\" class=\"wpcf7-form-control wpcf7-textarea\" aria-invalid=\"false\" name=\"PovereneO\"><\/textarea><\/span><\/label>\n<\/p>\n<p style=\"color:red;\">De\u0165om je mo\u017en\u00e9 individu\u00e1lne objedna\u0165 stravu len vtedy, ak pos\u00fadenie<br \/>\nlek\u00e1ra so \u0161pecializ\u00e1ciou v pr\u00edslu\u0161nom \u0161pecializa\u010dnom odbore dokladuje,<br \/>\n\u017ee zdravotn\u00fd stav die\u0165a\u0165a vy\u017eaduje osobitn\u00e9 stravovanie.<br \/>\nPotvrdenie od lek\u00e1ra je potrebn\u00e9 posla\u0165 e-mailom na <b>camp@hoxfort.sk<\/b>\n<\/p>\n<p>V\u00fdber mo\u017enost\u00ed individu\u00e1lnej stravy<br \/>\n<span class=\"wpcf7-form-control-wrap\" data-name=\"Inalepok\"><span class=\"wpcf7-form-control wpcf7-acceptance optional\"><span class=\"wpcf7-list-item\"><input type=\"checkbox\" name=\"Inalepok\" value=\"1\" aria-invalid=\"false\" \/><\/span><\/span><\/span> Intolerancia na lepok<br \/>\n<span class=\"wpcf7-form-control-wrap\" data-name=\"Inalaktozu\"><span class=\"wpcf7-form-control wpcf7-acceptance optional\"><span class=\"wpcf7-list-item\"><input type=\"checkbox\" name=\"Inalaktozu\" value=\"1\" aria-invalid=\"false\" \/><\/span><\/span><\/span> Intolerancia na lakt\u00f3zu a mlieko<br \/>\n<span class=\"wpcf7-form-control-wrap\" data-name=\"Diabetes\"><span class=\"wpcf7-form-control wpcf7-acceptance optional\"><span class=\"wpcf7-list-item\"><input type=\"checkbox\" name=\"Diabetes\" value=\"1\" aria-invalid=\"false\" \/><\/span><\/span><\/span> Diabetes<br \/>\n<span class=\"wpcf7-form-control-wrap\" data-name=\"Nhistamin\"><span class=\"wpcf7-form-control wpcf7-acceptance optional\"><span class=\"wpcf7-list-item\"><input type=\"checkbox\" name=\"Nhistamin\" value=\"1\" aria-invalid=\"false\" \/><\/span><\/span><\/span> N\u00edzka histam\u00ednov\u00e1 intolerancia\n<\/p>\n<p>Z\u00e1konn\u00fd z\u00e1stupca<br \/>\n<span class=\"wpcf7-form-control-wrap\" data-name=\"zzmatka\"><span class=\"wpcf7-form-control wpcf7-acceptance optional\"><span class=\"wpcf7-list-item\"><input type=\"checkbox\" name=\"zzmatka\" value=\"1\" aria-invalid=\"false\" \/><\/span><\/span><\/span> MATKA<br \/>\n<span class=\"wpcf7-form-control-wrap\" data-name=\"zzotec\"><span class=\"wpcf7-form-control wpcf7-acceptance optional\"><span class=\"wpcf7-list-item\"><input type=\"checkbox\" name=\"zzotec\" value=\"1\" aria-invalid=\"false\" \/><\/span><\/span><\/span> OTEC\n<\/p>\n<p>V\u00fdber term\u00ednov (za\u0161krtnite vami zvolen\u00e9 term\u00edny\/term\u00edn)<br \/>\n<span class=\"wpcf7-form-control-wrap\" data-name=\"w1\"><span class=\"wpcf7-form-control wpcf7-acceptance optional\"><span class=\"wpcf7-list-item\"><input type=\"checkbox\" name=\"w1\" value=\"1\" aria-invalid=\"false\" \/><\/span><\/span><\/span> W1 (j\u00fal 6.-10.)<br \/>\n<span class=\"wpcf7-form-control-wrap\" data-name=\"w2\"><span class=\"wpcf7-form-control wpcf7-acceptance optional\"><span class=\"wpcf7-list-item\"><input type=\"checkbox\" name=\"w2\" value=\"1\" aria-invalid=\"false\" \/><\/span><\/span><\/span> W2 (j\u00fal 13.-17.)<br \/>\n<span class=\"wpcf7-form-control-wrap\" data-name=\"w3\"><span class=\"wpcf7-form-control wpcf7-acceptance optional\"><span class=\"wpcf7-list-item\"><input type=\"checkbox\" name=\"w3\" value=\"1\" aria-invalid=\"false\" \/><\/span><\/span><\/span> W3 (j\u00fal 20.-24.)<br \/>\n<span class=\"wpcf7-form-control-wrap\" data-name=\"w4\"><span class=\"wpcf7-form-control wpcf7-acceptance optional\"><span class=\"wpcf7-list-item\"><input type=\"checkbox\" name=\"w4\" value=\"1\" aria-invalid=\"false\" \/><\/span><\/span><\/span> W4 (j\u00fal 27.-31.)<br \/>\n<span class=\"wpcf7-form-control-wrap\" data-name=\"w5\"><span class=\"wpcf7-form-control wpcf7-acceptance optional\"><span class=\"wpcf7-list-item\"><input type=\"checkbox\" name=\"w5\" value=\"1\" aria-invalid=\"false\" \/><\/span><\/span><\/span> W5 (august 3.-7.)<br \/>\n<span class=\"wpcf7-form-control-wrap\" data-name=\"w6\"><span class=\"wpcf7-form-control wpcf7-acceptance optional\"><span class=\"wpcf7-list-item\"><input type=\"checkbox\" name=\"w6\" value=\"1\" aria-invalid=\"false\" \/><\/span><\/span><\/span> W6 (august 10.-14.)<br \/>\n<span class=\"wpcf7-form-control-wrap\" data-name=\"w7\"><span class=\"wpcf7-form-control wpcf7-acceptance optional\"><span class=\"wpcf7-list-item\"><input type=\"checkbox\" name=\"w7\" value=\"1\" aria-invalid=\"false\" \/><\/span><\/span><\/span> W7 (august 17.-21.)<br \/>\n<span class=\"wpcf7-form-control-wrap\" data-name=\"w8\"><span class=\"wpcf7-form-control wpcf7-acceptance optional\"><span class=\"wpcf7-list-item\"><input type=\"checkbox\" name=\"w8\" value=\"1\" aria-invalid=\"false\" \/><\/span><\/span><\/span> W8 (august 24.-28.)\n<\/p>\n<p><span class=\"wpcf7-form-control-wrap\" data-name=\"zprihlaska\"><span class=\"wpcf7-form-control wpcf7-acceptance\"><span class=\"wpcf7-list-item\"><input type=\"checkbox\" name=\"zprihlaska\" value=\"1\" aria-invalid=\"false\" \/><\/span><\/span><\/span> Ja, z\u00e1konn\u00fd z\u00e1stupca die\u0165a\u0165a, t\u00fdmto z\u00e1v\u00e4zne prihlasujem svoje die\u0165a do zariadenia starostlivosti o\u00a0deti pred\u0161kolsk\u00e9ho veku s\u00a0n\u00e1zvom s\u00fakromn\u00e1 matersk\u00e1 \u0161kola HOXFORT, Kuku\u010d\u00ednova 6666, Dunajsk\u00e1 Streda.\n<\/p>\n<p><span class=\"wpcf7-form-control-wrap\" data-name=\"zsposobilost\"><span class=\"wpcf7-form-control wpcf7-acceptance\"><span class=\"wpcf7-list-item\"><input type=\"checkbox\" name=\"zsposobilost\" value=\"1\" aria-invalid=\"false\" \/><\/span><\/span><\/span> Prehlasujem, \u017ee moje die\u0165a je zdravotne sp\u00f4sobil\u00e9 na pobyt v\u00a0kolekt\u00edve det\u00ed a\u00a0doklad o\u00a0zdravotnom stave die\u0165a\u0165a predlo\u017e\u00edm v\u00a0de\u0148 n\u00e1stupu die\u0165a\u0165a do s\u00fakromnej materskej \u0161koly HOXFORT.\n<\/p>\n<p>[recaptcha size:compact]<br \/>\n<input class=\"wpcf7-form-control wpcf7-submit has-spinner\" type=\"submit\" value=\"Odo\u0161li\" \/>\n<\/p><div class=\"wpcf7-response-output\" aria-hidden=\"true\"><\/div>\n<\/form>\n<\/div>\n\n","protected":false},"excerpt":{"rendered":"<p>Registr\u00e1cie prij\u00edmame priebe\u017ene a predbe\u017ene ich aj potvrd\u00edme. Od 1.m\u00e1ja 2026\u00a0budeme registrovan\u00fdm zasiela\u0165 v\u0161etky potrebn\u00e9 inform\u00e1cie o na\u0161om t\u00e1bore a jeho prev\u00e1dzke, ako aj dokumenty s\u00favisiace s registr\u00e1ciou. VO\u013dN\u00c9 MIESTA&hellip;<\/p>\n","protected":false},"author":1,"featured_media":668,"parent":0,"menu_order":0,"comment_status":"closed","ping_status":"closed","template":"","meta":{"_monsterinsights_skip_tracking":false,"_monsterinsights_sitenote_active":false,"_monsterinsights_sitenote_note":"","_monsterinsights_sitenote_category":0,"footnotes":""},"_links":{"self":[{"href":"https:\/\/www.hoxfort.sk\/index.php?rest_route=\/wp\/v2\/pages\/279"}],"collection":[{"href":"https:\/\/www.hoxfort.sk\/index.php?rest_route=\/wp\/v2\/pages"}],"about":[{"href":"https:\/\/www.hoxfort.sk\/index.php?rest_route=\/wp\/v2\/types\/page"}],"author":[{"embeddable":true,"href":"https:\/\/www.hoxfort.sk\/index.php?rest_route=\/wp\/v2\/users\/1"}],"replies":[{"embeddable":true,"href":"https:\/\/www.hoxfort.sk\/index.php?rest_route=%2Fwp%2Fv2%2Fcomments&post=279"}],"version-history":[{"count":194,"href":"https:\/\/www.hoxfort.sk\/index.php?rest_route=\/wp\/v2\/pages\/279\/revisions"}],"predecessor-version":[{"id":2673,"href":"https:\/\/www.hoxfort.sk\/index.php?rest_route=\/wp\/v2\/pages\/279\/revisions\/2673"}],"wp:featuredmedia":[{"embeddable":true,"href":"https:\/\/www.hoxfort.sk\/index.php?rest_route=\/wp\/v2\/media\/668"}],"wp:attachment":[{"href":"https:\/\/www.hoxfort.sk\/index.php?rest_route=%2Fwp%2Fv2%2Fmedia&parent=279"}],"curies":[{"name":"wp","href":"https:\/\/api.w.org\/{rel}","templated":true}]}}