{"id":258,"date":"2018-09-15T18:28:47","date_gmt":"2018-09-15T19:28:47","guid":{"rendered":"http:\/\/www.hoxfort.sk\/?page_id=258"},"modified":"2025-07-09T05:39:14","modified_gmt":"2025-07-09T06:39:14","slug":"kruzok-slovenciny","status":"publish","type":"page","link":"https:\/\/www.hoxfort.sk\/?page_id=258&lang=hu","title":{"rendered":"BRIG\u00c1DOS"},"content":{"rendered":"<h1><img loading=\"lazy\" decoding=\"async\" class=\"alignnone size-medium wp-image-1181\" src=\"https:\/\/www.hoxfort.sk\/wp-content\/uploads\/2022\/10\/38701554-nursery-teacher-playing-with-the-kids-300x200.jpg\" alt=\"\" width=\"300\" height=\"200\" srcset=\"https:\/\/www.hoxfort.sk\/wp-content\/uploads\/2022\/10\/38701554-nursery-teacher-playing-with-the-kids-300x200.jpg 300w, https:\/\/www.hoxfort.sk\/wp-content\/uploads\/2022\/10\/38701554-nursery-teacher-playing-with-the-kids-140x93.jpg 140w, https:\/\/www.hoxfort.sk\/wp-content\/uploads\/2022\/10\/38701554-nursery-teacher-playing-with-the-kids.jpg 660w\" sizes=\"(max-width: 300px) 100vw, 300px\" \/><\/h1>\n<h1><strong>BRIG\u00c1DNI\u010cKA<\/strong><\/h1>\n<p><span style=\"color: #339966;\"><strong>Poz\u00edcia vyhovuj\u00faca pre \u0161tudentov.<\/strong><\/span><\/p>\n<p><strong><span style=\"color: #ff0000;\">Poz\u00edcia je obsaden\u00e1<\/span><\/strong><\/p>\n<p><strong>Miesto pr\u00e1ce<\/strong><br \/>\nKuku\u010d\u00ednova 6666, Dunajsk\u00e1 Streda<\/p>\n<p><strong>Druh pracovn\u00e9ho pomeru<\/strong><br \/>\ndohoda<\/p>\n<p><strong>Pracovn\u00fd \u010das\u00a0<\/strong>(pondelok-piatok)<\/p>\n<p><strong>od<\/strong> 8:30 <strong>do<\/strong> 16:30<\/p>\n<p><strong>Pracovn\u00e1 doba<\/strong><br \/>\n1.7. &#8211; 31.8. 2025<\/p>\n<p><strong>Mzdov\u00e9 podmienky (brutto)<\/strong><\/p>\n<p>n\/a<\/p>\n<p><strong>Kontakt<\/strong><\/p>\n<p>Motiva\u010dn\u00fd list\u00a0 zasielajte na hoxfort@hoxfort.sk Do predmetu spr\u00e1vy uve\u010fte pros\u00edm BRIG\u00c1DNI\u010cKA<br \/>\n\u010eakujem v\u0161etk\u00fdm uch\u00e1dza\u010dom za prejaven\u00fd z\u00e1ujem.<\/p>\n","protected":false},"excerpt":{"rendered":"<p>BRIG\u00c1DNI\u010cKA Poz\u00edcia vyhovuj\u00faca pre \u0161tudentov. Poz\u00edcia je obsaden\u00e1 Miesto pr\u00e1ce Kuku\u010d\u00ednova 6666, Dunajsk\u00e1 Streda Druh pracovn\u00e9ho pomeru dohoda Pracovn\u00fd \u010das\u00a0(pondelok-piatok) od 8:30 do 16:30 Pracovn\u00e1 doba 1.7. &#8211; 31.8. 2025&hellip;<\/p>\n","protected":false},"author":1,"featured_media":1181,"parent":0,"menu_order":0,"comment_status":"closed","ping_status":"closed","template":"","meta":{"_monsterinsights_skip_tracking":false,"_monsterinsights_sitenote_active":false,"_monsterinsights_sitenote_note":"","_monsterinsights_sitenote_category":0,"footnotes":""},"_links":{"self":[{"href":"https:\/\/www.hoxfort.sk\/index.php?rest_route=\/wp\/v2\/pages\/258"}],"collection":[{"href":"https:\/\/www.hoxfort.sk\/index.php?rest_route=\/wp\/v2\/pages"}],"about":[{"href":"https:\/\/www.hoxfort.sk\/index.php?rest_route=\/wp\/v2\/types\/page"}],"author":[{"embeddable":true,"href":"https:\/\/www.hoxfort.sk\/index.php?rest_route=\/wp\/v2\/users\/1"}],"replies":[{"embeddable":true,"href":"https:\/\/www.hoxfort.sk\/index.php?rest_route=%2Fwp%2Fv2%2Fcomments&post=258"}],"version-history":[{"count":27,"href":"https:\/\/www.hoxfort.sk\/index.php?rest_route=\/wp\/v2\/pages\/258\/revisions"}],"predecessor-version":[{"id":2518,"href":"https:\/\/www.hoxfort.sk\/index.php?rest_route=\/wp\/v2\/pages\/258\/revisions\/2518"}],"wp:featuredmedia":[{"embeddable":true,"href":"https:\/\/www.hoxfort.sk\/index.php?rest_route=\/wp\/v2\/media\/1181"}],"wp:attachment":[{"href":"https:\/\/www.hoxfort.sk\/index.php?rest_route=%2Fwp%2Fv2%2Fmedia&parent=258"}],"curies":[{"name":"wp","href":"https:\/\/api.w.org\/{rel}","templated":true}]}}