{"id":255,"date":"2018-09-15T18:27:26","date_gmt":"2018-09-15T19:27:26","guid":{"rendered":"http:\/\/www.hoxfort.sk\/?page_id=255"},"modified":"2025-07-09T05:38:37","modified_gmt":"2025-07-09T06:38:37","slug":"kruzok-anglicstiny","status":"publish","type":"page","link":"https:\/\/www.hoxfort.sk\/?page_id=255&lang=hu","title":{"rendered":"ASSZISZTENS"},"content":{"rendered":"<h1>ASISTENTKA<\/h1>\n<p><strong>Vzdelanie<\/strong><\/p>\n<p>stredo\u0161kolsk\u00e9 s maturitou<\/p>\n<p><strong>Miesto pr\u00e1ce<\/strong><br \/>\nKuku\u010d\u00ednova 6666, Dunajsk\u00e1 Streda<\/p>\n<p><strong>Druh pracovn\u00e9ho pomeru<\/strong><br \/>\npolovi\u010dn\u00fd \u00fav\u00e4zok \/ pln\u00fd \u00fav\u00e4zok<\/p>\n<p><strong>Pracovn\u00fd \u010das <\/strong>(pondelok-piatok)<\/p>\n<p><strong>od<\/strong> 9:30 <strong>do<\/strong> 15:00<\/p>\n<p><strong>Term\u00edn n\u00e1stupu<\/strong><br \/>\n<strong><span style=\"color: #ff0000;\">Poz\u00edcia je obsaden\u00e1<\/span><\/strong><\/p>\n<p><strong>Mzdov\u00e9 podmienky (brutto)<\/strong><br \/>\nn\/a<\/p>\n<p><strong>Mzdov\u00e9 podmienky (netto)<\/strong><br \/>\nn\/a<\/p>\n<p><strong>N\u00e1pl\u0148 pr\u00e1ce, pr\u00e1vomoci a zodpovednosti<\/strong><\/p>\n<p>Spolupr\u00e1ca s vyu\u010duj\u00facimi a asistencia pri \u0161kolsk\u00fdch akci\u00e1ch<\/p>\n<p><strong>Zamestnaneck\u00e9 v\u00fdhody, benefity<\/strong><\/p>\n<p>rodinn\u00e9 prostredie<\/p>\n<p><strong>Jazykov\u00e9 znalosti<\/strong><\/p>\n<p>Ma\u010farsk\u00fd jazyk\u00a0 <strong>a<\/strong> Slovensk\u00fd jazyk <strong>alebo<\/strong> Anglick\u00fd jazyk<\/p>\n<p><strong>Osobnostn\u00e9 predpoklady a zru\u010dnosti<\/strong><\/p>\n<p>soci\u00e1lne zru\u010dnosti, samostatnos\u0165 a spo\u013eahlivos\u0165, pr\u00edjemn\u00e9 vystupovanie, zodpovednos\u0165, trpezlivos\u0165, l\u00e1skav\u00fd pr\u00edstup k de\u0165om a \u00fasmev na tv\u00e1ri \ud83d\ude42<\/p>\n<p><strong>Kontakt<\/strong><\/p>\n<p>Motiva\u010dn\u00fd list spolu so \u017eivotopisom v slovenskom jazyku zasielajte na <a href=\"mailto:hoxfort@hoxfort.sk\">hoxfort@hoxfort.sk<\/a> Do predmetu spr\u00e1vy uve\u010fte pros\u00edm ASISTENTKA.<br \/>\nKontaktova\u0165 budem len t\u00fdch, ktor\u00ed sp\u013a\u0148aj\u00fa uveden\u00e9 krit\u00e9ri\u00e1.<br \/>\n\u010eakujem v\u0161etk\u00fdm uch\u00e1dza\u010dom za prejaven\u00fd z\u00e1ujem.<\/p>\n","protected":false},"excerpt":{"rendered":"<p>ASISTENTKA Vzdelanie stredo\u0161kolsk\u00e9 s maturitou Miesto pr\u00e1ce Kuku\u010d\u00ednova 6666, Dunajsk\u00e1 Streda Druh pracovn\u00e9ho pomeru polovi\u010dn\u00fd \u00fav\u00e4zok \/ pln\u00fd \u00fav\u00e4zok Pracovn\u00fd \u010das (pondelok-piatok) od 9:30 do 15:00 Term\u00edn n\u00e1stupu Poz\u00edcia je&hellip;<\/p>\n","protected":false},"author":1,"featured_media":0,"parent":0,"menu_order":0,"comment_status":"closed","ping_status":"closed","template":"","meta":{"_monsterinsights_skip_tracking":false,"_monsterinsights_sitenote_active":false,"_monsterinsights_sitenote_note":"","_monsterinsights_sitenote_category":0,"footnotes":""},"_links":{"self":[{"href":"https:\/\/www.hoxfort.sk\/index.php?rest_route=\/wp\/v2\/pages\/255"}],"collection":[{"href":"https:\/\/www.hoxfort.sk\/index.php?rest_route=\/wp\/v2\/pages"}],"about":[{"href":"https:\/\/www.hoxfort.sk\/index.php?rest_route=\/wp\/v2\/types\/page"}],"author":[{"embeddable":true,"href":"https:\/\/www.hoxfort.sk\/index.php?rest_route=\/wp\/v2\/users\/1"}],"replies":[{"embeddable":true,"href":"https:\/\/www.hoxfort.sk\/index.php?rest_route=%2Fwp%2Fv2%2Fcomments&post=255"}],"version-history":[{"count":30,"href":"https:\/\/www.hoxfort.sk\/index.php?rest_route=\/wp\/v2\/pages\/255\/revisions"}],"predecessor-version":[{"id":2517,"href":"https:\/\/www.hoxfort.sk\/index.php?rest_route=\/wp\/v2\/pages\/255\/revisions\/2517"}],"wp:attachment":[{"href":"https:\/\/www.hoxfort.sk\/index.php?rest_route=%2Fwp%2Fv2%2Fmedia&parent=255"}],"curies":[{"name":"wp","href":"https:\/\/api.w.org\/{rel}","templated":true}]}}