{"id":2117,"date":"2025-01-20T13:12:38","date_gmt":"2025-01-20T14:12:38","guid":{"rendered":"https:\/\/www.hoxfort.sk\/?page_id=2117"},"modified":"2025-08-26T09:19:53","modified_gmt":"2025-08-26T10:19:53","slug":"volne-miesta","status":"publish","type":"page","link":"https:\/\/www.hoxfort.sk\/?page_id=2117","title":{"rendered":"VO\u013dN\u00c9 MIESTA"},"content":{"rendered":"<p><strong>Vo\u013en\u00e9 miesta: 3<\/strong><\/p>\n<h2 style=\"text-align: center;\"><strong><a href=\"https:\/\/www.hoxfort.sk\/?page_id=204\">REGISTR\u00c1CIA<\/a><\/strong><\/h2>\n","protected":false},"excerpt":{"rendered":"<p>Vo\u013en\u00e9 miesta: 3 REGISTR\u00c1CIA<\/p>\n","protected":false},"author":2,"featured_media":0,"parent":0,"menu_order":0,"comment_status":"closed","ping_status":"closed","template":"","meta":{"_monsterinsights_skip_tracking":false,"_monsterinsights_sitenote_active":false,"_monsterinsights_sitenote_note":"","_monsterinsights_sitenote_category":0,"footnotes":""},"_links":{"self":[{"href":"https:\/\/www.hoxfort.sk\/index.php?rest_route=\/wp\/v2\/pages\/2117"}],"collection":[{"href":"https:\/\/www.hoxfort.sk\/index.php?rest_route=\/wp\/v2\/pages"}],"about":[{"href":"https:\/\/www.hoxfort.sk\/index.php?rest_route=\/wp\/v2\/types\/page"}],"author":[{"embeddable":true,"href":"https:\/\/www.hoxfort.sk\/index.php?rest_route=\/wp\/v2\/users\/2"}],"replies":[{"embeddable":true,"href":"https:\/\/www.hoxfort.sk\/index.php?rest_route=%2Fwp%2Fv2%2Fcomments&post=2117"}],"version-history":[{"count":9,"href":"https:\/\/www.hoxfort.sk\/index.php?rest_route=\/wp\/v2\/pages\/2117\/revisions"}],"predecessor-version":[{"id":2557,"href":"https:\/\/www.hoxfort.sk\/index.php?rest_route=\/wp\/v2\/pages\/2117\/revisions\/2557"}],"wp:attachment":[{"href":"https:\/\/www.hoxfort.sk\/index.php?rest_route=%2Fwp%2Fv2%2Fmedia&parent=2117"}],"curies":[{"name":"wp","href":"https:\/\/api.w.org\/{rel}","templated":true}]}}