{"id":2052,"date":"2024-09-09T05:23:37","date_gmt":"2024-09-09T06:23:37","guid":{"rendered":"https:\/\/www.hoxfort.sk\/?page_id=2052"},"modified":"2026-02-25T08:07:22","modified_gmt":"2026-02-25T09:07:22","slug":"gyakori-kerdesek-2","status":"publish","type":"page","link":"https:\/\/www.hoxfort.sk\/?page_id=2052&lang=hu","title":{"rendered":"GYAKORI K\u00c9RD\u00c9SEK"},"content":{"rendered":"<p><em>\u00d3vod\u00e1nk a ny\u00e1ri sz\u00fcnid\u0151 alatt soksz\u00edn\u0171 sz\u00f3rakoztat\u00f3 szabadt\u00e9ri \u00e9s belt\u00e9ri programot \u00e9s \u00e9lm\u00e9nyekben gazdag hangulatot k\u00edn\u00e1l a m\u00e1s \u00f3vod\u00e1kb\u00f3l \u00e9rkez\u0151 gyermekek sz\u00e1m\u00e1ra is.<\/em> <em>Gyermeke sz\u00e1m\u00e1ra heti vagy havi turnusokat v\u00e1s\u00e1rolhat saj\u00e1t ig\u00e9nyei alapj\u00e1n.<\/em><\/p>\r\n<p><strong>Nyitvatart\u00e1si id\u0151<\/strong><\/p>\r\n<p><em>7:00 &#8211; 17:00<\/em><\/p>\r\n<p><strong>Mi a t\u00e1bori program?<\/strong><\/p>\r\n<p><em>Napi <\/em><strong><a href=\"https:\/\/www.hoxfort.sk\/?page_id=397&amp;lang=hu\">aktivit\u00e1saink<\/a> <\/strong><em>helysz\u00ednei az id\u0151j\u00e1r\u00e1st\u00f3l f\u00fcggenek. Rossz id\u0151 eset\u00e9n a\u00a0benti termeinkben, j\u00f3 id\u0151ben pedig az udvarunkon folynak a sz\u00ednesebbn\u00e9l sz\u00ednesebb sz\u00f3rakoztat\u00f3 \u00e9s m\u00f3k\u00e1s programjaink. T\u00e1borunk programj\u00e1t \u00fagy \u00e9p\u00edtett\u00fck fel, hogy az id\u0151j\u00e1r\u00e1s ne tudja befoly\u00e1solni a\u00a0gyermekek mindennapi j\u00f3kedv\u00e9t \u00e9s sz\u00f3rakoz\u00e1s\u00e1t.<\/em><\/p>\r\n<p><strong>Mennyibe ker\u00fcl a\u00a0t\u00e1bor?<\/strong><\/p>\r\n<p style=\"text-align: center;\"><span style=\"color: #000000;\"><a class=\"wp-block-button__link has-background\" style=\"background-color: #c02c2c; color: #000000;\" href=\"https:\/\/www.hoxfort.sk\/wp-content\/uploads\/2025\/12\/CAMP-CENY-2026.png\">\u00c1rak<\/a><\/span><\/p>\r\n<!-- \/wp:paragraph -->\r\n\r\n<!-- wp:file {\"id\":879,\"href\":\"https:\/\/www.hoxfort.sk\/wp-content\/uploads\/2021\/02\/Cennik-CAMP-2021-1.pdf\"} --><!-- \/wp:file -->\r\n\r\n<!-- wp:button {\"style\":{\"color\":{\"background\":\"#c02c2c\"}},\"align\":\"center\"} -->\r\n<div>\u00a0<\/div>\r\n<p><strong>Van-e plusz k\u00f6lts\u00e9ge a\u00a0t\u00e1bornak?<\/strong><\/p>\r\n<p><em>A\u00a0t\u00e1bor d\u00edja minden k\u00f6lts\u00e9get fedez.<\/em><\/p>\r\n<p><strong>Mit tartalmaz a t\u00e1bor d\u00edja?<\/strong><\/p>\r\n<ul>\r\n<li><em>napi 3x \u00e9tkez\u00e9st ( t\u00edz\u00f3rai, eb\u00e9d uzsonna)<\/em><\/li>\r\n<li><em>napi aj\u00e1nlott mennyis\u00e9g\u0171 gy\u00fcm\u00f6lcs- \u00e9s z\u00f6lds\u00e9gfogyaszt\u00e1st<\/em><\/li>\r\n<li><em>napi sz\u00fcks\u00e9ges folyad\u00e9kmennyis\u00e9get<\/em><\/li>\r\n<li><em>fel\u00fcgyeletet napi 10 \u00f3r\u00e1n kereszt\u00fcl<\/em><\/li>\r\n<li><em>napi aktu\u00e1lis foglalkoztat\u00e1s d\u00edj\u00e1t<\/em><\/li>\r\n<li><em>\u00e1gynem\u0171 tiszt\u00edt\u00e1s\u00e1t<\/em><\/li>\r\n<li><em>napi tiszt\u00e1lkod\u00e1shoz sz\u00fcks\u00e9ges drog\u00e9ri\u00e1t<\/em><\/li>\r\n<li><em>amortiz\u00e1ci\u00f3s d\u00edjat<\/em><\/li>\r\n<\/ul>\r\n<p><strong>H\u00e1ny \u00e9ves kort\u00f3l lehet regisztr\u00e1lni a\u00a0t\u00e1borba \u00e9s mi a\u00a0maxim\u00e1lis korhat\u00e1r?<\/strong><\/p>\r\n<p><em>2,5 \u00e9ves kort\u00f3l lehet <\/em><a href=\"https:\/\/www.hoxfort.sk\/?page_id=402&amp;lang=hu\"><strong>regisztr\u00e1lni<\/strong><\/a><em> t\u00e1borunkban. A maxim\u00e1lis korhat\u00e1r 7 \u00e9ves korig. A 7+ korhat\u00e1rn\u00e1l k\u00edv\u00e9telt tesz\u00fcnk abban az esetben, ha gyermeke m\u00e1r az el\u0151z\u0151 \u00e9vekben regisztr\u00e1lva volt vagy kistestv\u00e9re k\u00eds\u00e9r\u0151jek\u00e9nt venne r\u00e9szt t\u00e1borunkban. <\/em><span style=\"color: #ff0000;\"><strong>A szobatisztas\u00e1g nem felt\u00e9tel, viszont a pelusokat a sz\u00fcl\u0151nek kell bebiztos\u00edtania.<\/strong><\/span><\/p>\r\n<p><strong>Gyermekemnek \u00e9telallergi\u00e1ja van. Megoldhat\u00f3-e a\u00a0speci\u00e1lis \u00e9tkez\u00e9s?<\/strong><\/p>\r\n<p><em>Igen, t\u00e1borunkban biztos\u00edtunk gyermek\u00e9nek \/gyermekeiknek\u00a0 induvidu\u00e1lis \u00e9tkez\u00e9st\u00a0 az al\u00e1bbi lehet\u0151segekkel:<\/em><\/p>\r\n<ul>\r\n<li><em>tejfeh\u00e9rje allergia \u00e9s lakt\u00f3z\u00e9rz\u00e9kenys\u00e9gre<\/em><\/li>\r\n<li><em>glut\u00e9n\u00e9rz\u00e9kenys\u00e9gre<\/em><\/li>\r\n<li><em>cukorbetegs\u00e9gre<\/em><\/li>\r\n<li><em>alacsony hisztam intoleranci\u00e1val k\u00fcszk\u00f6d\u0151knek<\/em><\/li>\r\n<\/ul>\r\n<p><em>K\u00e9rj\u00fck, hogy a\u00a0<\/em><strong><a href=\"https:\/\/www.hoxfort.sk\/?page_id=402&amp;lang=hu\">regisztr\u00e1ci\u00f3s adatlap<\/a><\/strong><em> kit\u00f6lt\u00e9s\u00e9n\u00e9l jel\u00f6lje meg a\u00a0k\u00edv\u00e1nt \u00e9tkez\u00e9si lehet\u0151s\u00e9get gyermek\u00e9nek.<\/em><\/p>\r\n<p><strong>H\u00e1ny \u00e9ves kort\u00f3l nem k\u00f6telez\u0151 a\u00a0d\u00e9lut\u00e1ni pihen\u00e9s?<\/strong><\/p>\r\n<p><em>A\u00a0d\u00e9lut\u00e1ni pihen\u0151 5 \u00e9ves kort\u00f3l nem k\u00f6telez\u0151.<\/em><\/p>\r\n<p><strong>Hogyan tudom gyermekem regisztr\u00e1lni?<\/strong><\/p>\r\n<p><em>A regisztr\u00e1ci\u00f3 kiz\u00e1r\u00f3lag elektronikus form\u00e1ban t\u00f6lthet\u0151 ki \u00e9s k\u00fcldhet\u0151 el. <\/em><strong><a href=\"https:\/\/www.hoxfort.sk\/?page_id=402&amp;lang=hu\">Ide kattintva ind\u00edthassa el a\u00a0regisztr\u00e1ci\u00f3j\u00e1t<\/a><\/strong><em>. A\u00a0regisztr\u00e1ci\u00f3j\u00e1t k\u00f6vet\u0151en 48 \u00f3r\u00e1n bel\u00fcl \u00edr\u00e1sban jelentkez\u00fcnk.<\/em><\/p>\r\n<p><strong>Mi a\u00a0tehend\u0151m, ha 48 \u00f3r\u00e1n bel\u00fcl nem kapok visszajelz\u00e9st?<\/strong><\/p>\r\n<p><em>Els\u0151 sorban k\u00e9rj\u00fck, hogy ellen\u0151rizze a regisztr\u00e1ci\u00f3n\u00e1l megadott e-mail fi\u00f3kj\u00e1nak SPAM mapp\u00e1j\u00e1t. Amennyiben ott sem tal\u00e1l t\u0151l\u00fcnk visszajelz\u00e9s, k\u00e9rj\u00fck, hogy vegye fel a kapcsolatot vel\u00fcnk \u00edr\u00e1sban a <a href=\"mailto:camp@hoxfort.sk\">camp@hoxfort.sk<\/a> e-mail c\u00edm\u00fcnk\u00f6n.<\/em><\/p>\r\n<p><strong>Mi a\u00a0tehend\u0151m sikertelen regisztr\u00e1ci\u00f3 eset\u00e9n?<\/strong><\/p>\r\n<p><em>Sikertelen regisztr\u00e1ci\u00f3 eset\u00e9n k\u00e9rj\u00fck, hogy vegye fel a kapcsolatot vel\u00fcnk \u00edr\u00e1sban a <a href=\"mailto:camp@hoxfort.sk\">camp@hoxfort.sk<\/a>\u00a0e-mail c\u00edm\u00fcnk\u00f6n.<\/em><\/p>\r\n<p><strong>Mikort\u00f3l lehets\u00e9ges a\u00a0regisztr\u00e1ci\u00f3?<\/strong><\/p>\r\n<p><em>A\u00a0regisztr\u00e1ci\u00f3kat m\u00e1rcius-t\u00f3l fogadjuk, amellyeket el\u0151zetesen vissza is igazolunk. A\u00a0regisztr\u00e1ci\u00f3val kapcsolatos dokumentumokat m\u00e1jus elej\u00e9t\u0151l kezdj\u00fck kik\u00fcldeni.<\/em><\/p>\r\n<p><strong>Meddig lehets\u00e9ges a\u00a0 regisztr\u00e1ci\u00f3?<\/strong><\/p>\r\n<p><em>A\u00a0regisztr\u00e1ci\u00f3 mindaddig lehets\u00e9ges\u00e9s, am\u00edg a\u00a0<\/em><a href=\"https:\/\/www.hoxfort.sk\/?page_id=402&amp;lang=hu\"><strong>registr\u00e1ci\u00f3s adaplapn\u00e1l<\/strong><\/a><em> a\u00a0szabad helyek fel vannak t\u00fcntetve az adott heteken. A\u00a0szabad helyek sz\u00e1ma heti felbont\u00e1sban 24 \u00f3r\u00e1nk\u00e9nt vannak aktualiz\u00e1lva.<\/em><\/p>\r\n<p><strong>Lehets\u00e9ges a turnus csere regisztr\u00e1ci\u00f3 ut\u00e1n?<\/strong><\/p>\r\n<p><em>Igen, a turnus cser\u00e9je lehets\u00e9ges a\u00a0<\/em><strong><a href=\"https:\/\/www.hoxfort.sk\/?page_id=402&amp;lang=hu\">regisztr\u00e1ci\u00f3s adatlapn\u00e1l<\/a> <\/strong><em>felt\u00fcntetett id\u0151pontok alapj\u00e1n. A turnus cser\u00e9je eset\u00e9n k\u00e9rj\u00fck, hogy vegye fel a kapcsolatot vel\u00fcnk \u00edr\u00e1sban a <a href=\"mailto:camp@hoxfort.sk\">camp@hoxfort.sk<\/a> e-mail c\u00edm\u00fcnk\u00f6n.<\/em><\/p>\r\n<p><strong>Lehets\u00e9ges regisztr\u00e1ci\u00f3 ut\u00e1n m\u00e9g plusszban hetet \/ heteket hozz\u00e1adni a\u00a0regisztr\u00e1ci\u00f3mhoz?<\/strong><\/p>\r\n<p><em>Igen, a plussz hetet \/ heteket lehets\u00e9ges ut\u00f3lag is hozz\u00e1adni a regisztr\u00e1ci\u00f3j\u00e1hoz amennyiben rendelkez\u00fcnk szabad hellyel. Hozz\u00e1ad\u00e1s eset\u00e9n k\u00e9rj\u00fck, hogy vegye fel a kapcsolatot vel\u00fcnk \u00edr\u00e1sban a <a href=\"mailto:camp@hoxfort.sk\">camp@hoxfort.sk<\/a>\u00a0e-mail c\u00edm\u00fcnk\u00f6n. A\u00a0hozz\u00e1ad\u00e1s nem ig\u00e9nyel \u00fajabb dokumentumok kit\u00f6lt\u00e9s\u00e9t.<\/em><\/p>\r\n<p><strong>Mennyibe ker\u00fcl a\u00a0plussz h\u00e9t \/ hetek regisztr\u00e1ci\u00f3ja?<\/strong><\/p>\r\n<p><em>Pl.:amennyiben \u00d6n 1 h\u00e9tre regisztr\u00e1lta gyermek\u00e9t 180 EUR-\u00e9rt \u00e9s szeretne regisztr\u00e1ci\u00f3j\u00e1hoz hozz\u00e1adni +1 hetet, abban az esetben a 2 h\u00e9t \u00e1r\u00e1b\u00f3l (300 EUR) kivonjuk a megfizetett 180 EUR-t. Teh\u00e1t a hozz\u00e1adott h\u00e9t \u00e1ra 120 EUR lesz. Minden esetben a k\u00fcl\u00f6nb\u00f6zetet vessz\u00fck alapul.<\/em><\/p>\r\n<p><strong>Hogyan kell regisztr\u00e1lnom testv\u00e9rp\u00e1r eset\u00e9ben?<\/strong><\/p>\r\n<p><em>Testv\u00e9rp\u00e1r eset\u00e9n is k\u00fcl\u00f6n kell regisztr\u00e1lnia gyermekeit.<\/em><\/p>\r\n<p><strong>Lehets\u00e9ges 1-2 napra is regisztr\u00e1lni?<\/strong><\/p>\r\n<p><em>Regisztr\u00e1lni kiz\u00e1r\u00f3lag heti, t\u00f6bb hetes vagy havi id\u0151tartamra lehet.<\/em><\/p>\r\n<p><strong>MINDEN M\u00c1S <\/strong><strong>FONTOS TUDNIVAL\u00d3T A T\u00c1BORBA VAL\u00d3 BEL\u00c9P\u00c9SR\u0150L E-MAILBEN FOGJUK K\u00dcLDENI REGISZTR\u00c1CI\u00d3JUKAT K\u00d6VET\u0150EN.<\/strong><\/p>\r\n<p><strong><span style=\"color: #ff0000;\">Az \u00f3vod\u00e1nk dolgoz\u00f3i kiz\u00e1r\u00f3lag a gyermekekkel foglalkoznak. A regisztr\u00e1ci\u00f3val kapcsolatos dolgok nem az \u0151 hat\u00e1sk\u00f6r\u00fck. Ez\u00e9rt k\u00e9rj\u00fck \u00d6n\u00f6ket, hogy b\u00e1rmilyen k\u00e9rd\u00e9s eset\u00e9n kiz\u00e1r\u00f3lag \u00edr\u00e1sban vegy\u00e9k fel vel\u00fcnk a kapcsolatot a <\/span><\/strong><span style=\"color: #0000ff;\"><a style=\"color: #0000ff;\" href=\"mailto:camp@hoxfort.sk\">camp@hoxfort.sk<\/a><\/span><strong><span style=\"color: #ff0000;\">\u00a0e-mail c\u00edm\u00fcnk\u00f6n.<\/span><\/strong><\/p>\r\n<p style=\"text-align: center;\"><span style=\"color: #000000;\"><a class=\"wp-block-button__link has-background\" style=\"background-color: #c02c2c; color: #000000;\" href=\"https:\/\/www.hoxfort.sk\/?page_id=402&amp;lang=hu\">Tov\u00e1bb a regisztr\u00e1ci\u00f3ra<\/a><\/span><\/p>","protected":false},"excerpt":{"rendered":"<p>\u00d3vod\u00e1nk a ny\u00e1ri sz\u00fcnid\u0151 alatt soksz\u00edn\u0171 sz\u00f3rakoztat\u00f3 szabadt\u00e9ri \u00e9s belt\u00e9ri programot \u00e9s \u00e9lm\u00e9nyekben gazdag hangulatot k\u00edn\u00e1l a m\u00e1s \u00f3vod\u00e1kb\u00f3l \u00e9rkez\u0151 gyermekek sz\u00e1m\u00e1ra is. Gyermeke sz\u00e1m\u00e1ra heti vagy havi turnusokat v\u00e1s\u00e1rolhat&hellip;<\/p>\n","protected":false},"author":1,"featured_media":0,"parent":0,"menu_order":0,"comment_status":"closed","ping_status":"closed","template":"","meta":{"_monsterinsights_skip_tracking":false,"_monsterinsights_sitenote_active":false,"_monsterinsights_sitenote_note":"","_monsterinsights_sitenote_category":0,"footnotes":""},"_links":{"self":[{"href":"https:\/\/www.hoxfort.sk\/index.php?rest_route=\/wp\/v2\/pages\/2052"}],"collection":[{"href":"https:\/\/www.hoxfort.sk\/index.php?rest_route=\/wp\/v2\/pages"}],"about":[{"href":"https:\/\/www.hoxfort.sk\/index.php?rest_route=\/wp\/v2\/types\/page"}],"author":[{"embeddable":true,"href":"https:\/\/www.hoxfort.sk\/index.php?rest_route=\/wp\/v2\/users\/1"}],"replies":[{"embeddable":true,"href":"https:\/\/www.hoxfort.sk\/index.php?rest_route=%2Fwp%2Fv2%2Fcomments&post=2052"}],"version-history":[{"count":38,"href":"https:\/\/www.hoxfort.sk\/index.php?rest_route=\/wp\/v2\/pages\/2052\/revisions"}],"predecessor-version":[{"id":2616,"href":"https:\/\/www.hoxfort.sk\/index.php?rest_route=\/wp\/v2\/pages\/2052\/revisions\/2616"}],"wp:attachment":[{"href":"https:\/\/www.hoxfort.sk\/index.php?rest_route=%2Fwp%2Fv2%2Fmedia&parent=2052"}],"curies":[{"name":"wp","href":"https:\/\/api.w.org\/{rel}","templated":true}]}}