{"id":201,"date":"2018-09-14T05:51:52","date_gmt":"2018-09-14T06:51:52","guid":{"rendered":"http:\/\/www.hoxfort.sk\/?page_id=201"},"modified":"2025-01-20T13:31:59","modified_gmt":"2025-01-20T14:31:59","slug":"info-pre-rodicov","status":"publish","type":"page","link":"https:\/\/www.hoxfort.sk\/?page_id=201","title":{"rendered":"INFO PRE RODI\u010cOV"},"content":{"rendered":"\r\n<ul>\r\n<li>Do na\u0161ej s\u00fakromnej materskej \u0161koly &#8222;Hoxfort&#8220; m\u00f4\u017eete prihlasova\u0165 va\u0161e die\u0165a celoro\u010dne.<\/li>\r\n<li>Deti prij\u00edmame do n\u00e1\u0161ho zariadenia pod\u013ea potreby rodi\u010da a pod\u013ea aktu\u00e1lnych vo\u013en\u00fdch miest.<\/li>\r\n<li>N\u00e1stup die\u0165a\u0165a do zariadenia m\u00f4\u017ee by\u0165 aj v priebehu mesiaca, v tomto pr\u00edpade \u00fa\u010dtujeme alikv\u00f3tnu \u010das\u0165 za dan\u00fd konkr\u00e9tny mesiac.<\/li>\r\n<li>Na prihl\u00e1senie potrebujete vyplni\u0165 tla\u010divo &#8222;Z\u00e1v\u00e4zn\u00e1 prihl\u00e1\u0161ka die\u0165a\u0165a&#8220; a zasla\u0165 ho na n\u00e1\u0161 email. N\u00e1sledne obdr\u017e\u00edte fakt\u00faru na z\u00e1lohov\u00fa platbu na prv\u00fd mesiac doch\u00e1dzky v\u00e1\u0161ho die\u0165a\u0165a k n\u00e1m do materskej \u0161koly, ktor\u00fa treba obratom uhradi\u0165. Prihl\u00e1senie die\u0165a\u0165a akceptujeme po zaplaten\u00ed z\u00e1lohovej platby.<\/li>\r\n<li>V de\u0148 n\u00e1stupu die\u0165a\u0165a medzi kolekt\u00edv ostatn\u00fdch det\u00ed potrebujete ma\u0165 vyplnen\u00e9 a potvrden\u00e9 tla\u010div\u00e1 \u201cPotvrdenie o zdravotnom stave die\u0165a\u0165a&#8220; a &#8222;P\u00edsomn\u00e9 vyhl\u00e1senie rodi\u010da o zdravotnej sp\u00f4sobilosti die\u0165a\u0165a&#8220;.<\/li>\r\n<li>V\u0161etky podmienky poskytovania na\u0161ej starostlivosti o va\u0161e die\u0165a s\u00fa zahrnut\u00e9 v dokumente &#8222;Dohoda o poskytovan\u00ed starostlivosti&#8220;, ktor\u00fd obdr\u017e\u00edte osobne po akceptovan\u00ed va\u0161ej\u00a0 z\u00e1v\u00e4znej prihl\u00e1\u0161ky die\u0165a\u0165a.<\/li>\r\n<li>K n\u00e1stupu die\u0165a\u0165a do zariadenia potrebujete papu\u010dky, oble\u010denie na spanie, a oddych (py\u017eamko), n\u00e1hradn\u00e9 oble\u010denie, zubn\u00fa kefku a\u00a0pastu na dodr\u017eanie dent\u00e1lnej hygieny.<\/li>\r\n<\/ul>\r\n\r\n\r\n\r\n<h2 style=\"text-align: center;\"><strong><a href=\"https:\/\/www.hoxfort.sk\/?page_id=2117\">VO\u013dN\u00c9 MIESTA<\/a><\/strong><\/h2>\r\n\r\n\r\n\r\n<div class=\"wp-block-button aligncenter\"><a class=\"wp-block-button__link has-luminous-vivid-amber-background-color has-background\" href=\"https:\/\/www.hoxfort.sk\/?page_id=204\">Registr\u00e1cia<\/a><\/div>\r\n","protected":false},"excerpt":{"rendered":"<p>Do na\u0161ej s\u00fakromnej materskej \u0161koly &#8222;Hoxfort&#8220; m\u00f4\u017eete prihlasova\u0165 va\u0161e die\u0165a celoro\u010dne. Deti prij\u00edmame do n\u00e1\u0161ho zariadenia pod\u013ea potreby rodi\u010da a pod\u013ea aktu\u00e1lnych vo\u013en\u00fdch miest. N\u00e1stup die\u0165a\u0165a do zariadenia m\u00f4\u017ee by\u0165&hellip;<\/p>\n","protected":false},"author":1,"featured_media":0,"parent":0,"menu_order":0,"comment_status":"closed","ping_status":"closed","template":"","meta":{"_monsterinsights_skip_tracking":false,"_monsterinsights_sitenote_active":false,"_monsterinsights_sitenote_note":"","_monsterinsights_sitenote_category":0,"footnotes":""},"_links":{"self":[{"href":"https:\/\/www.hoxfort.sk\/index.php?rest_route=\/wp\/v2\/pages\/201"}],"collection":[{"href":"https:\/\/www.hoxfort.sk\/index.php?rest_route=\/wp\/v2\/pages"}],"about":[{"href":"https:\/\/www.hoxfort.sk\/index.php?rest_route=\/wp\/v2\/types\/page"}],"author":[{"embeddable":true,"href":"https:\/\/www.hoxfort.sk\/index.php?rest_route=\/wp\/v2\/users\/1"}],"replies":[{"embeddable":true,"href":"https:\/\/www.hoxfort.sk\/index.php?rest_route=%2Fwp%2Fv2%2Fcomments&post=201"}],"version-history":[{"count":7,"href":"https:\/\/www.hoxfort.sk\/index.php?rest_route=\/wp\/v2\/pages\/201\/revisions"}],"predecessor-version":[{"id":2136,"href":"https:\/\/www.hoxfort.sk\/index.php?rest_route=\/wp\/v2\/pages\/201\/revisions\/2136"}],"wp:attachment":[{"href":"https:\/\/www.hoxfort.sk\/index.php?rest_route=%2Fwp%2Fv2%2Fmedia&parent=201"}],"curies":[{"name":"wp","href":"https:\/\/api.w.org\/{rel}","templated":true}]}}