{"id":192,"date":"2018-09-14T05:50:27","date_gmt":"2018-09-14T06:50:27","guid":{"rendered":"http:\/\/www.hoxfort.sk\/?page_id=192"},"modified":"2021-09-10T07:07:13","modified_gmt":"2021-09-10T08:07:13","slug":"denny-poriadok","status":"publish","type":"page","link":"https:\/\/www.hoxfort.sk\/?page_id=192","title":{"rendered":"DENN\u00dd PORIADOK"},"content":{"rendered":"\n<p>HOXFORT s\u00fakromn\u00e1 matersk\u00e1 \u0161kola m\u00e1 prev\u00e1dzku v pracovn\u00e9 dni od 07:00 do 17:00. V r\u00e1mci jedn\u00e9ho d\u0148a pon\u00faka de\u0165om nasledovn\u00e9 \u010dinnosti:<\/p>\n\n\n\n<figure class=\"wp-block-table\"><table><tbody><tr><td>\n  <strong>07:00\n  \u2013 8:30<\/strong>\n  <\/td><td>\n  Pr\u00edchod\n  die\u0165a\u0165a do materskej \u0161koly, hry a&nbsp;hrov\u00e9 \u010dinnosti pod\u013ea z\u00e1ujmu die\u0165a\u0165a\n  <\/td><\/tr><tr><td>\n  <strong>08:30\n  \u2013 09:00<\/strong>\n  <\/td><td>\n  Pohybov\u00e9\n  a&nbsp;relaxa\u010dn\u00e9 cvi\u010denia, zumba pre deti\n  <\/td><\/tr><tr><td>\n  <strong>09:15\n  \u2013 09:30<\/strong>\n  <\/td><td>\n  Desiata\n  a hygiena\n  <\/td><\/tr><tr><td>\n  <strong>09:40\n  \u2013 10:20<\/strong>\n  <\/td><td>\n  Eduka\u010dn\u00e9\n  aktivity\n  <\/td><\/tr><tr><td>\n  <strong>10:40\n  \u2013 11:25<\/strong>\n  <\/td><td>\n  Pobyt\n  vonku\/vych\u00e1dzka (pod\u013ea po\u010dasia)\n  <\/td><\/tr><tr><td>\n  <strong>11:40\n  \u2013 12:10<\/strong>\n  <\/td><td>\n  Obed a\n  hygiena\n  <\/td><\/tr><tr><td>\n  <strong>12:10\n  \u2013 14:20<\/strong>\n  <\/td><td>\n  Popolud\u0148aj\u0161ia\n  relax\u00e1cia \/ oddychov\u00e9 \u010dinnosti \/ sp\u00e1nok\n  <\/td><\/tr><tr><td>\n  <strong>14:40\n  \u2013 15:00<\/strong>\n  <\/td><td>\n  Olovrant\n  a hygiena\n  <\/td><\/tr><tr><td>\n  <strong>15:00\n  \u2013 15:30<\/strong>\n  <\/td><td>\n  Hry a\n  didaktick\u00e9 aktivity (rozv\u00edjanie jemnej motoriky)\n  <\/td><\/tr><tr><td> <strong>15:30 \u2013 17:00<\/strong> <\/td><td> Hry a&nbsp;hrov\u00e9 \u010dinnosti pod\u013ea z\u00e1ujmu die\u0165a\u0165a <\/td><\/tr><tr><td> <br><strong>15:30 \u2013 17:00<\/strong> <\/td><td>Odchod die\u0165a\u0165a domov<\/td><\/tr><\/tbody><\/table><\/figure>\n","protected":false},"excerpt":{"rendered":"<p>HOXFORT s\u00fakromn\u00e1 matersk\u00e1 \u0161kola m\u00e1 prev\u00e1dzku v pracovn\u00e9 dni od 07:00 do 17:00. V r\u00e1mci jedn\u00e9ho d\u0148a pon\u00faka de\u0165om nasledovn\u00e9 \u010dinnosti: 07:00 \u2013 8:30 Pr\u00edchod die\u0165a\u0165a do materskej \u0161koly, hry&hellip;<\/p>\n","protected":false},"author":1,"featured_media":0,"parent":0,"menu_order":0,"comment_status":"closed","ping_status":"closed","template":"","meta":{"_monsterinsights_skip_tracking":false,"_monsterinsights_sitenote_active":false,"_monsterinsights_sitenote_note":"","_monsterinsights_sitenote_category":0,"footnotes":""},"_links":{"self":[{"href":"https:\/\/www.hoxfort.sk\/index.php?rest_route=\/wp\/v2\/pages\/192"}],"collection":[{"href":"https:\/\/www.hoxfort.sk\/index.php?rest_route=\/wp\/v2\/pages"}],"about":[{"href":"https:\/\/www.hoxfort.sk\/index.php?rest_route=\/wp\/v2\/types\/page"}],"author":[{"embeddable":true,"href":"https:\/\/www.hoxfort.sk\/index.php?rest_route=\/wp\/v2\/users\/1"}],"replies":[{"embeddable":true,"href":"https:\/\/www.hoxfort.sk\/index.php?rest_route=%2Fwp%2Fv2%2Fcomments&post=192"}],"version-history":[{"count":2,"href":"https:\/\/www.hoxfort.sk\/index.php?rest_route=\/wp\/v2\/pages\/192\/revisions"}],"predecessor-version":[{"id":1085,"href":"https:\/\/www.hoxfort.sk\/index.php?rest_route=\/wp\/v2\/pages\/192\/revisions\/1085"}],"wp:attachment":[{"href":"https:\/\/www.hoxfort.sk\/index.php?rest_route=%2Fwp%2Fv2%2Fmedia&parent=192"}],"curies":[{"name":"wp","href":"https:\/\/api.w.org\/{rel}","templated":true}]}}