{"id":186,"date":"2018-09-14T05:35:25","date_gmt":"2018-09-14T06:35:25","guid":{"rendered":"http:\/\/www.hoxfort.sk\/?page_id=186"},"modified":"2018-09-14T05:35:25","modified_gmt":"2018-09-14T06:35:25","slug":"metody","status":"publish","type":"page","link":"https:\/\/www.hoxfort.sk\/?page_id=186","title":{"rendered":"MET\u00d3DY"},"content":{"rendered":"\n<p>V r\u00e1mci p\u00f4sobenia na die\u0165a vyu\u017e\u00edvame r\u00f4zne <strong>najnov\u0161ie inova\u010dn\u00e9\neduka\u010dn\u00e9 strat\u00e9gie a met\u00f3dy<\/strong>, ktor\u00e9 rozv\u00edjaj\u00fa va\u0161e die\u0165a v\noblasti matematicko-logickej, komunika\u010dnej, motorickej, person\u00e1lno-soci\u00e1lnej,\npr\u00edrodovednej, multimedi\u00e1lnej a umeleckej.<\/p>\n\n\n\n<p>N\u00e1\u0161 pr\u00edstup je zameran\u00fd na to, aby sa die\u0165a cez hru a aktivity u\u010dilo ve\u013emi\nprirodzen\u00fdmi a efekt\u00edvnymi sp\u00f4sobmi <strong>ch\u00e1pa\u0165 a pou\u017e\u00edva\u0165 veci\na javy okolo seba<\/strong>, adekv\u00e1tne <strong>komunikova\u0165, rozumie\u0165 a\nakceptova\u0165 pravidl\u00e1 soci\u00e1lneho spoluna\u017e\u00edvania<\/strong>, ch\u00e1pa\u0165 in\u00fdch\n\u013eud\u00ed, ale aj adekv\u00e1tne <strong>prezentova\u0165 vlastn\u00fa identitu<\/strong>\na vytvori\u0165 sa na okolit\u00fd svet vlastn\u00fd n\u00e1zor.<\/p>\n\n\n\n<ul><li>permanentn\u00e1 <strong>trilingv\u00e1lna -trojjazy\u010dn\u00e1 v\u00fdu\u010dba a starostlivos\u0165 o die\u0165a<\/strong>, v\u0161etky aktivity a \u010dinnosti s\u00fa <strong>s\u00fabe\u017ene realizovan\u00e9 v troch jazykoch: anglickom, ma\u010farskom a slovenskom jazyku<\/strong><\/li><li><strong>prirodzen\u00fd sp\u00f4sob<\/strong> nau\u010denia sa in\u00e9ho, cudzieho jazyka v komunikat\u00edvnej podobe<\/li><li>zauj\u00edmav\u00e9 a atrakt\u00edvne <strong>hry<\/strong> a interakt\u00edvne eduka\u010dn\u00e9 aktivity v <strong>centr\u00e1ch aktiv\u00edt<\/strong><\/li><li><strong>u\u010denie sa z\u00e1bavn\u00fdm sp\u00f4sobom cez hru<\/strong> a zauj\u00edmav\u00e9 \u010dinnosti vhodn\u00e9 pre deti v predprim\u00e1rnom obdob\u00ed<\/li><li>in\u00fd pr\u00edstup k eduk\u00e1ci\u00ed a v\u00fdu\u010dbe<\/li><li><strong>kvalitn\u00e1 a odborn\u00e1 eduk\u00e1cia<\/strong> pod\u013ea sociokon\u0161truktivistick\u00e9ho pr\u00edstupu<\/li><li>starostlivos\u0165 a rozv\u00edjanie die\u0165a\u0165a v <strong>pozit\u00edvnej rodinnej kl\u00edme a atmosf\u00e9re<\/strong><\/li><li>individu\u00e1lna starostlivos\u0165 o die\u0165a v mal\u00fdch skupin\u00e1ch = 1 u\u010dite\u013eka pre max. 7 det\u00ed<\/li><li>rozv\u00edjanie <strong>jedine\u010dnosti a identity<\/strong> v\u00e1\u0161ho die\u0165a\u0165a (nadania a talentu) v nami organizovan\u00fdch aktivit\u00e1ch<\/li><li>individu\u00e1lna <strong>pedagogick\u00e1 diagnostika<\/strong> a zistenie osobitost\u00ed v\u00e1\u0161ho die\u0165a\u0165a<\/li><li>\u00fa\u010das\u0165 pomocn\u00e9ho person\u00e1lu pri starostlivosti o die\u0165a<\/li><li> rozv\u00edjanie die\u0165a\u0165a s v\u00fdvinov\u00fdmi osobitos\u0165ami na odbornej \u00farovni s adekv\u00e1tnym pr\u00edstupom, dok\u00e1\u017eeme rozv\u00edja\u0165 deti, ktor\u00e9 m\u00f4\u017eu ma\u0165 probl\u00e9m v in\u00fdch matersk\u00fdch \u0161kol\u00e1ch <\/li><\/ul>\n\n\n\n<p><br\/><\/p>\n","protected":false},"excerpt":{"rendered":"<p>V r\u00e1mci p\u00f4sobenia na die\u0165a vyu\u017e\u00edvame r\u00f4zne najnov\u0161ie inova\u010dn\u00e9 eduka\u010dn\u00e9 strat\u00e9gie a met\u00f3dy, ktor\u00e9 rozv\u00edjaj\u00fa va\u0161e die\u0165a v oblasti matematicko-logickej, komunika\u010dnej, motorickej, person\u00e1lno-soci\u00e1lnej, pr\u00edrodovednej, multimedi\u00e1lnej a umeleckej. N\u00e1\u0161 pr\u00edstup je&hellip;<\/p>\n","protected":false},"author":1,"featured_media":0,"parent":0,"menu_order":0,"comment_status":"closed","ping_status":"closed","template":"","meta":{"_monsterinsights_skip_tracking":false,"_monsterinsights_sitenote_active":false,"_monsterinsights_sitenote_note":"","_monsterinsights_sitenote_category":0,"footnotes":""},"_links":{"self":[{"href":"https:\/\/www.hoxfort.sk\/index.php?rest_route=\/wp\/v2\/pages\/186"}],"collection":[{"href":"https:\/\/www.hoxfort.sk\/index.php?rest_route=\/wp\/v2\/pages"}],"about":[{"href":"https:\/\/www.hoxfort.sk\/index.php?rest_route=\/wp\/v2\/types\/page"}],"author":[{"embeddable":true,"href":"https:\/\/www.hoxfort.sk\/index.php?rest_route=\/wp\/v2\/users\/1"}],"replies":[{"embeddable":true,"href":"https:\/\/www.hoxfort.sk\/index.php?rest_route=%2Fwp%2Fv2%2Fcomments&post=186"}],"version-history":[{"count":1,"href":"https:\/\/www.hoxfort.sk\/index.php?rest_route=\/wp\/v2\/pages\/186\/revisions"}],"predecessor-version":[{"id":188,"href":"https:\/\/www.hoxfort.sk\/index.php?rest_route=\/wp\/v2\/pages\/186\/revisions\/188"}],"wp:attachment":[{"href":"https:\/\/www.hoxfort.sk\/index.php?rest_route=%2Fwp%2Fv2%2Fmedia&parent=186"}],"curies":[{"name":"wp","href":"https:\/\/api.w.org\/{rel}","templated":true}]}}