{"id":180,"date":"2018-09-14T05:32:00","date_gmt":"2018-09-14T06:32:00","guid":{"rendered":"http:\/\/www.hoxfort.sk\/?page_id=180"},"modified":"2025-05-07T11:59:13","modified_gmt":"2025-05-07T12:59:13","slug":"pani-ucitelky","status":"publish","type":"page","link":"https:\/\/www.hoxfort.sk\/?page_id=180","title":{"rendered":"PANI U\u010cITE\u013dKY"},"content":{"rendered":"\r\n<p>Pred\u0161kolsk\u00e9 obdobie je najd\u00f4le\u017eitej\u0161\u00edm obdob\u00edm v \u017eivote die\u0165a\u0165a, ktor\u00e9 kladie z\u00e1klady pre neskor\u0161\u00ed proces \u0161kolskej doch\u00e1dzky. Je potrebn\u00e9 bra\u0165 do \u00favahy, \u017ee tieto tri roky s\u00fa obdob\u00edm \u017eivota die\u0165a\u0165a, ktor\u00e9 je vo v\u00fdvinovej psychol\u00f3gii zv\u00fdraznen\u00e9. Preto je d\u00f4le\u017eit\u00e9 zv\u00e1\u017ei\u0165 prostredie, v ktorom sa v tomto obdob\u00ed odohr\u00e1vaj\u00fa zmeny osobnosti det\u00ed. Jeden z najd\u00f4le\u017eitej\u0161\u00edch faktorov garancie \u00faspechu a rozvoja na\u0161ich \u0161k\u00f4lkarov je osobnos\u0165 u\u010dite\u013ea. Preto sme sa zaviazali, \u017ee pre na\u0161e deti\u010dky zabezpe\u010d\u00edme kvalifikovan\u00e9, sk\u00fasen\u00e9 a pozit\u00edvne naladen\u00e9 pani u\u010dite\u013eky.<\/p>\r\n<h6>pani u\u010dite\u013eka Denisa\u00a0<\/h6>\r\n<p><img loading=\"lazy\" decoding=\"async\" class=\"alignnone wp-image-1990 size-medium\" src=\"https:\/\/www.hoxfort.sk\/wp-content\/uploads\/2024\/07\/HOX.-print.-12-218x300.jpg\" alt=\"\" width=\"218\" height=\"300\" srcset=\"https:\/\/www.hoxfort.sk\/wp-content\/uploads\/2024\/07\/HOX.-print.-12-218x300.jpg 218w, https:\/\/www.hoxfort.sk\/wp-content\/uploads\/2024\/07\/HOX.-print.-12-743x1024.jpg 743w, https:\/\/www.hoxfort.sk\/wp-content\/uploads\/2024\/07\/HOX.-print.-12-768x1058.jpg 768w, https:\/\/www.hoxfort.sk\/wp-content\/uploads\/2024\/07\/HOX.-print.-12-1114x1536.jpg 1114w, https:\/\/www.hoxfort.sk\/wp-content\/uploads\/2024\/07\/HOX.-print.-12-1486x2048.jpg 1486w, https:\/\/www.hoxfort.sk\/wp-content\/uploads\/2024\/07\/HOX.-print.-12-140x193.jpg 140w, https:\/\/www.hoxfort.sk\/wp-content\/uploads\/2024\/07\/HOX.-print.-12-scaled.jpg 1857w\" sizes=\"(max-width: 218px) 100vw, 218px\" \/><\/p>\r\n<p><strong>Poz\u00edcia:<\/strong> u\u010dite\u013eka ma\u010farsk\u00e9ho jazyka a zodpovedn\u00e1 osoba za PPV<\/p>\r\n<p><strong>Jazykov\u00e9 znalosti:<\/strong> slovensk\u00fd a ma\u010farsk\u00fd\u00a0<\/p>\r\n<hr \/>\r\n<h6>pani u\u010dite\u013eka Veronika<\/h6>\r\n<p><img loading=\"lazy\" decoding=\"async\" class=\"alignnone wp-image-1991 size-medium\" src=\"https:\/\/www.hoxfort.sk\/wp-content\/uploads\/2024\/07\/HOX.-print.-13-222x300.jpg\" alt=\"\" width=\"222\" height=\"300\" srcset=\"https:\/\/www.hoxfort.sk\/wp-content\/uploads\/2024\/07\/HOX.-print.-13-222x300.jpg 222w, https:\/\/www.hoxfort.sk\/wp-content\/uploads\/2024\/07\/HOX.-print.-13-757x1024.jpg 757w, https:\/\/www.hoxfort.sk\/wp-content\/uploads\/2024\/07\/HOX.-print.-13-768x1039.jpg 768w, https:\/\/www.hoxfort.sk\/wp-content\/uploads\/2024\/07\/HOX.-print.-13-1136x1536.jpg 1136w, https:\/\/www.hoxfort.sk\/wp-content\/uploads\/2024\/07\/HOX.-print.-13-1515x2048.jpg 1515w, https:\/\/www.hoxfort.sk\/wp-content\/uploads\/2024\/07\/HOX.-print.-13-140x189.jpg 140w, https:\/\/www.hoxfort.sk\/wp-content\/uploads\/2024\/07\/HOX.-print.-13-scaled.jpg 1893w\" sizes=\"(max-width: 222px) 100vw, 222px\" \/><\/p>\r\n<p><strong>Poz\u00edcia:<\/strong> u\u010dite\u013eka anglick\u00e9ho jazyka a zodpovedn\u00e1 osoba za PPV<\/p>\r\n<p><strong>Jazykov\u00e9 znalosti:<\/strong> slovensk\u00fd, anglick\u00fd a ma\u010farsk\u00fd\u00a0<\/p>\r\n<hr \/>\r\n<h6>pani u\u010dite\u013eka Kati<\/h6>\r\n<p><img loading=\"lazy\" decoding=\"async\" class=\"alignnone wp-image-1992 size-medium\" src=\"https:\/\/www.hoxfort.sk\/wp-content\/uploads\/2024\/07\/HOX.-print.-14-219x300.jpg\" alt=\"\" width=\"219\" height=\"300\" srcset=\"https:\/\/www.hoxfort.sk\/wp-content\/uploads\/2024\/07\/HOX.-print.-14-219x300.jpg 219w, https:\/\/www.hoxfort.sk\/wp-content\/uploads\/2024\/07\/HOX.-print.-14-747x1024.jpg 747w, https:\/\/www.hoxfort.sk\/wp-content\/uploads\/2024\/07\/HOX.-print.-14-768x1053.jpg 768w, https:\/\/www.hoxfort.sk\/wp-content\/uploads\/2024\/07\/HOX.-print.-14-1121x1536.jpg 1121w, https:\/\/www.hoxfort.sk\/wp-content\/uploads\/2024\/07\/HOX.-print.-14-1494x2048.jpg 1494w, https:\/\/www.hoxfort.sk\/wp-content\/uploads\/2024\/07\/HOX.-print.-14-140x192.jpg 140w, https:\/\/www.hoxfort.sk\/wp-content\/uploads\/2024\/07\/HOX.-print.-14-scaled.jpg 1868w\" sizes=\"(max-width: 219px) 100vw, 219px\" \/><\/p>\r\n<p><strong>Poz\u00edcia:<\/strong> u\u010dite\u013eka slovensk\u00e9ho jazyka a zodpovedn\u00e1 osoba za PPV<\/p>\r\n<p><strong>Jazykov\u00e9 znalosti:<\/strong> slovensk\u00fd a ma\u010farsk\u00fd\u00a0<\/p>\r\n\r\n\r\n","protected":false},"excerpt":{"rendered":"<p>Pred\u0161kolsk\u00e9 obdobie je najd\u00f4le\u017eitej\u0161\u00edm obdob\u00edm v \u017eivote die\u0165a\u0165a, ktor\u00e9 kladie z\u00e1klady pre neskor\u0161\u00ed proces \u0161kolskej doch\u00e1dzky. Je potrebn\u00e9 bra\u0165 do \u00favahy, \u017ee tieto tri roky s\u00fa obdob\u00edm \u017eivota die\u0165a\u0165a, ktor\u00e9&hellip;<\/p>\n","protected":false},"author":1,"featured_media":0,"parent":0,"menu_order":0,"comment_status":"closed","ping_status":"closed","template":"","meta":{"_monsterinsights_skip_tracking":false,"_monsterinsights_sitenote_active":false,"_monsterinsights_sitenote_note":"","_monsterinsights_sitenote_category":0,"footnotes":""},"_links":{"self":[{"href":"https:\/\/www.hoxfort.sk\/index.php?rest_route=\/wp\/v2\/pages\/180"}],"collection":[{"href":"https:\/\/www.hoxfort.sk\/index.php?rest_route=\/wp\/v2\/pages"}],"about":[{"href":"https:\/\/www.hoxfort.sk\/index.php?rest_route=\/wp\/v2\/types\/page"}],"author":[{"embeddable":true,"href":"https:\/\/www.hoxfort.sk\/index.php?rest_route=\/wp\/v2\/users\/1"}],"replies":[{"embeddable":true,"href":"https:\/\/www.hoxfort.sk\/index.php?rest_route=%2Fwp%2Fv2%2Fcomments&post=180"}],"version-history":[{"count":36,"href":"https:\/\/www.hoxfort.sk\/index.php?rest_route=\/wp\/v2\/pages\/180\/revisions"}],"predecessor-version":[{"id":2302,"href":"https:\/\/www.hoxfort.sk\/index.php?rest_route=\/wp\/v2\/pages\/180\/revisions\/2302"}],"wp:attachment":[{"href":"https:\/\/www.hoxfort.sk\/index.php?rest_route=%2Fwp%2Fv2%2Fmedia&parent=180"}],"curies":[{"name":"wp","href":"https:\/\/api.w.org\/{rel}","templated":true}]}}