{"id":174,"date":"2018-09-14T05:30:12","date_gmt":"2018-09-14T06:30:12","guid":{"rendered":"http:\/\/www.hoxfort.sk\/?page_id=174"},"modified":"2025-05-09T10:16:34","modified_gmt":"2025-05-09T11:16:34","slug":"nase-vyhody","status":"publish","type":"page","link":"https:\/\/www.hoxfort.sk\/?page_id=174","title":{"rendered":"\u010cO PON\u00daKAME"},"content":{"rendered":"\r\n<h2 class=\"wp-block-heading\"><strong>1. Viac ako 10 rokov profesion\u00e1lnych sk\u00fasenost\u00ed.<\/strong><\/h2>\r\n<h2><strong>2. Na\u0161a matersk\u00e1 \u0161kola sa za posledn\u00fdch 10 rokov starala o viac ako 500 det\u00ed.<\/strong><\/h2>\r\n<h2><strong>3. Ve\u013ek\u00fa \u010das\u0165 mesa\u010dn\u00e9ho poplatku investujeme sp\u00e4\u0165 do det\u00ed, a to vo forme vzdel\u00e1vania, prostredia, ktor\u00e9 ich obklopuje, a pestr\u00fdch, z\u00e1bavn\u00fdch a vzdel\u00e1vac\u00edch detsk\u00fdch programov.<\/strong><\/h2>\r\n<h2><strong>4. Jedine\u010dn\u00fd rodi\u010d-die\u0165a n\u00e1stupn\u00fd coaching (adapta\u010dn\u00fd proces).<\/strong><\/h2>\r\n<h2><strong>5. Na\u0161e rodinn\u00e9 prostredie vytv\u00e1ra u det\u00ed pocit bezpe\u010dia.<\/strong><\/h2>\r\n<h2><strong>6. Zabezpe\u010dujeme potrebn\u00e9 a vhodn\u00e9 z\u00e1zemie pre rozvoj det\u00ed.<\/strong><\/h2>\r\n<h2><strong>7. Venujeme maxim\u00e1lnu pozornos\u0165 \u010distote prostredia a zachovaniu kolekt\u00edvneho zdravia.<\/strong><\/h2>\r\n<h2><strong>8. V\u00edtame aj deti\u010dky s plienkami \u2013 pom\u00f4\u017eeme v procese odplienkovania.<\/strong><\/h2>\r\n<h2><strong>9. Poskytujeme povinn\u00e9 predprim\u00e1rne vzdel\u00e1vanie. Sme registrovan\u00fdm zariaden\u00edm predprim\u00e1rneho vzdel\u00e1vania Ministerstva \u0161kolstva.<\/strong><\/h2>\r\n<ul>\r\n<li>Intenz\u00edvna a jedine\u010dn\u00e1 pred\u0161kolsk\u00e1 pr\u00edprava.<\/li>\r\n<\/ul>\r\n<p><a href=\"https:\/\/www.hoxfort.sk\/wp-content\/uploads\/2024\/05\/2023_13_TI_MS_TT_3_4.pdf\">SPR\u00c1VA o v\u00fdsledkoch \u0161kolskej in\u0161pekcie u n\u00e1s<\/a><\/p>\r\n<h2><strong>10. Moder\u200bn\u00fd a inovat\u00edvny pr\u00edstup k eduk\u00e1ci\u00ed.<\/strong><\/h2>\r\n<ul>\r\n<li>V na\u0161ej materskej \u0161kole sa kladie d\u00f4raz na fyzick\u00fd, psychick\u00fd a duchovn\u00fd v\u00fdvoj die\u0165a\u0165a.<\/li>\r\n<li>Jedine\u010dn\u00e9 motiva\u010dn\u00e9 programy prisp\u00f4soben\u00e9 de\u0165om.<\/li>\r\n<li>Na\u0161e vysoko kvalitn\u00e9 a flexibiln\u00e9 aktivity v mal\u00fdch skupin\u00e1ch podporuj\u00fa kognit\u00edvny, emocion\u00e1lny, soci\u00e1lny a fyzick\u00fd v\u00fdvoj a pripravuj\u00fa deti na \u0161kolsk\u00e9 vzdel\u00e1vanie.<\/li>\r\n<li>Pri rozv\u00edjan\u00ed osobnosti v\u00e1\u0161ho die\u0165a\u0165a pou\u017e\u00edvame inova\u010dn\u00e9 efekt\u00edvne sp\u00f4soby u\u010denia sa die\u0165a\u0165a.<\/li>\r\n<li>P\u00f4sob\u00edme na va\u0161e die\u0165a komplexne a rozv\u00edjame v\u0161etky \u010dasti kult\u00farnej gramotnosti die\u0165a\u0165a.<\/li>\r\n<li>Vyu\u017e\u00edvame met\u00f3dy akt\u00edvneho u\u010denia sa die\u0165a\u0165a so z\u00edskavan\u00edm praktick\u00fdch sk\u00fasenost\u00ed, ktor\u00fdch v\u00fdsledkom je, \u017ee va\u0161e die\u0165a z\u00edska konkr\u00e9tne kompetencie v ka\u017edej oblasti.<\/li>\r\n<li>Vyu\u010dujeme v mal\u00fdch skupink\u00e1ch interakt\u00edvnym sp\u00f4sobom, va\u0161e die\u0165a sa u\u010d\u00ed spolupracova\u0165 s in\u00fdmi de\u0165mi a dospelou osobou.<\/li>\r\n<li>Vyu\u010dujeme prostredn\u00edctvom projektov a hry, z\u00e1bavn\u00fdm a zauj\u00edmav\u00fdm sp\u00f4sobom, atrakt\u00edvnym pre deti v predprim\u00e1rnom obdob\u00ed.<\/li>\r\n<\/ul>\r\n<h2><strong>11. Z\u00edskanie komunika\u010dn\u00fdch kompetenci\u00ed (sp\u00f4sobilost\u00ed) z troch jazykov.<\/strong><\/h2>\r\n<ul>\r\n<li>Deti u\u017e v\u00a0ranom veku z\u00edskavaj\u00fa sk\u00fasenosti z n\u00e1\u0161ho viacjazy\u010dn\u00e9ho prostredia, preto okrem vzdel\u00e1vac\u00edch aktiv\u00edt si zvykaj\u00fa a u\u010dia sa z\u00e1kladn\u00e9 pou\u017e\u00edvanie cudz\u00edch jazykov aj prostredn\u00edctvom det\u00ed hovoriacich in\u00fdmi materinsk\u00fdmi jazykmi.<\/li>\r\n<li>Va\u0161e die\u0165a sa nau\u010d\u00ed z\u00e1klady komunik\u00e1cie v ma\u010farskom, slovenskom a anglickom jazyku.<\/li>\r\n<li>V\u00fdu\u010dba u n\u00e1s prebieha s\u00fabe\u017ene v ma\u010farskom, slovenskom a anglickom jazyku.<\/li>\r\n<\/ul>\r\n<h2><strong>12. Pou\u017e\u00edvame informa\u010dno-komunika\u010dn\u00e9 technol\u00f3gie (IKT)<\/strong><\/h2>\r\n<ul>\r\n<li>N\u00e1mety didaktick\u00fdch hier a eduka\u010dn\u00e9 softv\u00e9ry, v\u010faka ktor\u00fdm u det\u00ed v pred\u0161kolskom veku roz\u0161irujeme ich vzdel\u00e1vacie mo\u017enosti.<\/li>\r\n<li>Pracujeme s cielene vytvoren\u00fdm konkr\u00e9tnym u\u010divom pre\u00a0konkr\u00e9tnu vekov\u00fa skupinu.<\/li>\r\n<li>Do procesu u\u010denia det\u00ed sme zaradili ako m\u00e9dium tablet \u2013 s cie\u013eom zefekt\u00edvni\u0165 eduka\u010dn\u00fd proces. Pou\u017e\u00edvame v\u00fdlu\u010dne na audiovizu\u00e1lne vzdel\u00e1vanie. Maxim\u00e1lne 20 min\u00fat t\u00fd\u017edenne.<\/li>\r\n<li>Do procesu u\u010denia det\u00ed sme zaradili ako m\u00e9dium telev\u00edzor &#8211; s cie\u013eom zefekt\u00edvni\u0165 eduka\u010dn\u00fd proces. Pou\u017e\u00edvame v\u00fdlu\u010dne na audiovizu\u00e1lne vzdel\u00e1vanie. Maxim\u00e1lne 20 min\u00fat t\u00fd\u017edenne.<\/li>\r\n<\/ul>\r\n<p><strong>\u201eAk budeme dnes u\u010di\u0165 det\u00ed v\u010deraj\u0161\u00edmi met\u00f3dami, ukradneme im zajtraj\u0161ok.\u201c J. Dewey<\/strong><\/p>\r\n<h2><strong>13. Zabezpe\u010dujeme mo\u017enos\u0165 individu\u00e1lnej stravy v pr\u00edpade:<\/strong><\/h2>\r\n<ul>\r\n<li>intolerancie na lepok,<\/li>\r\n<li>intolerancie na lakt\u00f3zu a mlieko,<\/li>\r\n<li>cukrovky,<\/li>\r\n<li>n\u00edzkej histam\u00ednovej intolerancie.<\/li>\r\n<\/ul>\r\n<h2><strong>14. Prij\u00edmame deti, ak je rodi\u010d na materskej dovolenke.<\/strong><\/h2>\r\n<h2><strong>15. Prij\u00edmame deti z r\u00f4znych lokal\u00edt.<\/strong><\/h2>\r\n\r\n\r\n\r\n\r\n\r\n\r\n\r\n<p>&nbsp;<\/p>\r\n","protected":false},"excerpt":{"rendered":"<p>1. Viac ako 10 rokov profesion\u00e1lnych sk\u00fasenost\u00ed. 2. Na\u0161a matersk\u00e1 \u0161kola sa za posledn\u00fdch 10 rokov starala o viac ako 500 det\u00ed. 3. Ve\u013ek\u00fa \u010das\u0165 mesa\u010dn\u00e9ho poplatku investujeme sp\u00e4\u0165 do&hellip;<\/p>\n","protected":false},"author":1,"featured_media":1031,"parent":0,"menu_order":0,"comment_status":"closed","ping_status":"closed","template":"","meta":{"_monsterinsights_skip_tracking":false,"_monsterinsights_sitenote_active":false,"_monsterinsights_sitenote_note":"","_monsterinsights_sitenote_category":0,"footnotes":""},"_links":{"self":[{"href":"https:\/\/www.hoxfort.sk\/index.php?rest_route=\/wp\/v2\/pages\/174"}],"collection":[{"href":"https:\/\/www.hoxfort.sk\/index.php?rest_route=\/wp\/v2\/pages"}],"about":[{"href":"https:\/\/www.hoxfort.sk\/index.php?rest_route=\/wp\/v2\/types\/page"}],"author":[{"embeddable":true,"href":"https:\/\/www.hoxfort.sk\/index.php?rest_route=\/wp\/v2\/users\/1"}],"replies":[{"embeddable":true,"href":"https:\/\/www.hoxfort.sk\/index.php?rest_route=%2Fwp%2Fv2%2Fcomments&post=174"}],"version-history":[{"count":23,"href":"https:\/\/www.hoxfort.sk\/index.php?rest_route=\/wp\/v2\/pages\/174\/revisions"}],"predecessor-version":[{"id":2321,"href":"https:\/\/www.hoxfort.sk\/index.php?rest_route=\/wp\/v2\/pages\/174\/revisions\/2321"}],"wp:featuredmedia":[{"embeddable":true,"href":"https:\/\/www.hoxfort.sk\/index.php?rest_route=\/wp\/v2\/media\/1031"}],"wp:attachment":[{"href":"https:\/\/www.hoxfort.sk\/index.php?rest_route=%2Fwp%2Fv2%2Fmedia&parent=174"}],"curies":[{"name":"wp","href":"https:\/\/api.w.org\/{rel}","templated":true}]}}