{"id":171,"date":"2018-09-14T05:28:46","date_gmt":"2018-09-14T06:28:46","guid":{"rendered":"http:\/\/www.hoxfort.sk\/?page_id=171"},"modified":"2023-07-21T05:01:38","modified_gmt":"2023-07-21T06:01:38","slug":"charakteristika","status":"publish","type":"page","link":"https:\/\/www.hoxfort.sk\/?page_id=171","title":{"rendered":"CHARAKTERISTIKA"},"content":{"rendered":"\r\n<p><strong>HOXFORT, s\u00fakromn\u00e1 matersk\u00e1 \u0161kola<\/strong> je celoro\u010dn\u00e9 <strong>trilingv\u00e1lne (trojjazy\u010dn\u00e9)<\/strong> eduka\u010dn\u00e9 zariadenie <strong>pre deti od 2 do 6 rokov<\/strong> s prev\u00e1dzkou <strong>od 7:00 do 17:00.<\/strong> S\u00fabe\u017ene vyu\u010dujeme v troch vyu\u010dovac\u00edch jazykoch: anglickom, ma\u010farskom a slovenskom.<\/p>\r\n\r\n\r\n\r\n<p><strong>S\u00fakromn\u00e1 matersk\u00e1 \u0161kola HOXFORT<\/strong> je zameran\u00e1 na poskytovanie komplexnej starostlivosti o va\u0161e die\u0165a na vysokej odbornej a profesion\u00e1lnej \u00farovni, ktor\u00fa zabezpe\u010duj\u00fa vysoko\u0161kolsky vzdelan\u00ed odborn\u00edci. Z\u00e1kladn\u00fdm z\u00e1merom na\u0161ej s\u00fakromnej materskej \u0161koly je zabezpe\u010denie v\u00fdu\u010dby anglick\u00e9ho, ma\u010farsk\u00e9ho a slovensk\u00e9ho jazyka.<\/p>\r\n\r\n\r\n\r\n<p>Zria\u010fovate\u013eom a prev\u00e1dzkovate\u013eom s\u00fakromnej materskej \u0161koly HOXFORT je pr\u00e1vnick\u00e1 osoba:<\/p>\r\n\r\n\r\n\r\n<p>Hoxfort s.r.o.<br \/>Kuku\u010d\u00ednova 6666<br \/>929 01 Dunajsk\u00e1 Streda<br \/>I\u010cO:48 065 331<br \/>DI\u010c: 212 000 7560<br \/>zap\u00edsan\u00e1 v OR OS Trnava, oddiel: Sro vlo\u017eka \u010d. 35481\/T<\/p>\r\n","protected":false},"excerpt":{"rendered":"<p>HOXFORT, s\u00fakromn\u00e1 matersk\u00e1 \u0161kola je celoro\u010dn\u00e9 trilingv\u00e1lne (trojjazy\u010dn\u00e9) eduka\u010dn\u00e9 zariadenie pre deti od 2 do 6 rokov s prev\u00e1dzkou od 7:00 do 17:00. S\u00fabe\u017ene vyu\u010dujeme v troch vyu\u010dovac\u00edch jazykoch: anglickom,&hellip;<\/p>\n","protected":false},"author":1,"featured_media":1032,"parent":0,"menu_order":0,"comment_status":"closed","ping_status":"closed","template":"","meta":{"_monsterinsights_skip_tracking":false,"_monsterinsights_sitenote_active":false,"_monsterinsights_sitenote_note":"","_monsterinsights_sitenote_category":0,"footnotes":""},"_links":{"self":[{"href":"https:\/\/www.hoxfort.sk\/index.php?rest_route=\/wp\/v2\/pages\/171"}],"collection":[{"href":"https:\/\/www.hoxfort.sk\/index.php?rest_route=\/wp\/v2\/pages"}],"about":[{"href":"https:\/\/www.hoxfort.sk\/index.php?rest_route=\/wp\/v2\/types\/page"}],"author":[{"embeddable":true,"href":"https:\/\/www.hoxfort.sk\/index.php?rest_route=\/wp\/v2\/users\/1"}],"replies":[{"embeddable":true,"href":"https:\/\/www.hoxfort.sk\/index.php?rest_route=%2Fwp%2Fv2%2Fcomments&post=171"}],"version-history":[{"count":10,"href":"https:\/\/www.hoxfort.sk\/index.php?rest_route=\/wp\/v2\/pages\/171\/revisions"}],"predecessor-version":[{"id":1424,"href":"https:\/\/www.hoxfort.sk\/index.php?rest_route=\/wp\/v2\/pages\/171\/revisions\/1424"}],"wp:featuredmedia":[{"embeddable":true,"href":"https:\/\/www.hoxfort.sk\/index.php?rest_route=\/wp\/v2\/media\/1032"}],"wp:attachment":[{"href":"https:\/\/www.hoxfort.sk\/index.php?rest_route=%2Fwp%2Fv2%2Fmedia&parent=171"}],"curies":[{"name":"wp","href":"https:\/\/api.w.org\/{rel}","templated":true}]}}