{"id":1433,"date":"2023-07-21T05:51:35","date_gmt":"2023-07-21T06:51:35","guid":{"rendered":"https:\/\/www.hoxfort.sk\/?page_id=1433"},"modified":"2025-05-07T12:08:35","modified_gmt":"2025-05-07T13:08:35","slug":"tanitonenik","status":"publish","type":"page","link":"https:\/\/www.hoxfort.sk\/?page_id=1433&lang=hu","title":{"rendered":"TAN\u00cdT\u00d3N\u00c9NIK"},"content":{"rendered":"<p>Az \u00f3vod\u00e1s id\u0151szak a legfontosabb id\u0151szak a gyermek \u00e9let\u00e9ben, ami megalapozza a k\u00e9s\u0151bbi iskol\u00e1z\u00e1si folyamatot. \u00a0Figyelembe kell venni, hogy ez a h\u00e1rom \u00e9v a gyerek \u00e9let\u00e9nek az a peri\u00f3dusa, ami a fejl\u0151d\u00e9s l\u00e9lektanban kiemelt peri\u00f3dus. \u00c9ppen ez\u00e9rt nem mindegy, hogy ebben az id\u0151szakban a gyermekek szem\u00e9lyis\u00e9g\u00e9ben bek\u00f6vetkez\u0151 v\u00e1ltoz\u00e1sok milyen k\u00f6rnyezetben mennek v\u00e9gbe. \u00d3vod\u00e1saink nevel\u00e9s\u00e9t \u00e9s fejl\u0151d\u00e9s\u00e9t garant\u00e1l\u00f3 egyik legfontosabb t\u00e9nyez\u0151 a pedag\u00f3gus szem\u00e9lyis\u00e9ge. Ez\u00e9rt elk\u00f6telezettek vagyunk amellett, hogy k\u00e9pzett, tapasztalt \u00e9s pozit\u00edv hangulat\u00fa tan\u00edt\u00f3n\u00e9niket biztos\u00edtsunk gyermekeink sz\u00e1m\u00e1ra.<\/p>\n<h6>Denisa tan\u00edt\u00f3 n\u00e9ni<\/h6>\n<p><img loading=\"lazy\" decoding=\"async\" class=\"alignnone wp-image-1990 size-medium\" src=\"https:\/\/www.hoxfort.sk\/wp-content\/uploads\/2024\/07\/HOX.-print.-12-218x300.jpg\" alt=\"\" width=\"218\" height=\"300\" srcset=\"https:\/\/www.hoxfort.sk\/wp-content\/uploads\/2024\/07\/HOX.-print.-12-218x300.jpg 218w, https:\/\/www.hoxfort.sk\/wp-content\/uploads\/2024\/07\/HOX.-print.-12-743x1024.jpg 743w, https:\/\/www.hoxfort.sk\/wp-content\/uploads\/2024\/07\/HOX.-print.-12-768x1058.jpg 768w, https:\/\/www.hoxfort.sk\/wp-content\/uploads\/2024\/07\/HOX.-print.-12-1114x1536.jpg 1114w, https:\/\/www.hoxfort.sk\/wp-content\/uploads\/2024\/07\/HOX.-print.-12-1486x2048.jpg 1486w, https:\/\/www.hoxfort.sk\/wp-content\/uploads\/2024\/07\/HOX.-print.-12-140x193.jpg 140w, https:\/\/www.hoxfort.sk\/wp-content\/uploads\/2024\/07\/HOX.-print.-12-scaled.jpg 1857w\" sizes=\"(max-width: 218px) 100vw, 218px\" \/><\/p>\n<p><strong>Poz\u00edci\u00f3:<\/strong> magyar nyelv\u0171 oktat\u00e1s \u00e9s iskolafelk\u00e9sz\u00edt\u00e9s\u00e9\u00e9rt felel\u0151s szem\u00e9ly<\/p>\n<p><strong>Besz\u00e9lt nyelvek:<\/strong> magyar \u00e9s szlov\u00e1k nyelv<\/p>\n<hr \/>\n<h6>Veronika tan\u00edt\u00f3 n\u00e9ni<\/h6>\n<p><img loading=\"lazy\" decoding=\"async\" class=\"alignnone wp-image-1991 size-medium\" src=\"https:\/\/www.hoxfort.sk\/wp-content\/uploads\/2024\/07\/HOX.-print.-13-222x300.jpg\" alt=\"\" width=\"222\" height=\"300\" srcset=\"https:\/\/www.hoxfort.sk\/wp-content\/uploads\/2024\/07\/HOX.-print.-13-222x300.jpg 222w, https:\/\/www.hoxfort.sk\/wp-content\/uploads\/2024\/07\/HOX.-print.-13-757x1024.jpg 757w, https:\/\/www.hoxfort.sk\/wp-content\/uploads\/2024\/07\/HOX.-print.-13-768x1039.jpg 768w, https:\/\/www.hoxfort.sk\/wp-content\/uploads\/2024\/07\/HOX.-print.-13-1136x1536.jpg 1136w, https:\/\/www.hoxfort.sk\/wp-content\/uploads\/2024\/07\/HOX.-print.-13-1515x2048.jpg 1515w, https:\/\/www.hoxfort.sk\/wp-content\/uploads\/2024\/07\/HOX.-print.-13-140x189.jpg 140w, https:\/\/www.hoxfort.sk\/wp-content\/uploads\/2024\/07\/HOX.-print.-13-scaled.jpg 1893w\" sizes=\"(max-width: 222px) 100vw, 222px\" \/><\/p>\n<p><strong>Poz\u00edci\u00f3:<\/strong> angol nyelv\u0171 oktat\u00e1s \u00e9s iskolafelk\u00e9sz\u00edt\u00e9s\u00e9\u00e9rt felel\u0151s szem\u00e9ly<\/p>\n<p><strong>Besz\u00e9lt nyelvek:<\/strong> magyar, angol \u00e9s szlov\u00e1k nyelv<\/p>\n<hr \/>\n<h6>Kati tan\u00edt\u00f3 n\u00e9ni<\/h6>\n<p><img loading=\"lazy\" decoding=\"async\" class=\"alignnone wp-image-1992 size-medium\" src=\"https:\/\/www.hoxfort.sk\/wp-content\/uploads\/2024\/07\/HOX.-print.-14-219x300.jpg\" alt=\"\" width=\"219\" height=\"300\" srcset=\"https:\/\/www.hoxfort.sk\/wp-content\/uploads\/2024\/07\/HOX.-print.-14-219x300.jpg 219w, https:\/\/www.hoxfort.sk\/wp-content\/uploads\/2024\/07\/HOX.-print.-14-747x1024.jpg 747w, https:\/\/www.hoxfort.sk\/wp-content\/uploads\/2024\/07\/HOX.-print.-14-768x1053.jpg 768w, https:\/\/www.hoxfort.sk\/wp-content\/uploads\/2024\/07\/HOX.-print.-14-1121x1536.jpg 1121w, https:\/\/www.hoxfort.sk\/wp-content\/uploads\/2024\/07\/HOX.-print.-14-1494x2048.jpg 1494w, https:\/\/www.hoxfort.sk\/wp-content\/uploads\/2024\/07\/HOX.-print.-14-140x192.jpg 140w, https:\/\/www.hoxfort.sk\/wp-content\/uploads\/2024\/07\/HOX.-print.-14-scaled.jpg 1868w\" sizes=\"(max-width: 219px) 100vw, 219px\" \/><\/p>\n<p><strong>Poz\u00edci\u00f3:<\/strong> szlov\u00e1k nyelv\u0171 oktat\u00e1s \u00e9s iskolafelk\u00e9sz\u00edt\u00e9s\u00e9\u00e9rt felel\u0151s szem\u00e9ly<\/p>\n<p><strong>Besz\u00e9lt nyelvek:<\/strong> magyar \u00e9s szlov\u00e1k nyelv<\/p>\n","protected":false},"excerpt":{"rendered":"<p>Az \u00f3vod\u00e1s id\u0151szak a legfontosabb id\u0151szak a gyermek \u00e9let\u00e9ben, ami megalapozza a k\u00e9s\u0151bbi iskol\u00e1z\u00e1si folyamatot. \u00a0Figyelembe kell venni, hogy ez a h\u00e1rom \u00e9v a gyerek \u00e9let\u00e9nek az a peri\u00f3dusa, ami&hellip;<\/p>\n","protected":false},"author":2,"featured_media":0,"parent":0,"menu_order":0,"comment_status":"closed","ping_status":"closed","template":"","meta":{"_monsterinsights_skip_tracking":false,"_monsterinsights_sitenote_active":false,"_monsterinsights_sitenote_note":"","_monsterinsights_sitenote_category":0,"footnotes":""},"_links":{"self":[{"href":"https:\/\/www.hoxfort.sk\/index.php?rest_route=\/wp\/v2\/pages\/1433"}],"collection":[{"href":"https:\/\/www.hoxfort.sk\/index.php?rest_route=\/wp\/v2\/pages"}],"about":[{"href":"https:\/\/www.hoxfort.sk\/index.php?rest_route=\/wp\/v2\/types\/page"}],"author":[{"embeddable":true,"href":"https:\/\/www.hoxfort.sk\/index.php?rest_route=\/wp\/v2\/users\/2"}],"replies":[{"embeddable":true,"href":"https:\/\/www.hoxfort.sk\/index.php?rest_route=%2Fwp%2Fv2%2Fcomments&post=1433"}],"version-history":[{"count":14,"href":"https:\/\/www.hoxfort.sk\/index.php?rest_route=\/wp\/v2\/pages\/1433\/revisions"}],"predecessor-version":[{"id":2303,"href":"https:\/\/www.hoxfort.sk\/index.php?rest_route=\/wp\/v2\/pages\/1433\/revisions\/2303"}],"wp:attachment":[{"href":"https:\/\/www.hoxfort.sk\/index.php?rest_route=%2Fwp%2Fv2%2Fmedia&parent=1433"}],"curies":[{"name":"wp","href":"https:\/\/api.w.org\/{rel}","templated":true}]}}