{"id":13,"date":"2018-08-22T13:12:33","date_gmt":"2018-08-22T13:12:33","guid":{"rendered":"http:\/\/www.hoxfort.sk\/?page_id=13"},"modified":"2025-06-10T07:34:15","modified_gmt":"2025-06-10T08:34:15","slug":"kontakt","status":"publish","type":"page","link":"https:\/\/www.hoxfort.sk\/?page_id=13","title":{"rendered":"KONTAKT"},"content":{"rendered":"\r\n<h3 class=\"wp-block-heading\">Kontakt:<\/h3>\r\n\r\n\r\n\r\n<p>HOXFORT s\u00fakromn\u00e1 matersk\u00e1 \u0161kola,<br \/>Kuku\u010d\u00ednov\u00e1\u00a0 ul. 6666,<br \/>929 01 Dunajsk\u00e1 Streda<\/p>\r\n\r\n\r\n\r\n<p>e-mail: <a href=\"mailto:hoxfort@hoxfort.sk\">hoxfort@hoxfort.sk<\/a><br \/>tel: +421 948 388 565<\/p>\r\n<p><img loading=\"lazy\" decoding=\"async\" class=\"alignnone wp-image-2383 size-medium\" src=\"https:\/\/www.hoxfort.sk\/wp-content\/uploads\/2025\/06\/DJI_0180-231x300.jpg\" alt=\"\" width=\"231\" height=\"300\" srcset=\"https:\/\/www.hoxfort.sk\/wp-content\/uploads\/2025\/06\/DJI_0180-231x300.jpg 231w, https:\/\/www.hoxfort.sk\/wp-content\/uploads\/2025\/06\/DJI_0180-788x1024.jpg 788w, https:\/\/www.hoxfort.sk\/wp-content\/uploads\/2025\/06\/DJI_0180-768x998.jpg 768w, https:\/\/www.hoxfort.sk\/wp-content\/uploads\/2025\/06\/DJI_0180-1182x1536.jpg 1182w, https:\/\/www.hoxfort.sk\/wp-content\/uploads\/2025\/06\/DJI_0180-1576x2048.jpg 1576w, https:\/\/www.hoxfort.sk\/wp-content\/uploads\/2025\/06\/DJI_0180-140x182.jpg 140w, https:\/\/www.hoxfort.sk\/wp-content\/uploads\/2025\/06\/DJI_0180.jpg 1721w\" sizes=\"(max-width: 231px) 100vw, 231px\" \/><\/p>\r\n\r\n\r\n\r\n<p>Mapa:<\/p>\r\n\r\n\r\n<style>.gm-style-iw { line-height: inherit !important;}<\/style><div class=\"wpgmp_map_container \" rel=\"map1\"><div class=\"wpgmp_map_parent\"><div class=\"wpgmp_map \" style=\"width:100%; height:400px;\" id=\"map1\" ><\/div><\/div><\/div><div style=\"display:none !important;visiblity:hidden !important:width:0px;height:0px;padding:0px;margin:0px;\" class=\"wpgmp-map-data-container\" data-map-id=\"1\">eyJtYXBfb3B0aW9ucyI6eyJjZW50ZXJfbGF0IjoiNDcuOTkyODM4IiwiY2VudGVyX2xuZyI6IjE3LjYxMzE0MyIsInpvb20iOjE2LCJtYXBfdHlwZV9pZCI6IlJPQURNQVAiLCJmaXRfYm91bmRzIjpmYWxzZSwiZHJhZ2dhYmxlIjp0cnVlLCJzY3JvbGxfd2hlZWwiOmZhbHNlLCJkaXNwbGF5XzQ1X2ltYWdlcnkiOiIiLCJtYXJrZXJfZGVmYXVsdF9pY29uIjoiaHR0cDpcL1wvd3d3LmhveGZvcnQuc2tcL3dwLWNvbnRlbnRcL3VwbG9hZHNcLzIwMThcLzA5XC9Tb3ZhbWFwYS0xLmpwZyIsImluZm93aW5kb3dfc2V0dGluZyI6IiIsImluZm93aW5kb3dfYm91bmNlX2FuaW1hdGlvbiI6IiIsImluZm93aW5kb3dfZHJvcF9hbmltYXRpb24iOmZhbHNlLCJjbG9zZV9pbmZvd2luZG93X29uX21hcF9jbGljayI6ZmFsc2UsImluZm93aW5kb3dfc2tpbiI6IiIsImRlZmF1bHRfaW5mb3dpbmRvd19vcGVuIjpmYWxzZSwiaW5mb3dpbmRvd19vcGVuX2V2ZW50IjoiY2xpY2siLCJmdWxsX3NjcmVlbl9jb250cm9sIjp0cnVlLCJzZWFyY2hfY29udHJvbCI6dHJ1ZSwiem9vbV9jb250cm9sIjp0cnVlLCJtYXBfdHlwZV9jb250cm9sIjp0cnVlLCJzdHJlZXRfdmlld19jb250cm9sIjpmYWxzZSwiZnVsbF9zY3JlZW5fY29udHJvbF9wb3NpdGlvbiI6IlRPUF9SSUdIVCIsInNlYXJjaF9jb250cm9sX3Bvc2l0aW9uIjoiVE9QX0xFRlQiLCJ6b29tX2NvbnRyb2xfcG9zaXRpb24iOiJUT1BfTEVGVCIsIm1hcF90eXBlX2NvbnRyb2xfcG9zaXRpb24iOiJUT1BfUklHSFQiLCJtYXBfdHlwZV9jb250cm9sX3N0eWxlIjoiSE9SSVpPTlRBTF9CQVIiLCJzdHJlZXRfdmlld19jb250cm9sX3Bvc2l0aW9uIjoiVE9QX0xFRlQiLCJtYXBfY29udHJvbCI6dHJ1ZSwibWFwX2NvbnRyb2xfc2V0dGluZ3MiOmZhbHNlLCJtYXBfem9vbV9hZnRlcl9zZWFyY2giOjYsIndpZHRoIjoiIiwiaGVpZ2h0IjoiNDAwIn0sInBsYWNlcyI6W3siaWQiOiIxIiwidGl0bGUiOiJIT1hGT1JUIiwiYWRkcmVzcyI6IkhveGZvcnQsIEt1a3VcdTAxMGRcdTAwZWRub3ZhIDY2NjYsIER1bmFqc2tcdTAwZTEgU3RyZWRhIiwic291cmNlIjoibWFudWFsIiwiY29udGVudCI6IkhPWEZPUlQiLCJsb2NhdGlvbiI6eyJpY29uIjoiaHR0cDpcL1wvd3d3LmhveGZvcnQuc2tcL3dwLWNvbnRlbnRcL3VwbG9hZHNcLzIwMThcLzA5XC9Tb3ZhbWFwYS0xLmpwZyIsImxhdCI6IjQ3Ljk5MjgzOCIsImxuZyI6IjE3LjYxMzE0MyIsImNpdHkiOiJEdW5hanNrXHUwMGUxIFN0cmVkYSIsInN0YXRlIjoiU2xvdmFraWEiLCJjb3VudHJ5IjoiU2xvdmFraWEiLCJvbmNsaWNrX2FjdGlvbiI6Im1hcmtlciIsInJlZGlyZWN0X2N1c3RvbV9saW5rIjoiIiwibWFya2VyX2ltYWdlIjoiIiwib3Blbl9uZXdfdGFiIjoieWVzIiwicG9zdGFsX2NvZGUiOiIiLCJkcmFnZ2FibGUiOmZhbHNlLCJpbmZvd2luZG93X2RlZmF1bHRfb3BlbiI6ZmFsc2UsImFuaW1hdGlvbiI6IkJPVU5DRSIsImluZm93aW5kb3dfZGlzYWJsZSI6dHJ1ZSwiem9vbSI6NSwiZXh0cmFfZmllbGRzIjoiIn0sImNhdGVnb3JpZXMiOltdLCJjdXN0b21fZmlsdGVycyI6IiJ9XSwic3R5bGVzIjoiIiwibGlzdGluZyI6IiIsIm1hcmtlcl9jbHVzdGVyIjoiIiwibWFwX3Byb3BlcnR5Ijp7Im1hcF9pZCI6IjEiLCJkZWJ1Z19tb2RlIjpmYWxzZX19<\/div>\n","protected":false},"excerpt":{"rendered":"<p>Kontakt: HOXFORT s\u00fakromn\u00e1 matersk\u00e1 \u0161kola,Kuku\u010d\u00ednov\u00e1\u00a0 ul. 6666,929 01 Dunajsk\u00e1 Streda e-mail: hoxfort@hoxfort.sktel: +421 948 388 565 Mapa:<\/p>\n","protected":false},"author":1,"featured_media":0,"parent":0,"menu_order":0,"comment_status":"closed","ping_status":"closed","template":"","meta":{"_monsterinsights_skip_tracking":false,"_monsterinsights_sitenote_active":false,"_monsterinsights_sitenote_note":"","_monsterinsights_sitenote_category":0,"footnotes":""},"_links":{"self":[{"href":"https:\/\/www.hoxfort.sk\/index.php?rest_route=\/wp\/v2\/pages\/13"}],"collection":[{"href":"https:\/\/www.hoxfort.sk\/index.php?rest_route=\/wp\/v2\/pages"}],"about":[{"href":"https:\/\/www.hoxfort.sk\/index.php?rest_route=\/wp\/v2\/types\/page"}],"author":[{"embeddable":true,"href":"https:\/\/www.hoxfort.sk\/index.php?rest_route=\/wp\/v2\/users\/1"}],"replies":[{"embeddable":true,"href":"https:\/\/www.hoxfort.sk\/index.php?rest_route=%2Fwp%2Fv2%2Fcomments&post=13"}],"version-history":[{"count":11,"href":"https:\/\/www.hoxfort.sk\/index.php?rest_route=\/wp\/v2\/pages\/13\/revisions"}],"predecessor-version":[{"id":2434,"href":"https:\/\/www.hoxfort.sk\/index.php?rest_route=\/wp\/v2\/pages\/13\/revisions\/2434"}],"wp:attachment":[{"href":"https:\/\/www.hoxfort.sk\/index.php?rest_route=%2Fwp%2Fv2%2Fmedia&parent=13"}],"curies":[{"name":"wp","href":"https:\/\/api.w.org\/{rel}","templated":true}]}}