{"id":1229,"date":"2022-10-21T11:46:07","date_gmt":"2022-10-21T12:46:07","guid":{"rendered":"http:\/\/www.hoxfort.sk\/?page_id=1229"},"modified":"2025-07-09T05:38:21","modified_gmt":"2025-07-09T06:38:21","slug":"angol-tanar","status":"publish","type":"page","link":"https:\/\/www.hoxfort.sk\/?page_id=1229&lang=hu","title":{"rendered":"Angol oktat\u00f3"},"content":{"rendered":"<h1><strong>Lektorka \/ Lektor anglick\u00e9ho jazyka<\/strong><\/h1>\n<p><strong style=\"color: #008000;\">Poz\u00edcia vyhovuj\u00faca pre uch\u00e1dza\u010da so vzdelan\u00edm, absolventa aj \u0161tudenta dia\u013ekov\u00e9ho \u0161t\u00fadia v odbore. Jazykov\u00e9 certifik\u00e1ty a \u0161t\u00e1tne jazykov\u00e9 sk\u00fa\u0161ky s\u00fa v\u00edtanou v\u00fdhodou, ale nie podmienkou.<\/strong><\/p>\n<div class=\"entry-content\">\n<div class=\"entry-content\">\n<p>stredo\u0161kolsk\u00e9 s maturitou<br \/>\nnadstavbov\u00e9\/vy\u0161\u0161ie odborn\u00e9 vzdelanie<br \/>\n\u0161tudent vysokej \u0161koly<br \/>\nvysoko\u0161kolsk\u00e9 I. stup\u0148a<br \/>\nvysoko\u0161kolsk\u00e9 II. stup\u0148a<\/p>\n<p><strong>Miesto pr\u00e1ce<\/strong><br \/>\nKuku\u010d\u00ednova 6666, Dunajsk\u00e1 Streda<\/p>\n<p><strong>Druh pracovn\u00e9ho pomeru<\/strong><br \/>\npln\u00fd \u00fav\u00e4zok<\/p>\n<p><strong>Pracovn\u00fd \u010das\u00a0<\/strong>(pondelok-piatok)<\/p>\n<p><b>n\/a<\/b><\/p>\n<p><strong>Term\u00edn n\u00e1stupu<\/strong><br \/>\n<strong><span style=\"color: #ff0000;\">Poz\u00edcia je obsaden\u00e1<\/span><\/strong><\/p>\n<p><strong>Mzdov\u00e9 podmienky\u00a0<\/strong><br \/>\nn\/a<\/p>\n<p><strong>N\u00e1pl\u0148 pr\u00e1ce, pr\u00e1vomoci a zodpovednosti<\/strong><\/p>\n<p>v\u00fdchovno-vzdel\u00e1vacia a komunika\u010dn\u00e1 \u010dinnos\u0165 v AJ zameran\u00e1 na rozvoj det\u00ed M\u0160 2,5-6 rokov<\/p>\n<p><strong>Kontakt<\/strong><\/p>\n<p>Motiva\u010dn\u00fd list spolu so \u017eivotopisom v slovenskom jazyku zasielajte na <a href=\"mailto:hoxfort@hoxfort.sk\">hoxfort@hoxfort.sk<\/a> Do predmetu spr\u00e1vy uve\u010fte pros\u00edm Lektorka\/ Lektor AJ.<br \/>\nKontaktova\u0165 budem len t\u00fdch, ktor\u00ed sp\u013a\u0148aj\u00fa uveden\u00e9 krit\u00e9ri\u00e1.<br \/>\n\u010eakujem v\u0161etk\u00fdm uch\u00e1dza\u010dom za prejaven\u00fd z\u00e1ujem.<\/p>\n<\/div>\n<\/div>\n","protected":false},"excerpt":{"rendered":"<p>Lektorka \/ Lektor anglick\u00e9ho jazyka Poz\u00edcia vyhovuj\u00faca pre uch\u00e1dza\u010da so vzdelan\u00edm, absolventa aj \u0161tudenta dia\u013ekov\u00e9ho \u0161t\u00fadia v odbore. Jazykov\u00e9 certifik\u00e1ty a \u0161t\u00e1tne jazykov\u00e9 sk\u00fa\u0161ky s\u00fa v\u00edtanou v\u00fdhodou, ale nie podmienkou.&hellip;<\/p>\n","protected":false},"author":1,"featured_media":0,"parent":0,"menu_order":0,"comment_status":"closed","ping_status":"closed","template":"","meta":{"_monsterinsights_skip_tracking":false,"_monsterinsights_sitenote_active":false,"_monsterinsights_sitenote_note":"","_monsterinsights_sitenote_category":0,"footnotes":""},"_links":{"self":[{"href":"https:\/\/www.hoxfort.sk\/index.php?rest_route=\/wp\/v2\/pages\/1229"}],"collection":[{"href":"https:\/\/www.hoxfort.sk\/index.php?rest_route=\/wp\/v2\/pages"}],"about":[{"href":"https:\/\/www.hoxfort.sk\/index.php?rest_route=\/wp\/v2\/types\/page"}],"author":[{"embeddable":true,"href":"https:\/\/www.hoxfort.sk\/index.php?rest_route=\/wp\/v2\/users\/1"}],"replies":[{"embeddable":true,"href":"https:\/\/www.hoxfort.sk\/index.php?rest_route=%2Fwp%2Fv2%2Fcomments&post=1229"}],"version-history":[{"count":22,"href":"https:\/\/www.hoxfort.sk\/index.php?rest_route=\/wp\/v2\/pages\/1229\/revisions"}],"predecessor-version":[{"id":2516,"href":"https:\/\/www.hoxfort.sk\/index.php?rest_route=\/wp\/v2\/pages\/1229\/revisions\/2516"}],"wp:attachment":[{"href":"https:\/\/www.hoxfort.sk\/index.php?rest_route=%2Fwp%2Fv2%2Fmedia&parent=1229"}],"curies":[{"name":"wp","href":"https:\/\/api.w.org\/{rel}","templated":true}]}}