{"id":11,"date":"2018-08-22T13:12:25","date_gmt":"2018-08-22T13:12:25","guid":{"rendered":"http:\/\/www.hoxfort.sk\/?page_id=11"},"modified":"2021-07-22T06:38:56","modified_gmt":"2021-07-22T07:38:56","slug":"caste-otazky","status":"publish","type":"page","link":"https:\/\/www.hoxfort.sk\/?page_id=11","title":{"rendered":"\u010cAST\u00c9 OT\u00c1ZKY"},"content":{"rendered":"\n<h4 class=\"wp-block-heading\">1. Odkedy je \u0161k\u00f4lka\notvoren\u00e1 a&nbsp;dokedy m\u00f4\u017eem svoje die\u0165a prinies\u0165?<\/h4>\n\n\n\n<p>Na\u0161a \u0161k\u00f4lka je otvoren\u00e1 od 7:00, svoje die\u0165a m\u00f4\u017eete prinies\u0165 do 9:00. <\/p>\n\n\n\n<p>O 9:00 sa uskuto\u010d\u0148uje zatv\u00e1ranie br\u00e1ny, op\u00e4tovn\u00fd vstup do M\u0160 je mo\u017en\u00fd len o\u00a010:15, po Eduka\u010dnej aktivite.<\/p>\n\n\n\n<h4 class=\"wp-block-heading\">2. M\u00f4\u017eeme si zobra\u0165 hra\u010dku do \u0161k\u00f4lky?<\/h4>\n\n\n\n<p>Die\u0165a\nsi m\u00f4\u017ee prinies\u0165 do M\u0160 tak\u00fd predmet alebo hra\u010dku, ktor\u00e1 ho upokojuje\na&nbsp;evokuje teplo rodiny (napr. m\u00e4kk\u00fa ply\u0161ov\u00fa hra\u010dku). Prinies\u0165 nebezpe\u010dn\u00e9\npredmety, ktor\u00e9 m\u00f4\u017eu sp\u00f4sobi\u0165 nehodu, hlu\u010dn\u00e9 a&nbsp;hlasn\u00e9 hra\u010dky do M\u0160 je zak\u00e1zan\u00e9.\nMatersk\u00e1 \u0161kola nie je zodpovedn\u00e1 za prinesen\u00e9 predmety.<\/p>\n\n\n\n<h4 class=\"wp-block-heading\">3. \u010co m\u00e1me zabezpe\u010di\u0165 die\u0165a\u0165u na pobyt v&nbsp;\u0161k\u00f4lke?<\/h4>\n\n\n\n<p>Rodi\u010dia\nmaj\u00fa zabezpe\u010di\u0165 n\u00e1hradn\u00e9 oble\u010denie v&nbsp;pr\u00edpade potreby, obuv pou\u017e\u00edvan\u00fa v&nbsp;interi\u00e9ri,\ndetsk\u00e9 py\u017eamo, zubn\u00fa kefku a&nbsp;pastu popr. poh\u00e1r \u2013 pod\u013ea va\u0161ej predstavy na\ndodr\u017eiavanie dent\u00e1lnej hygieny. Po\u010das sp\u00e1nku pou\u017e\u00edvan\u00e9 plienky a&nbsp;vlh\u010den\u00e9\nutierky m\u00e1 zabezpe\u010di\u0165 rodi\u010d die\u0165a\u0165a.<\/p>\n\n\n\n<h4 class=\"wp-block-heading\">4. Ako m\u00e1me nahl\u00e1si\u0165 ochorenie die\u0165a\u0165a?<\/h4>\n\n\n\n<p class=\"has-text-align-left\">Nepr\u00edtomnos\u0165\ndie\u0165a\u0165a nahl\u00e1si rodi\u010d prostredn\u00edctvom SMS spr\u00e1vy vopred, najnesk\u00f4r v\u0161ak do 7:30\nhod. v&nbsp;de\u0148 nepr\u00edtomnosti na nasleduj\u00face tel. \u010d\u00edslo: 0948\/358 048.<\/p>\n\n\n\n<h4 class=\"wp-block-heading\">5. Kedy id\u00fa spa\u0165 a&nbsp;ko\u013eko spia?<\/h4>\n\n\n\n<p class=\"has-text-align-left\"> Sp\u00e1nok v\u00a0M\u0160 sa uskuto\u010d\u0148uje cca od 12:30 do 14:30. <\/p>\n","protected":false},"excerpt":{"rendered":"<p>1. Odkedy je \u0161k\u00f4lka otvoren\u00e1 a&nbsp;dokedy m\u00f4\u017eem svoje die\u0165a prinies\u0165? Na\u0161a \u0161k\u00f4lka je otvoren\u00e1 od 7:00, svoje die\u0165a m\u00f4\u017eete prinies\u0165 do 9:00. O 9:00 sa uskuto\u010d\u0148uje zatv\u00e1ranie br\u00e1ny, op\u00e4tovn\u00fd vstup&hellip;<\/p>\n","protected":false},"author":1,"featured_media":0,"parent":0,"menu_order":0,"comment_status":"closed","ping_status":"closed","template":"","meta":{"_monsterinsights_skip_tracking":false,"_monsterinsights_sitenote_active":false,"_monsterinsights_sitenote_note":"","_monsterinsights_sitenote_category":0,"footnotes":""},"_links":{"self":[{"href":"https:\/\/www.hoxfort.sk\/index.php?rest_route=\/wp\/v2\/pages\/11"}],"collection":[{"href":"https:\/\/www.hoxfort.sk\/index.php?rest_route=\/wp\/v2\/pages"}],"about":[{"href":"https:\/\/www.hoxfort.sk\/index.php?rest_route=\/wp\/v2\/types\/page"}],"author":[{"embeddable":true,"href":"https:\/\/www.hoxfort.sk\/index.php?rest_route=\/wp\/v2\/users\/1"}],"replies":[{"embeddable":true,"href":"https:\/\/www.hoxfort.sk\/index.php?rest_route=%2Fwp%2Fv2%2Fcomments&post=11"}],"version-history":[{"count":21,"href":"https:\/\/www.hoxfort.sk\/index.php?rest_route=\/wp\/v2\/pages\/11\/revisions"}],"predecessor-version":[{"id":938,"href":"https:\/\/www.hoxfort.sk\/index.php?rest_route=\/wp\/v2\/pages\/11\/revisions\/938"}],"wp:attachment":[{"href":"https:\/\/www.hoxfort.sk\/index.php?rest_route=%2Fwp%2Fv2%2Fmedia&parent=11"}],"curies":[{"name":"wp","href":"https:\/\/api.w.org\/{rel}","templated":true}]}}